{"id":940,"date":"2023-07-10T13:27:38","date_gmt":"2023-07-10T13:27:38","guid":{"rendered":"https:\/\/ortoger.pt\/?post_type=product&#038;p=940"},"modified":"2023-08-15T18:18:58","modified_gmt":"2023-08-15T18:18:58","slug":"quadripe-base-estreita-aluminio","status":"publish","type":"product","link":"https:\/\/ortoger.pt\/?product=quadripe-base-estreita-aluminio","title":{"rendered":"Quadrip\u00e9 Base Estreita Alum\u00ednio"},"content":{"rendered":"<p class=\"mb-2\"><b>Dimens\u00f5es<\/b>: Dimens\u00f5es: 20x15x20<\/p>\n<p class=\"mb-2\"><b>Cor<\/b>: Cinzento<\/p>\n<p class=\"mb-2\"><b>Perfil e Instru\u00e7\u00f5es de Utiliza\u00e7\u00e3o<\/b>: Finalidade: S\u00e3o auxiliares manuseados por um bra\u00e7o, adequados para apoiar e \/ ou auxiliar a mobilidade de pessoas com dificuldades de locomo\u00e7\u00e3o;<\/p>\n<p class=\"mb-2\">\u00a01. Segure o dispositivo com a m\u00e3o oposta \u00e0 perna fraca e com o lado mais comprido do ber\u00e7o voltado para dentro;<\/p>\n<p class=\"mb-2\">2. Traga o dispositivo para frente junto com o p\u00e9 da perna fraca, colocando todo o peso na perna mais forte;<\/p>\n<p class=\"mb-2\">3. Ao caminhar, tome cuidado para n\u00e3o colocar o dispositivo muito pr\u00f3ximo ao corpo para evitar trope\u00e7ar em uma das pontas ou muito longe para evitar desequil\u00edbrio;<\/p>\n<p class=\"mb-2\">4. No caso de utiliza\u00e7\u00e3o em escadas, verifique se as dimens\u00f5es do degrau s\u00e3o suficientes para conter a base do aparelho.<\/p>\n<p class=\"mb-2\"><b>Peso do artigo<\/b>: 0,950\u00a0Kg<\/p>\n","protected":false},"excerpt":{"rendered":"<p>Dimens\u00f5es: Dimens\u00f5es: 20x15x20 Cor: Cinzento Perfil e Instru\u00e7\u00f5es de Utiliza\u00e7\u00e3o: Finalidade: S\u00e3o auxiliares manuseados por um bra\u00e7o, adequados para apoiar e \/ ou auxiliar a mobilidade de pessoas com dificuldades de locomo\u00e7\u00e3o; \u00a01. Segure o dispositivo com a m\u00e3o oposta \u00e0 perna fraca e com o lado mais comprido do ber\u00e7o voltado para dentro; 2. [&hellip;]<\/p>\n","protected":false},"featured_media":941,"comment_status":"closed","ping_status":"closed","template":"","meta":{"_acf_changed":false,"jetpack_post_was_ever_published":false,"jetpack_publicize_message":"","jetpack_publicize_feature_enabled":true,"jetpack_social_post_already_shared":true,"jetpack_social_options":{"image_generator_settings":{"template":"highway","default_image_id":0,"font":"","enabled":false},"version":2}},"product_brand":[],"product_cat":[229,397],"product_tag":[221,115,233],"class_list":{"0":"post-940","1":"product","2":"type-product","3":"status-publish","4":"has-post-thumbnail","6":"product_cat-auxiliares-de-marcha","7":"product_cat-canadianas-bengalas-tripes-e-ou-quadripes","8":"product_tag-aluminio","9":"product_tag-apoio","10":"product_tag-marcha","12":"first","13":"instock","14":"shipping-taxable","15":"product-type-simple"},"acf":[],"jetpack_publicize_connections":[],"jetpack_sharing_enabled":true,"_links":{"self":[{"href":"https:\/\/ortoger.pt\/index.php?rest_route=\/wp\/v2\/product\/940","targetHints":{"allow":["GET"]}}],"collection":[{"href":"https:\/\/ortoger.pt\/index.php?rest_route=\/wp\/v2\/product"}],"about":[{"href":"https:\/\/ortoger.pt\/index.php?rest_route=\/wp\/v2\/types\/product"}],"replies":[{"embeddable":true,"href":"https:\/\/ortoger.pt\/index.php?rest_route=%2Fwp%2Fv2%2Fcomments&post=940"}],"wp:featuredmedia":[{"embeddable":true,"href":"https:\/\/ortoger.pt\/index.php?rest_route=\/wp\/v2\/media\/941"}],"wp:attachment":[{"href":"https:\/\/ortoger.pt\/index.php?rest_route=%2Fwp%2Fv2%2Fmedia&parent=940"}],"wp:term":[{"taxonomy":"product_brand","embeddable":true,"href":"https:\/\/ortoger.pt\/index.php?rest_route=%2Fwp%2Fv2%2Fproduct_brand&post=940"},{"taxonomy":"product_cat","embeddable":true,"href":"https:\/\/ortoger.pt\/index.php?rest_route=%2Fwp%2Fv2%2Fproduct_cat&post=940"},{"taxonomy":"product_tag","embeddable":true,"href":"https:\/\/ortoger.pt\/index.php?rest_route=%2Fwp%2Fv2%2Fproduct_tag&post=940"}],"curies":[{"name":"wp","href":"https:\/\/api.w.org\/{rel}","templated":true}]}}