{"id":2518,"date":"2025-04-13T12:47:23","date_gmt":"2025-04-13T12:47:23","guid":{"rendered":"https:\/\/ortoger.pt\/?post_type=product&#038;p=2518"},"modified":"2025-04-13T12:50:50","modified_gmt":"2025-04-13T12:50:50","slug":"andarilho-encartar-com-4-rodas-cesto-e-assento","status":"publish","type":"product","link":"https:\/\/ortoger.pt\/?product=andarilho-encartar-com-4-rodas-cesto-e-assento","title":{"rendered":"Andarilho encartar com 4 rodas e cesto"},"content":{"rendered":"<p>Caracter\u00edsticas:<\/p>\n<p>&#8211; Modelo de encartar<br \/>\n&#8211; A abertura r\u00e1pida, permite uma f\u00e1cil utiliza\u00e7\u00e3o e conforto;<br \/>\n&#8211; Travagem por press\u00e3o;<br \/>\n&#8211; Possui um cesto remov\u00edvel;<\/p>\n<p>Caracter\u00edsticas T\u00e9cnicas:<\/p>\n<p>Estrutura: Alum\u00ednio, PVC, Nylon;<br \/>\nCor: vermelho;<br \/>\nComprimento Total: 73cm;<br \/>\nComprimento sem rodas: 54 cm;<br \/>\nAltura Total: 85,5-101 cm;<br \/>\nLargura Total: 52 cm;<br \/>\nLargura do assento: 35 cm;<br \/>\nProfundidade : 25 cm;<br \/>\nPeso: 7 Kg;<br \/>\nPeso m\u00e1ximo do utilizador: 136 Kg;<\/p>\n","protected":false},"excerpt":{"rendered":"<p>Caracter\u00edsticas: &#8211; Modelo de encartar &#8211; A abertura r\u00e1pida, permite uma f\u00e1cil utiliza\u00e7\u00e3o e conforto; &#8211; Travagem por press\u00e3o; &#8211; Possui um cesto remov\u00edvel; Caracter\u00edsticas T\u00e9cnicas: Estrutura: Alum\u00ednio, PVC, Nylon; Cor: vermelho; Comprimento Total: 73cm; Comprimento sem rodas: 54 cm; Altura Total: 85,5-101 cm; Largura Total: 52 cm; Largura do assento: 35 cm; Profundidade : [&hellip;]<\/p>\n","protected":false},"featured_media":2519,"comment_status":"closed","ping_status":"closed","template":"","meta":{"_acf_changed":false,"jetpack_post_was_ever_published":false,"jetpack_publicize_message":"","jetpack_publicize_feature_enabled":true,"jetpack_social_post_already_shared":true,"jetpack_social_options":{"image_generator_settings":{"template":"highway","default_image_id":0,"font":"","enabled":false},"version":2}},"product_brand":[],"product_cat":[394,229],"product_tag":[419,395,843,841],"class_list":{"0":"post-2518","1":"product","2":"type-product","3":"status-publish","4":"has-post-thumbnail","6":"product_cat-andarilhos","7":"product_cat-auxiliares-de-marcha","8":"product_tag-4-rodas","9":"product_tag-andarilho","10":"product_tag-assento","11":"product_tag-cesto","13":"first","14":"instock","15":"shipping-taxable","16":"product-type-simple"},"acf":[],"jetpack_publicize_connections":[],"jetpack_sharing_enabled":true,"_links":{"self":[{"href":"https:\/\/ortoger.pt\/index.php?rest_route=\/wp\/v2\/product\/2518","targetHints":{"allow":["GET"]}}],"collection":[{"href":"https:\/\/ortoger.pt\/index.php?rest_route=\/wp\/v2\/product"}],"about":[{"href":"https:\/\/ortoger.pt\/index.php?rest_route=\/wp\/v2\/types\/product"}],"replies":[{"embeddable":true,"href":"https:\/\/ortoger.pt\/index.php?rest_route=%2Fwp%2Fv2%2Fcomments&post=2518"}],"wp:featuredmedia":[{"embeddable":true,"href":"https:\/\/ortoger.pt\/index.php?rest_route=\/wp\/v2\/media\/2519"}],"wp:attachment":[{"href":"https:\/\/ortoger.pt\/index.php?rest_route=%2Fwp%2Fv2%2Fmedia&parent=2518"}],"wp:term":[{"taxonomy":"product_brand","embeddable":true,"href":"https:\/\/ortoger.pt\/index.php?rest_route=%2Fwp%2Fv2%2Fproduct_brand&post=2518"},{"taxonomy":"product_cat","embeddable":true,"href":"https:\/\/ortoger.pt\/index.php?rest_route=%2Fwp%2Fv2%2Fproduct_cat&post=2518"},{"taxonomy":"product_tag","embeddable":true,"href":"https:\/\/ortoger.pt\/index.php?rest_route=%2Fwp%2Fv2%2Fproduct_tag&post=2518"}],"curies":[{"name":"wp","href":"https:\/\/api.w.org\/{rel}","templated":true}]}}