{"id":2516,"date":"2025-04-13T12:16:22","date_gmt":"2025-04-13T12:16:22","guid":{"rendered":"https:\/\/ortoger.pt\/?post_type=product&#038;p=2516"},"modified":"2025-04-13T12:16:22","modified_gmt":"2025-04-13T12:16:22","slug":"andarilho-encartar-com-4-rodas-bolsa-e-assento","status":"publish","type":"product","link":"https:\/\/ortoger.pt\/?product=andarilho-encartar-com-4-rodas-bolsa-e-assento","title":{"rendered":"Andarilho encartar com 4 rodas, bolsa e assento"},"content":{"rendered":"<p>Andarilho com 4 rodas, bolsa e assento.<\/p>\n<p>Caracter\u00edsticas:<br \/>\n&#8211; Modelo de encartar<br \/>\n&#8211; A abertura r\u00e1pida, permite uma f\u00e1cil utiliza\u00e7\u00e3o e conforto;<br \/>\n&#8211; Trav\u00f5es por cabo;<br \/>\n&#8211; Possui um cesto removiv\u00e9l;<\/p>\n<p>Caracter\u00edsticas T\u00e9cnicas:<\/p>\n<p>Estrutura: Alum\u00ednio, PVC, Nylon;<br \/>\nCor: Azul e Preto;<br \/>\nComprimento Total: 66,5cm;<br \/>\nAltura Total: 79,5-93 cm;<br \/>\nLargura Total: 64 cm;<br \/>\nPeso: 8,8 Kg;<br \/>\nPeso m\u00e1ximo do utilizador: 136 Kg;<\/p>\n","protected":false},"excerpt":{"rendered":"<p>Andarilho com 4 rodas, bolsa e assento. Caracter\u00edsticas: &#8211; Modelo de encartar &#8211; A abertura r\u00e1pida, permite uma f\u00e1cil utiliza\u00e7\u00e3o e conforto; &#8211; Trav\u00f5es por cabo; &#8211; Possui um cesto removiv\u00e9l; Caracter\u00edsticas T\u00e9cnicas: Estrutura: Alum\u00ednio, PVC, Nylon; Cor: Azul e Preto; Comprimento Total: 66,5cm; Altura Total: 79,5-93 cm; Largura Total: 64 cm; Peso: 8,8 Kg; [&hellip;]<\/p>\n","protected":false},"featured_media":2517,"comment_status":"closed","ping_status":"closed","template":"","meta":{"_acf_changed":false,"jetpack_post_was_ever_published":false,"jetpack_publicize_message":"","jetpack_publicize_feature_enabled":true,"jetpack_social_post_already_shared":true,"jetpack_social_options":{"image_generator_settings":{"template":"highway","default_image_id":0,"font":"","enabled":false},"version":2}},"product_brand":[],"product_cat":[394,229],"product_tag":[419,395,843,841,842,840],"class_list":{"0":"post-2516","1":"product","2":"type-product","3":"status-publish","4":"has-post-thumbnail","6":"product_cat-andarilhos","7":"product_cat-auxiliares-de-marcha","8":"product_tag-4-rodas","9":"product_tag-andarilho","10":"product_tag-assento","11":"product_tag-cesto","12":"product_tag-encartar","13":"product_tag-travoes","15":"first","16":"instock","17":"shipping-taxable","18":"product-type-simple"},"acf":[],"jetpack_publicize_connections":[],"jetpack_sharing_enabled":true,"_links":{"self":[{"href":"https:\/\/ortoger.pt\/index.php?rest_route=\/wp\/v2\/product\/2516","targetHints":{"allow":["GET"]}}],"collection":[{"href":"https:\/\/ortoger.pt\/index.php?rest_route=\/wp\/v2\/product"}],"about":[{"href":"https:\/\/ortoger.pt\/index.php?rest_route=\/wp\/v2\/types\/product"}],"replies":[{"embeddable":true,"href":"https:\/\/ortoger.pt\/index.php?rest_route=%2Fwp%2Fv2%2Fcomments&post=2516"}],"wp:featuredmedia":[{"embeddable":true,"href":"https:\/\/ortoger.pt\/index.php?rest_route=\/wp\/v2\/media\/2517"}],"wp:attachment":[{"href":"https:\/\/ortoger.pt\/index.php?rest_route=%2Fwp%2Fv2%2Fmedia&parent=2516"}],"wp:term":[{"taxonomy":"product_brand","embeddable":true,"href":"https:\/\/ortoger.pt\/index.php?rest_route=%2Fwp%2Fv2%2Fproduct_brand&post=2516"},{"taxonomy":"product_cat","embeddable":true,"href":"https:\/\/ortoger.pt\/index.php?rest_route=%2Fwp%2Fv2%2Fproduct_cat&post=2516"},{"taxonomy":"product_tag","embeddable":true,"href":"https:\/\/ortoger.pt\/index.php?rest_route=%2Fwp%2Fv2%2Fproduct_tag&post=2516"}],"curies":[{"name":"wp","href":"https:\/\/api.w.org\/{rel}","templated":true}]}}