{"id":2403,"date":"2025-02-21T11:46:59","date_gmt":"2025-02-21T11:46:59","guid":{"rendered":"https:\/\/ortoger.pt\/?post_type=product&#038;p=2403"},"modified":"2025-04-13T12:08:01","modified_gmt":"2025-04-13T12:08:01","slug":"ponteira-18-19mm-base-larga","status":"publish","type":"product","link":"https:\/\/ortoger.pt\/?product=ponteira-18-19mm-base-larga","title":{"rendered":"Ponteira Base Larga 18-19mm"},"content":{"rendered":"<p>Ponteira de borracha com base permite maior apoio e manter a bengala na posi\u00e7\u00e3o vertical quando n\u00e3o estiver em uso.<\/p>\n<p>Adequado para tubo de \u00f8 18-19 mm.<\/p>\n<p>Borracha antiderrapante, base larga.<\/p>\n","protected":false},"excerpt":{"rendered":"<p>Ponteira de borracha com base permite maior apoio e manter a bengala na posi\u00e7\u00e3o vertical quando n\u00e3o estiver em uso. Adequado para tubo de \u00f8 18-19 mm. Borracha antiderrapante, base larga.<\/p>\n","protected":false},"featured_media":2404,"comment_status":"closed","ping_status":"closed","template":"","meta":{"_acf_changed":false,"jetpack_post_was_ever_published":false,"jetpack_publicize_message":"","jetpack_publicize_feature_enabled":true,"jetpack_social_post_already_shared":true,"jetpack_social_options":{"image_generator_settings":{"template":"highway","default_image_id":0,"font":"","enabled":false},"version":2}},"product_brand":[],"product_cat":[397],"product_tag":[115,247,523,139],"class_list":{"0":"post-2403","1":"product","2":"type-product","3":"status-publish","4":"has-post-thumbnail","6":"product_cat-canadianas-bengalas-tripes-e-ou-quadripes","7":"product_tag-apoio","8":"product_tag-estabilidade","9":"product_tag-ponteira","10":"product_tag-seguranca","12":"first","13":"instock","14":"shipping-taxable","15":"product-type-simple"},"acf":[],"jetpack_publicize_connections":[],"jetpack_sharing_enabled":true,"_links":{"self":[{"href":"https:\/\/ortoger.pt\/index.php?rest_route=\/wp\/v2\/product\/2403","targetHints":{"allow":["GET"]}}],"collection":[{"href":"https:\/\/ortoger.pt\/index.php?rest_route=\/wp\/v2\/product"}],"about":[{"href":"https:\/\/ortoger.pt\/index.php?rest_route=\/wp\/v2\/types\/product"}],"replies":[{"embeddable":true,"href":"https:\/\/ortoger.pt\/index.php?rest_route=%2Fwp%2Fv2%2Fcomments&post=2403"}],"wp:featuredmedia":[{"embeddable":true,"href":"https:\/\/ortoger.pt\/index.php?rest_route=\/wp\/v2\/media\/2404"}],"wp:attachment":[{"href":"https:\/\/ortoger.pt\/index.php?rest_route=%2Fwp%2Fv2%2Fmedia&parent=2403"}],"wp:term":[{"taxonomy":"product_brand","embeddable":true,"href":"https:\/\/ortoger.pt\/index.php?rest_route=%2Fwp%2Fv2%2Fproduct_brand&post=2403"},{"taxonomy":"product_cat","embeddable":true,"href":"https:\/\/ortoger.pt\/index.php?rest_route=%2Fwp%2Fv2%2Fproduct_cat&post=2403"},{"taxonomy":"product_tag","embeddable":true,"href":"https:\/\/ortoger.pt\/index.php?rest_route=%2Fwp%2Fv2%2Fproduct_tag&post=2403"}],"curies":[{"name":"wp","href":"https:\/\/api.w.org\/{rel}","templated":true}]}}