{"id":2344,"date":"2025-02-08T18:22:08","date_gmt":"2025-02-08T18:22:08","guid":{"rendered":"https:\/\/ortoger.pt\/?post_type=product&#038;p=2344"},"modified":"2025-04-13T09:57:29","modified_gmt":"2025-04-13T09:57:29","slug":"sobre-colchao-te-pressao-alternada-tubos","status":"publish","type":"product","link":"https:\/\/ortoger.pt\/?product=sobre-colchao-te-pressao-alternada-tubos","title":{"rendered":"Sobre colch\u00e3o de press\u00e3o alternada tubos"},"content":{"rendered":"<p>O Kit de compress\u00e3o e Sobre Colch\u00e3o de elementos foi projetado para a preven\u00e7\u00e3o e tratamento de escaras, que podem ocorrer em todas as situa\u00e7\u00f5es, que exigem em longo internamento hospitalar e\/ou domicili\u00e1rio.<\/p>\n<p><strong>Caracter\u00edsticas: <\/strong><\/p>\n<ul>\n<li>Material do colch\u00e3o: C\u00e9lula de grau m\u00e9dico- Nylon\/PVC;<\/li>\n<li>Abas: 50 cm<\/li>\n<li>Peso do compressor: 1,60kg;<\/li>\n<li>Peso do colch\u00e3o: 6,5kg;<\/li>\n<li>Peso m\u00e1ximo do utilizador: 145 kg<\/li>\n<li>N\u00ba de elementos: 18<\/li>\n<li>Fornecimento de energia: ~ 220V 50\/60Hz<\/li>\n<li>Cabo de alimenta\u00e7\u00e3o: 2,20m<\/li>\n<li>Liberta\u00e7\u00e3o de ar: 6\/7LPM<\/li>\n<li>Tempo de ciclo: 12 min.<\/li>\n<li>Ru\u00eddo:32-34 dB<\/li>\n<li>Dimens\u00f5es: 200x90x12 mm; compressor: 26X13X10cm<\/li>\n<\/ul>\n","protected":false},"excerpt":{"rendered":"<p>O Kit de compress\u00e3o e Sobre Colch\u00e3o de elementos foi projetado para a preven\u00e7\u00e3o e tratamento de escaras, que podem ocorrer em todas as situa\u00e7\u00f5es, que exigem em longo internamento hospitalar e\/ou domicili\u00e1rio. Caracter\u00edsticas: Material do colch\u00e3o: C\u00e9lula de grau m\u00e9dico- Nylon\/PVC; Abas: 50 cm Peso do compressor: 1,60kg; Peso do colch\u00e3o: 6,5kg; Peso m\u00e1ximo [&hellip;]<\/p>\n","protected":false},"featured_media":2345,"comment_status":"closed","ping_status":"closed","template":"","meta":{"_acf_changed":false,"jetpack_publicize_message":"","jetpack_publicize_feature_enabled":true,"jetpack_social_post_already_shared":true,"jetpack_social_options":{"image_generator_settings":{"template":"highway","default_image_id":0,"font":"","enabled":false},"version":2}},"product_brand":[],"product_cat":[780],"product_tag":[85,389,837],"class_list":{"0":"post-2344","1":"product","2":"type-product","3":"status-publish","4":"has-post-thumbnail","6":"product_cat-anti-escaras-e-posicionamento","7":"product_tag-anti-escaras","8":"product_tag-colchao","9":"product_tag-tubos","11":"first","12":"instock","13":"shipping-taxable","14":"product-type-simple"},"acf":[],"jetpack_publicize_connections":[],"jetpack_sharing_enabled":true,"_links":{"self":[{"href":"https:\/\/ortoger.pt\/index.php?rest_route=\/wp\/v2\/product\/2344","targetHints":{"allow":["GET"]}}],"collection":[{"href":"https:\/\/ortoger.pt\/index.php?rest_route=\/wp\/v2\/product"}],"about":[{"href":"https:\/\/ortoger.pt\/index.php?rest_route=\/wp\/v2\/types\/product"}],"replies":[{"embeddable":true,"href":"https:\/\/ortoger.pt\/index.php?rest_route=%2Fwp%2Fv2%2Fcomments&post=2344"}],"wp:featuredmedia":[{"embeddable":true,"href":"https:\/\/ortoger.pt\/index.php?rest_route=\/wp\/v2\/media\/2345"}],"wp:attachment":[{"href":"https:\/\/ortoger.pt\/index.php?rest_route=%2Fwp%2Fv2%2Fmedia&parent=2344"}],"wp:term":[{"taxonomy":"product_brand","embeddable":true,"href":"https:\/\/ortoger.pt\/index.php?rest_route=%2Fwp%2Fv2%2Fproduct_brand&post=2344"},{"taxonomy":"product_cat","embeddable":true,"href":"https:\/\/ortoger.pt\/index.php?rest_route=%2Fwp%2Fv2%2Fproduct_cat&post=2344"},{"taxonomy":"product_tag","embeddable":true,"href":"https:\/\/ortoger.pt\/index.php?rest_route=%2Fwp%2Fv2%2Fproduct_tag&post=2344"}],"curies":[{"name":"wp","href":"https:\/\/api.w.org\/{rel}","templated":true}]}}