{"id":2306,"date":"2025-02-05T14:50:42","date_gmt":"2025-02-05T14:50:42","guid":{"rendered":"https:\/\/ortoger.pt\/?post_type=product&#038;p=2306"},"modified":"2025-02-05T14:50:42","modified_gmt":"2025-02-05T14:50:42","slug":"placa-de-protecao-axila","status":"publish","type":"product","link":"https:\/\/ortoger.pt\/?product=placa-de-protecao-axila","title":{"rendered":"Placa de Prote\u00e7\u00e3o Axila"},"content":{"rendered":"<p>S\u00e3o placas em espuma, termocolada a uma malha interlock de poli\u00e9ster, que realizam compress\u00e3o suave e cont\u00ednua, favorecendo um alisamento da pele evitando dobras e auxiliam na redu\u00e7\u00e3o de edemas, hematomas e ondula\u00e7\u00e3o e protegem.<\/p>\n<p><strong>Modo de usar:<\/strong><\/p>\n<ul>\n<li>S\u00e3o colocadas sobre a pele, na zona da axila.<\/li>\n<li>A al\u00e7a de el\u00e1stico permite a sua coloca\u00e7\u00e3o e ajuste, mediante medida entre a axila e o ombro.<\/li>\n<li>Usadas para compress\u00e3o das cicatrizes axilares e para compress\u00e3o extra em lipoaspira\u00e7\u00f5es pr\u00e9-axilares.<\/li>\n<\/ul>\n<p>Podem ser usadas isoladamente ou combinadas com o modelo de mangas de compress\u00e3o, mais concretamente com as mangas .<\/p>\n","protected":false},"excerpt":{"rendered":"<p>S\u00e3o placas em espuma, termocolada a uma malha interlock de poli\u00e9ster, que realizam compress\u00e3o suave e cont\u00ednua, favorecendo um alisamento da pele evitando dobras e auxiliam na redu\u00e7\u00e3o de edemas, hematomas e ondula\u00e7\u00e3o e protegem. Modo de usar: S\u00e3o colocadas sobre a pele, na zona da axila. A al\u00e7a de el\u00e1stico permite a sua coloca\u00e7\u00e3o [&hellip;]<\/p>\n","protected":false},"featured_media":2307,"comment_status":"closed","ping_status":"closed","template":"","meta":{"_acf_changed":false,"jetpack_publicize_message":"","jetpack_publicize_feature_enabled":true,"jetpack_social_post_already_shared":true,"jetpack_social_options":{"image_generator_settings":{"template":"highway","default_image_id":0,"font":"","enabled":false},"version":2}},"product_brand":[],"product_cat":[792],"product_tag":[240],"class_list":{"0":"post-2306","1":"product","2":"type-product","3":"status-publish","4":"has-post-thumbnail","6":"product_cat-lipoaspiracao","7":"product_tag-protecao","9":"first","10":"instock","11":"shipping-taxable","12":"product-type-simple"},"acf":[],"jetpack_publicize_connections":[],"jetpack_sharing_enabled":true,"_links":{"self":[{"href":"https:\/\/ortoger.pt\/index.php?rest_route=\/wp\/v2\/product\/2306","targetHints":{"allow":["GET"]}}],"collection":[{"href":"https:\/\/ortoger.pt\/index.php?rest_route=\/wp\/v2\/product"}],"about":[{"href":"https:\/\/ortoger.pt\/index.php?rest_route=\/wp\/v2\/types\/product"}],"replies":[{"embeddable":true,"href":"https:\/\/ortoger.pt\/index.php?rest_route=%2Fwp%2Fv2%2Fcomments&post=2306"}],"wp:featuredmedia":[{"embeddable":true,"href":"https:\/\/ortoger.pt\/index.php?rest_route=\/wp\/v2\/media\/2307"}],"wp:attachment":[{"href":"https:\/\/ortoger.pt\/index.php?rest_route=%2Fwp%2Fv2%2Fmedia&parent=2306"}],"wp:term":[{"taxonomy":"product_brand","embeddable":true,"href":"https:\/\/ortoger.pt\/index.php?rest_route=%2Fwp%2Fv2%2Fproduct_brand&post=2306"},{"taxonomy":"product_cat","embeddable":true,"href":"https:\/\/ortoger.pt\/index.php?rest_route=%2Fwp%2Fv2%2Fproduct_cat&post=2306"},{"taxonomy":"product_tag","embeddable":true,"href":"https:\/\/ortoger.pt\/index.php?rest_route=%2Fwp%2Fv2%2Fproduct_tag&post=2306"}],"curies":[{"name":"wp","href":"https:\/\/api.w.org\/{rel}","templated":true}]}}