{"id":2304,"date":"2025-02-05T14:48:04","date_gmt":"2025-02-05T14:48:04","guid":{"rendered":"https:\/\/ortoger.pt\/?post_type=product&#038;p=2304"},"modified":"2025-02-05T14:48:05","modified_gmt":"2025-02-05T14:48:05","slug":"cinta-de-forte-compressao-para-homem","status":"publish","type":"product","link":"https:\/\/ortoger.pt\/?product=cinta-de-forte-compressao-para-homem","title":{"rendered":"Cinta de Forte Compress\u00e3o para Homem"},"content":{"rendered":"<p>Cinta de malha compressiva que auxilia na recupera\u00e7\u00e3o ajudando a diminuir o edema e a inflama\u00e7\u00e3o da parte intervencionada, proporcionando conforto e exercendo uma compress\u00e3o forte e constante modelando as \u00e1reas do abd\u00f3men e flancos, duma forma eficaz.<\/p>\n<p>Principais caracter\u00edsticas:<\/p>\n<ul>\n<li>refor\u00e7o nas zonas da cintura e dorsal;<\/li>\n<li>abertura frontal com colchetes ajust\u00e1vel em 3 n\u00edveis permitindo reduzir o tamanho da cinta;<\/li>\n<li>comprimento de perna acima do joelho;<\/li>\n<li>al\u00e7as de el\u00e1stico regul\u00e1veis adaptando-se a diferentes alturas de tronco:<\/li>\n<li>costuras planas;<\/li>\n<li>microfibra perme\u00e1vel ao ar.<\/li>\n<\/ul>\n<p>Indicada para a recupera\u00e7\u00e3o de lipoaspira\u00e7\u00e3o e abdominoplastia.<\/p>\n","protected":false},"excerpt":{"rendered":"<p>Cinta de malha compressiva que auxilia na recupera\u00e7\u00e3o ajudando a diminuir o edema e a inflama\u00e7\u00e3o da parte intervencionada, proporcionando conforto e exercendo uma compress\u00e3o forte e constante modelando as \u00e1reas do abd\u00f3men e flancos, duma forma eficaz. Principais caracter\u00edsticas: refor\u00e7o nas zonas da cintura e dorsal; abertura frontal com colchetes ajust\u00e1vel em 3 n\u00edveis [&hellip;]<\/p>\n","protected":false},"featured_media":2305,"comment_status":"closed","ping_status":"closed","template":"","meta":{"_acf_changed":false,"jetpack_publicize_message":"","jetpack_publicize_feature_enabled":true,"jetpack_social_post_already_shared":true,"jetpack_social_options":{"image_generator_settings":{"template":"highway","default_image_id":0,"font":"","enabled":false},"version":2}},"product_brand":[],"product_cat":[792],"product_tag":[260,703,829,793],"class_list":{"0":"post-2304","1":"product","2":"type-product","3":"status-publish","4":"has-post-thumbnail","6":"product_cat-lipoaspiracao","7":"product_tag-compressao","8":"product_tag-homem","9":"product_tag-lipo","10":"product_tag-lipoaspiracao","12":"first","13":"instock","14":"shipping-taxable","15":"product-type-simple"},"acf":[],"jetpack_publicize_connections":[],"jetpack_sharing_enabled":true,"_links":{"self":[{"href":"https:\/\/ortoger.pt\/index.php?rest_route=\/wp\/v2\/product\/2304","targetHints":{"allow":["GET"]}}],"collection":[{"href":"https:\/\/ortoger.pt\/index.php?rest_route=\/wp\/v2\/product"}],"about":[{"href":"https:\/\/ortoger.pt\/index.php?rest_route=\/wp\/v2\/types\/product"}],"replies":[{"embeddable":true,"href":"https:\/\/ortoger.pt\/index.php?rest_route=%2Fwp%2Fv2%2Fcomments&post=2304"}],"wp:featuredmedia":[{"embeddable":true,"href":"https:\/\/ortoger.pt\/index.php?rest_route=\/wp\/v2\/media\/2305"}],"wp:attachment":[{"href":"https:\/\/ortoger.pt\/index.php?rest_route=%2Fwp%2Fv2%2Fmedia&parent=2304"}],"wp:term":[{"taxonomy":"product_brand","embeddable":true,"href":"https:\/\/ortoger.pt\/index.php?rest_route=%2Fwp%2Fv2%2Fproduct_brand&post=2304"},{"taxonomy":"product_cat","embeddable":true,"href":"https:\/\/ortoger.pt\/index.php?rest_route=%2Fwp%2Fv2%2Fproduct_cat&post=2304"},{"taxonomy":"product_tag","embeddable":true,"href":"https:\/\/ortoger.pt\/index.php?rest_route=%2Fwp%2Fv2%2Fproduct_tag&post=2304"}],"curies":[{"name":"wp","href":"https:\/\/api.w.org\/{rel}","templated":true}]}}