{"id":2302,"date":"2025-02-05T14:46:43","date_gmt":"2025-02-05T14:46:43","guid":{"rendered":"https:\/\/ortoger.pt\/?post_type=product&#038;p=2302"},"modified":"2025-02-05T14:46:44","modified_gmt":"2025-02-05T14:46:44","slug":"colete-de-forte-compressao-para-homem","status":"publish","type":"product","link":"https:\/\/ortoger.pt\/?product=colete-de-forte-compressao-para-homem","title":{"rendered":"Colete de Forte Compress\u00e3o para Homem"},"content":{"rendered":"<p>Colete de malha compressiva que auxilia na recupera\u00e7\u00e3o, ajudando a diminuir o edema e a inflama\u00e7\u00e3o da parte intervencionada. Proporciona conforto e exerce uma compress\u00e3o forte e constante modelando a \u00e1rea peitoral, de uma forma eficaz.<\/p>\n<p>Principais caracter\u00edsticas:<\/p>\n<ul>\n<li>malha refor\u00e7ada para maior compress\u00e3o em toda a zona peitoral;<\/li>\n<li>abertura frontal com colchetes ajust\u00e1vel em 3 n\u00edveis, permitindo reduzir o tamanho do colete;<\/li>\n<li>al\u00e7as regul\u00e1veis com colchetes adaptando-se a diferentes alturas de tronco;<\/li>\n<li>costuras planas;<\/li>\n<li>microfibra perme\u00e1vel ao ar.<\/li>\n<\/ul>\n<p>Indicada para a recupera\u00e7\u00e3o de ginecomastia, lipoaspira\u00e7\u00e3o e mastectomia total bilateral.<\/p>\n","protected":false},"excerpt":{"rendered":"<p>Colete de malha compressiva que auxilia na recupera\u00e7\u00e3o, ajudando a diminuir o edema e a inflama\u00e7\u00e3o da parte intervencionada. Proporciona conforto e exerce uma compress\u00e3o forte e constante modelando a \u00e1rea peitoral, de uma forma eficaz. Principais caracter\u00edsticas: malha refor\u00e7ada para maior compress\u00e3o em toda a zona peitoral; abertura frontal com colchetes ajust\u00e1vel em 3 [&hellip;]<\/p>\n","protected":false},"featured_media":2303,"comment_status":"closed","ping_status":"closed","template":"","meta":{"_acf_changed":false,"jetpack_publicize_message":"","jetpack_publicize_feature_enabled":true,"jetpack_social_post_already_shared":true,"jetpack_social_options":{"image_generator_settings":{"template":"highway","default_image_id":0,"font":"","enabled":false},"version":2}},"product_brand":[],"product_cat":[792],"product_tag":[298,703],"class_list":{"0":"post-2302","1":"product","2":"type-product","3":"status-publish","4":"has-post-thumbnail","6":"product_cat-lipoaspiracao","7":"product_tag-colete","8":"product_tag-homem","10":"first","11":"instock","12":"shipping-taxable","13":"product-type-simple"},"acf":[],"jetpack_publicize_connections":[],"jetpack_sharing_enabled":true,"_links":{"self":[{"href":"https:\/\/ortoger.pt\/index.php?rest_route=\/wp\/v2\/product\/2302","targetHints":{"allow":["GET"]}}],"collection":[{"href":"https:\/\/ortoger.pt\/index.php?rest_route=\/wp\/v2\/product"}],"about":[{"href":"https:\/\/ortoger.pt\/index.php?rest_route=\/wp\/v2\/types\/product"}],"replies":[{"embeddable":true,"href":"https:\/\/ortoger.pt\/index.php?rest_route=%2Fwp%2Fv2%2Fcomments&post=2302"}],"wp:featuredmedia":[{"embeddable":true,"href":"https:\/\/ortoger.pt\/index.php?rest_route=\/wp\/v2\/media\/2303"}],"wp:attachment":[{"href":"https:\/\/ortoger.pt\/index.php?rest_route=%2Fwp%2Fv2%2Fmedia&parent=2302"}],"wp:term":[{"taxonomy":"product_brand","embeddable":true,"href":"https:\/\/ortoger.pt\/index.php?rest_route=%2Fwp%2Fv2%2Fproduct_brand&post=2302"},{"taxonomy":"product_cat","embeddable":true,"href":"https:\/\/ortoger.pt\/index.php?rest_route=%2Fwp%2Fv2%2Fproduct_cat&post=2302"},{"taxonomy":"product_tag","embeddable":true,"href":"https:\/\/ortoger.pt\/index.php?rest_route=%2Fwp%2Fv2%2Fproduct_tag&post=2302"}],"curies":[{"name":"wp","href":"https:\/\/api.w.org\/{rel}","templated":true}]}}