{"id":2298,"date":"2025-02-05T14:43:25","date_gmt":"2025-02-05T14:43:25","guid":{"rendered":"https:\/\/ortoger.pt\/?post_type=product&#038;p=2298"},"modified":"2025-02-08T12:56:53","modified_gmt":"2025-02-08T12:56:53","slug":"faixa-de-mama","status":"publish","type":"product","link":"https:\/\/ortoger.pt\/?product=faixa-de-mama","title":{"rendered":"Faixa de Mama"},"content":{"rendered":"<p>Faixa el\u00e1stica compressiva que \u00e9 colocada sobre o soutien, na zona imediatamente abaixo das axilas, para auxiliar na recupera\u00e7\u00e3o, ajudando na estabiliza\u00e7\u00e3o e fixa\u00e7\u00e3o correta do implante mam\u00e1rio, no per\u00edodo imediato \u00e1 cirurgia.<\/p>\n<p>Principais caracter\u00edsticas:<\/p>\n<ul>\n<li>faixa de el\u00e1sticos unidos por filamentos el\u00e1sticos, ajust\u00e1vel por interm\u00e9dio de velcro, permitindo estabilizar os implantes mam\u00e1rios;<\/li>\n<li>faixa de el\u00e1stico perme\u00e1vel ao ar.<\/li>\n<\/ul>\n<p>Indicada para a recupera\u00e7\u00e3o de mamoplastia de aumento.<\/p>\n","protected":false},"excerpt":{"rendered":"<p>Faixa el\u00e1stica compressiva que \u00e9 colocada sobre o soutien, na zona imediatamente abaixo das axilas, para auxiliar na recupera\u00e7\u00e3o, ajudando na estabiliza\u00e7\u00e3o e fixa\u00e7\u00e3o correta do implante mam\u00e1rio, no per\u00edodo imediato \u00e1 cirurgia. Principais caracter\u00edsticas: faixa de el\u00e1sticos unidos por filamentos el\u00e1sticos, ajust\u00e1vel por interm\u00e9dio de velcro, permitindo estabilizar os implantes mam\u00e1rios; faixa de el\u00e1stico [&hellip;]<\/p>\n","protected":false},"featured_media":2299,"comment_status":"closed","ping_status":"closed","template":"","meta":{"_acf_changed":false,"jetpack_publicize_message":"","jetpack_publicize_feature_enabled":true,"jetpack_social_post_already_shared":true,"jetpack_social_options":{"image_generator_settings":{"template":"highway","default_image_id":0,"font":"","enabled":false},"version":2}},"product_brand":[],"product_cat":[672],"product_tag":[],"class_list":{"0":"post-2298","1":"product","2":"type-product","3":"status-publish","4":"has-post-thumbnail","6":"product_cat-mastectomia","8":"first","9":"instock","10":"shipping-taxable","11":"product-type-simple"},"acf":[],"jetpack_publicize_connections":[],"jetpack_sharing_enabled":true,"_links":{"self":[{"href":"https:\/\/ortoger.pt\/index.php?rest_route=\/wp\/v2\/product\/2298","targetHints":{"allow":["GET"]}}],"collection":[{"href":"https:\/\/ortoger.pt\/index.php?rest_route=\/wp\/v2\/product"}],"about":[{"href":"https:\/\/ortoger.pt\/index.php?rest_route=\/wp\/v2\/types\/product"}],"replies":[{"embeddable":true,"href":"https:\/\/ortoger.pt\/index.php?rest_route=%2Fwp%2Fv2%2Fcomments&post=2298"}],"wp:featuredmedia":[{"embeddable":true,"href":"https:\/\/ortoger.pt\/index.php?rest_route=\/wp\/v2\/media\/2299"}],"wp:attachment":[{"href":"https:\/\/ortoger.pt\/index.php?rest_route=%2Fwp%2Fv2%2Fmedia&parent=2298"}],"wp:term":[{"taxonomy":"product_brand","embeddable":true,"href":"https:\/\/ortoger.pt\/index.php?rest_route=%2Fwp%2Fv2%2Fproduct_brand&post=2298"},{"taxonomy":"product_cat","embeddable":true,"href":"https:\/\/ortoger.pt\/index.php?rest_route=%2Fwp%2Fv2%2Fproduct_cat&post=2298"},{"taxonomy":"product_tag","embeddable":true,"href":"https:\/\/ortoger.pt\/index.php?rest_route=%2Fwp%2Fv2%2Fproduct_tag&post=2298"}],"curies":[{"name":"wp","href":"https:\/\/api.w.org\/{rel}","templated":true}]}}