{"id":2294,"date":"2025-02-05T14:40:13","date_gmt":"2025-02-05T14:40:13","guid":{"rendered":"https:\/\/ortoger.pt\/?post_type=product&#038;p=2294"},"modified":"2025-02-05T14:40:13","modified_gmt":"2025-02-05T14:40:13","slug":"mangas","status":"publish","type":"product","link":"https:\/\/ortoger.pt\/?product=mangas","title":{"rendered":"Mangas"},"content":{"rendered":"<div id=\"av-layout-grid-1\" class=\"av-layout-grid-container entry-content-wrapper main_color av-flex-cells     avia-builder-el-0  el_before_av_heading  avia-builder-el-first  container_wrap fullsize\">\n<div class=\"flex_cell no_margin av_one_half  avia-builder-el-3  el_after_av_cell_one_half  avia-builder-el-last   \">\n<div class=\"flex_cell_inner\">\n<section class=\"av_textblock_section \">\n<div class=\"avia_textblock  \">\n<p>Mangas de malha compressiva que auxiliam na recupera\u00e7\u00e3o, ajudando a diminuir o edema e a inflama\u00e7\u00e3o da parte intervencionada. Proporciona conforto para a paciente e exerce uma compress\u00e3o forte e constante. Quanto ao tempo de uso, deve seguir as indica\u00e7\u00f5es do m\u00e9dico.<\/p>\n<p>Principais caracter\u00edsticas:<\/p>\n<ul>\n<li>malha que permite uma compress\u00e3o forte e constante nos bra\u00e7os, na zona intervencionada. Ligeiramente mais larga do cotovelo para baixo, para evitar uma m\u00e1 circula\u00e7\u00e3o do sangue;<\/li>\n<li>fecho que percorre praticamente toda a extens\u00e3o da manga (na zona oposta \u00e0 da cicatriz), o que facilita a sua coloca\u00e7\u00e3o\/remo\u00e7\u00e3o;<\/li>\n<li>2 molas de press\u00e3o que permitem fixar no ombro, apertando em torno das\u00a0 al\u00e7as do soutien;<\/li>\n<li>el\u00e1stico regul\u00e1vel nas costas ajustando-se \u00e0 largura das costas;<\/li>\n<li>microfibra perme\u00e1vel ao ar.<\/li>\n<\/ul>\n<p>Indicada para a recupera\u00e7\u00e3o de lipoaspira\u00e7\u00e3o e\/ou lifting de bra\u00e7os.<\/p>\n<\/div>\n<\/section>\n<div class=\"av-horizontal-gallery av-horizontal-gallery-large-gap av-horizontal-gallery-enlarge-effect av-horizontal-gallery-1 avia-builder-el-7 el_after_av_textblock avia-builder-el-last av-control-default av-horizontal-gallery-animated\" data-av-enlarge=\"1.3\">\n<div class=\"av-horizontal-gallery-inner\" data-av-height=\"25\">\n<div class=\"av-horizontal-gallery-slider\">\n<div class=\"av-horizontal-gallery-wrap noHover\"><\/div>\n<\/div>\n<\/div>\n<\/div>\n<\/div>\n<\/div>\n<\/div>\n<div id=\"after_submenu_1\" class=\"main_color av_default_container_wrap container_wrap fullsize\">\n<div class=\"container\">\n<div class=\"template-page content  av-content-full alpha units\">\n<div class=\"post-entry post-entry-type-page post-entry-2112\">\n<div class=\"entry-content-wrapper clearfix\">\n<div class=\"av-special-heading av-special-heading-h1    avia-builder-el-8  el_after_av_layout_row  el_before_av_table  avia-builder-el-first  \"><\/div>\n<\/div>\n<\/div>\n<\/div>\n<\/div>\n<\/div>\n","protected":false},"excerpt":{"rendered":"<p>Mangas de malha compressiva que auxiliam na recupera\u00e7\u00e3o, ajudando a diminuir o edema e a inflama\u00e7\u00e3o da parte intervencionada. Proporciona conforto para a paciente e exerce uma compress\u00e3o forte e constante. Quanto ao tempo de uso, deve seguir as indica\u00e7\u00f5es do m\u00e9dico. Principais caracter\u00edsticas: malha que permite uma compress\u00e3o forte e constante nos bra\u00e7os, na [&hellip;]<\/p>\n","protected":false},"featured_media":2295,"comment_status":"closed","ping_status":"closed","template":"","meta":{"_acf_changed":false,"jetpack_publicize_message":"","jetpack_publicize_feature_enabled":true,"jetpack_social_post_already_shared":true,"jetpack_social_options":{"image_generator_settings":{"template":"highway","default_image_id":0,"font":"","enabled":false},"version":2}},"product_brand":[],"product_cat":[792],"product_tag":[828],"class_list":{"0":"post-2294","1":"product","2":"type-product","3":"status-publish","4":"has-post-thumbnail","6":"product_cat-lipoaspiracao","7":"product_tag-manga","9":"first","10":"instock","11":"shipping-taxable","12":"product-type-simple"},"acf":[],"jetpack_publicize_connections":[],"jetpack_sharing_enabled":true,"_links":{"self":[{"href":"https:\/\/ortoger.pt\/index.php?rest_route=\/wp\/v2\/product\/2294","targetHints":{"allow":["GET"]}}],"collection":[{"href":"https:\/\/ortoger.pt\/index.php?rest_route=\/wp\/v2\/product"}],"about":[{"href":"https:\/\/ortoger.pt\/index.php?rest_route=\/wp\/v2\/types\/product"}],"replies":[{"embeddable":true,"href":"https:\/\/ortoger.pt\/index.php?rest_route=%2Fwp%2Fv2%2Fcomments&post=2294"}],"wp:featuredmedia":[{"embeddable":true,"href":"https:\/\/ortoger.pt\/index.php?rest_route=\/wp\/v2\/media\/2295"}],"wp:attachment":[{"href":"https:\/\/ortoger.pt\/index.php?rest_route=%2Fwp%2Fv2%2Fmedia&parent=2294"}],"wp:term":[{"taxonomy":"product_brand","embeddable":true,"href":"https:\/\/ortoger.pt\/index.php?rest_route=%2Fwp%2Fv2%2Fproduct_brand&post=2294"},{"taxonomy":"product_cat","embeddable":true,"href":"https:\/\/ortoger.pt\/index.php?rest_route=%2Fwp%2Fv2%2Fproduct_cat&post=2294"},{"taxonomy":"product_tag","embeddable":true,"href":"https:\/\/ortoger.pt\/index.php?rest_route=%2Fwp%2Fv2%2Fproduct_tag&post=2294"}],"curies":[{"name":"wp","href":"https:\/\/api.w.org\/{rel}","templated":true}]}}