{"id":2292,"date":"2025-02-05T14:36:36","date_gmt":"2025-02-05T14:36:36","guid":{"rendered":"https:\/\/ortoger.pt\/?post_type=product&#038;p=2292"},"modified":"2025-02-05T14:36:37","modified_gmt":"2025-02-05T14:36:37","slug":"calcas-de-forte-compressao","status":"publish","type":"product","link":"https:\/\/ortoger.pt\/?product=calcas-de-forte-compressao","title":{"rendered":"Cal\u00e7as de Forte Compress\u00e3o"},"content":{"rendered":"<p>\u201cCal\u00e7as\u201d de malha compressiva, que auxiliam na recupera\u00e7\u00e3o, ajudando a diminuir o edema e a inflama\u00e7\u00e3o da parte intervencionada. Proporciona conforto para a paciente e exerce uma compress\u00e3o forte e constante, modelando coxas e pernas, duma forma eficaz.<\/p>\n<p>Principais caracter\u00edsticas:<\/p>\n<ul>\n<li>refor\u00e7o na zona das coxas e pernas;<\/li>\n<li>el\u00e1stico com velcro que permite ajustar a v\u00e1rias medidas de cintura;<\/li>\n<li>permite a utiliza\u00e7\u00e3o simult\u00e2nea da cinta de compress\u00e3o curta;<\/li>\n<li>costuras planas;<\/li>\n<li>microfibra perme\u00e1vel ao ar.<\/li>\n<\/ul>\n<p>Indicada para recupera\u00e7\u00e3o de lipoaspira\u00e7\u00e3o e\/ou lifting das coxas.<\/p>\n","protected":false},"excerpt":{"rendered":"<p>\u201cCal\u00e7as\u201d de malha compressiva, que auxiliam na recupera\u00e7\u00e3o, ajudando a diminuir o edema e a inflama\u00e7\u00e3o da parte intervencionada. Proporciona conforto para a paciente e exerce uma compress\u00e3o forte e constante, modelando coxas e pernas, duma forma eficaz. Principais caracter\u00edsticas: refor\u00e7o na zona das coxas e pernas; el\u00e1stico com velcro que permite ajustar a v\u00e1rias [&hellip;]<\/p>\n","protected":false},"featured_media":2293,"comment_status":"closed","ping_status":"closed","template":"","meta":{"_acf_changed":false,"jetpack_publicize_message":"","jetpack_publicize_feature_enabled":true,"jetpack_social_post_already_shared":true,"jetpack_social_options":{"image_generator_settings":{"template":"highway","default_image_id":0,"font":"","enabled":false},"version":2}},"product_brand":[],"product_cat":[792],"product_tag":[825,826,827,793],"class_list":{"0":"post-2292","1":"product","2":"type-product","3":"status-publish","4":"has-post-thumbnail","6":"product_cat-lipoaspiracao","7":"product_tag-calca","8":"product_tag-forte-compressao","9":"product_tag-lifting-das-coxas","10":"product_tag-lipoaspiracao","12":"first","13":"instock","14":"shipping-taxable","15":"product-type-simple"},"acf":[],"jetpack_publicize_connections":[],"jetpack_sharing_enabled":true,"_links":{"self":[{"href":"https:\/\/ortoger.pt\/index.php?rest_route=\/wp\/v2\/product\/2292","targetHints":{"allow":["GET"]}}],"collection":[{"href":"https:\/\/ortoger.pt\/index.php?rest_route=\/wp\/v2\/product"}],"about":[{"href":"https:\/\/ortoger.pt\/index.php?rest_route=\/wp\/v2\/types\/product"}],"replies":[{"embeddable":true,"href":"https:\/\/ortoger.pt\/index.php?rest_route=%2Fwp%2Fv2%2Fcomments&post=2292"}],"wp:featuredmedia":[{"embeddable":true,"href":"https:\/\/ortoger.pt\/index.php?rest_route=\/wp\/v2\/media\/2293"}],"wp:attachment":[{"href":"https:\/\/ortoger.pt\/index.php?rest_route=%2Fwp%2Fv2%2Fmedia&parent=2292"}],"wp:term":[{"taxonomy":"product_brand","embeddable":true,"href":"https:\/\/ortoger.pt\/index.php?rest_route=%2Fwp%2Fv2%2Fproduct_brand&post=2292"},{"taxonomy":"product_cat","embeddable":true,"href":"https:\/\/ortoger.pt\/index.php?rest_route=%2Fwp%2Fv2%2Fproduct_cat&post=2292"},{"taxonomy":"product_tag","embeddable":true,"href":"https:\/\/ortoger.pt\/index.php?rest_route=%2Fwp%2Fv2%2Fproduct_tag&post=2292"}],"curies":[{"name":"wp","href":"https:\/\/api.w.org\/{rel}","templated":true}]}}