{"id":2283,"date":"2025-02-05T13:07:48","date_gmt":"2025-02-05T13:07:48","guid":{"rendered":"https:\/\/ortoger.pt\/?post_type=product&#038;p=2283"},"modified":"2025-04-10T17:43:12","modified_gmt":"2025-04-10T17:43:12","slug":"cadeira-de-rodas-aco","status":"publish","type":"product","link":"https:\/\/ortoger.pt\/?product=cadeira-de-rodas-aco","title":{"rendered":"Cadeira de Rodas em A\u00e7o"},"content":{"rendered":"<p>Cadeira de rodas para facilitar\/permitir a desloca\u00e7\u00e3o de pessoas com dificuldades de locomo\u00e7\u00e3o. Pode ser utilizada por condu\u00e7\u00e3o aut\u00f3noma (se equipada com rodas traseiras grandes) ou com a ajuda de outra pessoa.<\/p>\n<h4 class=\"mb-3\">Descri\u00e7\u00e3o T\u00e9cnica<\/h4>\n<ul>\n<li class=\"mb-3\">Estrutura em A\u00e7o<\/li>\n<li class=\"mb-3\">Estrutura em a\u00e7o pintado estabilizador com barra transversal \u00fanica.<\/li>\n<li class=\"mb-3\">Assento em nylon preto acolchoado (testado para rea\u00e7\u00e3o ao fogo de acordo com a norma EN 1021-1\/2) e lav\u00e1vel, com bolso para documentos na parte traseira<\/li>\n<li class=\"mb-3\">Rodas dianteiras em PVC<\/li>\n<li class=\"mb-3\">Rodas traseiras em aluminio e pneus em PU preto (sem camara inferior) e corrim\u00e3o de a\u00e7o pintado a preto<\/li>\n<li class=\"mb-3\">Apoio de bra\u00e7os curtos dobr\u00e1veis com estofo em nylon preto<\/li>\n<li class=\"mb-3\">Apoio de p\u00e9s remov\u00edveis ajust\u00e1veis em comprimento, com apoio para os p\u00e9s em polipropileno preto e correia de calcanhar<\/li>\n<li class=\"mb-3\">Peso cadeira: 17,5kg<\/li>\n<\/ul>\n<div><\/div>\n<p><strong>Medidas existentes:<\/strong><br \/>\n40cm largura do assento;<br \/>\n43cm largura do assento;<br \/>\n45cm largura do assento;<br \/>\n48cm largura do assento;<\/p>\n<p>Peso m\u00e1ximo do utilizador: 120kg;<\/p>\n<div>\n<h4 class=\"mb-3\">Manuten\u00e7\u00e3o e Armazenamento<\/h4>\n<p class=\"mb-2\">O estofos, partes met\u00e1licas e as rodas podem ser limpos com \u00e1gua e sab\u00e3o neutro, depois secar com um pano macio para n\u00e3o riscar a pintura da arma\u00e7\u00e3o. Aten\u00e7\u00e3o \u00e0 secagem das rodas, pode ser perigoso utilizar a cadeira de rodas com as rodas ainda h\u00famidas<\/p>\n<\/div>\n","protected":false},"excerpt":{"rendered":"<p>Cadeira de rodas para facilitar\/permitir a desloca\u00e7\u00e3o de pessoas com dificuldades de locomo\u00e7\u00e3o. Pode ser utilizada por condu\u00e7\u00e3o aut\u00f3noma (se equipada com rodas traseiras grandes) ou com a ajuda de outra pessoa. Descri\u00e7\u00e3o T\u00e9cnica Estrutura em A\u00e7o Estrutura em a\u00e7o pintado estabilizador com barra transversal \u00fanica. Assento em nylon preto acolchoado (testado para rea\u00e7\u00e3o ao [&hellip;]<\/p>\n","protected":false},"featured_media":2284,"comment_status":"closed","ping_status":"closed","template":"","meta":{"_acf_changed":false,"jetpack_post_was_ever_published":false,"jetpack_publicize_message":"","jetpack_publicize_feature_enabled":true,"jetpack_social_post_already_shared":true,"jetpack_social_options":{"image_generator_settings":{"template":"highway","default_image_id":0,"font":"","enabled":false},"version":2}},"product_brand":[],"product_cat":[349],"product_tag":[372,140,368],"class_list":{"0":"post-2283","1":"product","2":"type-product","3":"status-publish","4":"has-post-thumbnail","6":"product_cat-cadeira-de-rodas-manual","7":"product_tag-aco","8":"product_tag-cadeira","9":"product_tag-manual","11":"first","12":"instock","13":"shipping-taxable","14":"product-type-simple"},"acf":[],"jetpack_publicize_connections":[],"jetpack_sharing_enabled":true,"_links":{"self":[{"href":"https:\/\/ortoger.pt\/index.php?rest_route=\/wp\/v2\/product\/2283","targetHints":{"allow":["GET"]}}],"collection":[{"href":"https:\/\/ortoger.pt\/index.php?rest_route=\/wp\/v2\/product"}],"about":[{"href":"https:\/\/ortoger.pt\/index.php?rest_route=\/wp\/v2\/types\/product"}],"replies":[{"embeddable":true,"href":"https:\/\/ortoger.pt\/index.php?rest_route=%2Fwp%2Fv2%2Fcomments&post=2283"}],"wp:featuredmedia":[{"embeddable":true,"href":"https:\/\/ortoger.pt\/index.php?rest_route=\/wp\/v2\/media\/2284"}],"wp:attachment":[{"href":"https:\/\/ortoger.pt\/index.php?rest_route=%2Fwp%2Fv2%2Fmedia&parent=2283"}],"wp:term":[{"taxonomy":"product_brand","embeddable":true,"href":"https:\/\/ortoger.pt\/index.php?rest_route=%2Fwp%2Fv2%2Fproduct_brand&post=2283"},{"taxonomy":"product_cat","embeddable":true,"href":"https:\/\/ortoger.pt\/index.php?rest_route=%2Fwp%2Fv2%2Fproduct_cat&post=2283"},{"taxonomy":"product_tag","embeddable":true,"href":"https:\/\/ortoger.pt\/index.php?rest_route=%2Fwp%2Fv2%2Fproduct_tag&post=2283"}],"curies":[{"name":"wp","href":"https:\/\/api.w.org\/{rel}","templated":true}]}}