{"id":2253,"date":"2025-02-05T11:16:01","date_gmt":"2025-02-05T11:16:01","guid":{"rendered":"https:\/\/ortoger.pt\/?post_type=product&#038;p=2253"},"modified":"2025-04-12T10:03:23","modified_gmt":"2025-04-12T10:03:23","slug":"turbante-orquidea-bordo","status":"publish","type":"product","link":"https:\/\/ortoger.pt\/?product=turbante-orquidea-bordo","title":{"rendered":"Turbante Orqu\u00eddea Bord\u00f4"},"content":{"rendered":"<p>Turbante Oncol\u00f3gico especialmente concebido para mulheres que sofrem de tratamentos de alopecia e\/ou cancro, mas tamb\u00e9m indicado para qualquer mulher que queira sentir-se bonita e confort\u00e1vel no seu dia a dia.<\/p>\n<p>Tem um design delicado, com materiais macios ao toque. Colocar o Turbante sobre a cabe\u00e7a e poder\u00e1 ser centrado ou em ambos os lados.<\/p>\n<p>Apresenta um tamanho universal que se adapta \u00e1 forma natural da sua cabe\u00e7a.<\/p>\n<h4 class=\"mb-3\">Descri\u00e7\u00e3o T\u00e9cnica<\/h4>\n<div class=\"mb-3\">Caracter\u00edsticas: Materiais de qualidade &#8211; Composi\u00e7\u00e3o: Algod\u00e3o (95%) e Elastano (5%). Materiais macios e frescos que lhe proporcionam prote\u00e7\u00e3o e conforto. Tamanho \u00fanico Cor: Bord\u00f4<\/div>\n","protected":false},"excerpt":{"rendered":"<p>Turbante Oncol\u00f3gico especialmente concebido para mulheres que sofrem de tratamentos de alopecia e\/ou cancro, mas tamb\u00e9m indicado para qualquer mulher que queira sentir-se bonita e confort\u00e1vel no seu dia a dia. Tem um design delicado, com materiais macios ao toque. Colocar o Turbante sobre a cabe\u00e7a e poder\u00e1 ser centrado ou em ambos os lados. [&hellip;]<\/p>\n","protected":false},"featured_media":2254,"comment_status":"closed","ping_status":"closed","template":"","meta":{"_acf_changed":false,"jetpack_publicize_message":"","jetpack_publicize_feature_enabled":true,"jetpack_social_post_already_shared":true,"jetpack_social_options":{"image_generator_settings":{"template":"highway","default_image_id":0,"font":"","enabled":false},"version":2}},"product_brand":[],"product_cat":[672],"product_tag":[805,806,804],"class_list":{"0":"post-2253","1":"product","2":"type-product","3":"status-publish","4":"has-post-thumbnail","6":"product_cat-mastectomia","7":"product_tag-bordo","8":"product_tag-oncologico","9":"product_tag-turbante","11":"first","12":"instock","13":"shipping-taxable","14":"product-type-simple"},"acf":[],"jetpack_publicize_connections":[],"jetpack_sharing_enabled":true,"_links":{"self":[{"href":"https:\/\/ortoger.pt\/index.php?rest_route=\/wp\/v2\/product\/2253","targetHints":{"allow":["GET"]}}],"collection":[{"href":"https:\/\/ortoger.pt\/index.php?rest_route=\/wp\/v2\/product"}],"about":[{"href":"https:\/\/ortoger.pt\/index.php?rest_route=\/wp\/v2\/types\/product"}],"replies":[{"embeddable":true,"href":"https:\/\/ortoger.pt\/index.php?rest_route=%2Fwp%2Fv2%2Fcomments&post=2253"}],"wp:featuredmedia":[{"embeddable":true,"href":"https:\/\/ortoger.pt\/index.php?rest_route=\/wp\/v2\/media\/2254"}],"wp:attachment":[{"href":"https:\/\/ortoger.pt\/index.php?rest_route=%2Fwp%2Fv2%2Fmedia&parent=2253"}],"wp:term":[{"taxonomy":"product_brand","embeddable":true,"href":"https:\/\/ortoger.pt\/index.php?rest_route=%2Fwp%2Fv2%2Fproduct_brand&post=2253"},{"taxonomy":"product_cat","embeddable":true,"href":"https:\/\/ortoger.pt\/index.php?rest_route=%2Fwp%2Fv2%2Fproduct_cat&post=2253"},{"taxonomy":"product_tag","embeddable":true,"href":"https:\/\/ortoger.pt\/index.php?rest_route=%2Fwp%2Fv2%2Fproduct_tag&post=2253"}],"curies":[{"name":"wp","href":"https:\/\/api.w.org\/{rel}","templated":true}]}}