{"id":2241,"date":"2025-02-05T10:57:13","date_gmt":"2025-02-05T10:57:13","guid":{"rendered":"https:\/\/ortoger.pt\/?post_type=product&#038;p=2241"},"modified":"2025-04-12T18:25:18","modified_gmt":"2025-04-12T18:25:18","slug":"cinta-fato-com-perna","status":"publish","type":"product","link":"https:\/\/ortoger.pt\/?product=cinta-fato-com-perna","title":{"rendered":"Cinta Com Perna"},"content":{"rendered":"<p>Cinta com Perna de malha compressiva que auxilia na recupera\u00e7\u00e3o, ajudando a diminuir o edema e a inflama\u00e7\u00e3o da parte intervencionada. Proporciona conforto para a paciente e exerce uma compress\u00e3o forte e constante, modelando as zonas dorsais e do abd\u00f3men de uma forma eficaz.<\/p>\n<p>Principais caracter\u00edsticas:<br \/>\nRefor\u00e7o nas zonas da cintura e dorsal, n\u00e1degas, ancas e coxas;<br \/>\nAbertura frontal com colchetes ajust\u00e1vel em 3 n\u00edveis, permitindo reduzir o Tamanho da cinta;<br \/>\nAl\u00e7as de el\u00e1stico regul\u00e1veis e amov\u00edveis lateralmente;<br \/>\nComprimento da perna acima do tornozelo<br \/>\nCosturas planas;<br \/>\nMicrofibra perme\u00e1vel ao ar.<br \/>\nTamanhos: 28 &#8211; 46<br \/>\nCores: Preto, Bege<\/p>\n<p>Indica\u00e7\u00f5es:<\/p>\n<ul>\n<li>\u00a0Abdominoplastia<\/li>\n<li>\u00a0Lipoaspira\u00e7\u00e3o<\/li>\n<li>Lifting de pernas e coxas<\/li>\n<\/ul>\n","protected":false},"excerpt":{"rendered":"<p>Cinta com Perna de malha compressiva que auxilia na recupera\u00e7\u00e3o, ajudando a diminuir o edema e a inflama\u00e7\u00e3o da parte intervencionada. Proporciona conforto para a paciente e exerce uma compress\u00e3o forte e constante, modelando as zonas dorsais e do abd\u00f3men de uma forma eficaz. Principais caracter\u00edsticas: Refor\u00e7o nas zonas da cintura e dorsal, n\u00e1degas, ancas [&hellip;]<\/p>\n","protected":false},"featured_media":2506,"comment_status":"closed","ping_status":"closed","template":"","meta":{"_acf_changed":false,"jetpack_post_was_ever_published":false,"jetpack_publicize_message":"","jetpack_publicize_feature_enabled":true,"jetpack_social_post_already_shared":true,"jetpack_social_options":{"image_generator_settings":{"template":"highway","default_image_id":0,"font":"","enabled":false},"version":2}},"product_brand":[],"product_cat":[792],"product_tag":[301,260,793,797],"class_list":{"0":"post-2241","1":"product","2":"type-product","3":"status-publish","4":"has-post-thumbnail","6":"product_cat-lipoaspiracao","7":"product_tag-cinta","8":"product_tag-compressao","9":"product_tag-lipoaspiracao","10":"product_tag-total","12":"first","13":"instock","14":"shipping-taxable","15":"product-type-simple"},"acf":[],"jetpack_publicize_connections":[],"jetpack_sharing_enabled":true,"_links":{"self":[{"href":"https:\/\/ortoger.pt\/index.php?rest_route=\/wp\/v2\/product\/2241","targetHints":{"allow":["GET"]}}],"collection":[{"href":"https:\/\/ortoger.pt\/index.php?rest_route=\/wp\/v2\/product"}],"about":[{"href":"https:\/\/ortoger.pt\/index.php?rest_route=\/wp\/v2\/types\/product"}],"replies":[{"embeddable":true,"href":"https:\/\/ortoger.pt\/index.php?rest_route=%2Fwp%2Fv2%2Fcomments&post=2241"}],"wp:featuredmedia":[{"embeddable":true,"href":"https:\/\/ortoger.pt\/index.php?rest_route=\/wp\/v2\/media\/2506"}],"wp:attachment":[{"href":"https:\/\/ortoger.pt\/index.php?rest_route=%2Fwp%2Fv2%2Fmedia&parent=2241"}],"wp:term":[{"taxonomy":"product_brand","embeddable":true,"href":"https:\/\/ortoger.pt\/index.php?rest_route=%2Fwp%2Fv2%2Fproduct_brand&post=2241"},{"taxonomy":"product_cat","embeddable":true,"href":"https:\/\/ortoger.pt\/index.php?rest_route=%2Fwp%2Fv2%2Fproduct_cat&post=2241"},{"taxonomy":"product_tag","embeddable":true,"href":"https:\/\/ortoger.pt\/index.php?rest_route=%2Fwp%2Fv2%2Fproduct_tag&post=2241"}],"curies":[{"name":"wp","href":"https:\/\/api.w.org\/{rel}","templated":true}]}}