{"id":2236,"date":"2025-02-05T10:24:35","date_gmt":"2025-02-05T10:24:35","guid":{"rendered":"https:\/\/ortoger.pt\/?post_type=product&#038;p=2236"},"modified":"2025-04-12T18:43:30","modified_gmt":"2025-04-12T18:43:30","slug":"cinta-curta","status":"publish","type":"product","link":"https:\/\/ortoger.pt\/?product=cinta-curta","title":{"rendered":"Cinta Curta"},"content":{"rendered":"<p>Cinta Curta de malha compressiva com boa elasticidade adaptando-se ao corpo de forma confort\u00e1vel, modelando e auxiliando na recupera\u00e7\u00e3o.<br \/>\nCompress\u00e3o na horizontal para uma compress\u00e3o constante e adequada; elasticidade na vertical adaptando-se a v\u00e1rias alturas de tronco.<\/p>\n<p>Principais caracter\u00edsticas:<\/p>\n<ul>\n<li>Refor\u00e7o nas zonas da cintura, dorsal e abdominal;<\/li>\n<li>Abertura lateral com colchetes ajust\u00e1vel em 3 n\u00edveis permitindo reduzir o tamanho da cinta;<\/li>\n<li>Fundo fechado com colchetes;<\/li>\n<li>Al\u00e7as de el\u00e1stico regul\u00e1veis;<\/li>\n<li>Costuras planas;<\/li>\n<li>Microfibra perme\u00e1vel ao ar<\/li>\n<li>Tamanhos: 28 &#8211; 46<\/li>\n<li>Cores: Preto, Bege<\/li>\n<\/ul>\n<p>Indica\u00e7\u00f5es:<br \/>\n\u2022 Abdominoplastia<br \/>\n\u2022 Lipoaspira\u00e7\u00e3o<br \/>\n\u2022 Histerectomia<br \/>\n\u2022 P\u00f3s parto<\/p>\n","protected":false},"excerpt":{"rendered":"<p>Cinta Curta de malha compressiva com boa elasticidade adaptando-se ao corpo de forma confort\u00e1vel, modelando e auxiliando na recupera\u00e7\u00e3o. Compress\u00e3o na horizontal para uma compress\u00e3o constante e adequada; elasticidade na vertical adaptando-se a v\u00e1rias alturas de tronco. Principais caracter\u00edsticas: Refor\u00e7o nas zonas da cintura, dorsal e abdominal; Abertura lateral com colchetes ajust\u00e1vel em 3 n\u00edveis [&hellip;]<\/p>\n","protected":false},"featured_media":2233,"comment_status":"closed","ping_status":"closed","template":"","meta":{"_acf_changed":false,"jetpack_post_was_ever_published":false,"jetpack_publicize_message":"","jetpack_publicize_feature_enabled":true,"jetpack_social_post_already_shared":true,"jetpack_social_options":{"image_generator_settings":{"template":"highway","default_image_id":0,"font":"","enabled":false},"version":2}},"product_brand":[],"product_cat":[792],"product_tag":[795,301,276,793,794],"class_list":{"0":"post-2236","1":"product","2":"type-product","3":"status-publish","4":"has-post-thumbnail","6":"product_cat-lipoaspiracao","7":"product_tag-abdominoplastia","8":"product_tag-cinta","9":"product_tag-curta","10":"product_tag-lipoaspiracao","11":"product_tag-pos-parto","13":"first","14":"instock","15":"shipping-taxable","16":"product-type-simple"},"acf":[],"jetpack_publicize_connections":[],"jetpack_sharing_enabled":true,"_links":{"self":[{"href":"https:\/\/ortoger.pt\/index.php?rest_route=\/wp\/v2\/product\/2236","targetHints":{"allow":["GET"]}}],"collection":[{"href":"https:\/\/ortoger.pt\/index.php?rest_route=\/wp\/v2\/product"}],"about":[{"href":"https:\/\/ortoger.pt\/index.php?rest_route=\/wp\/v2\/types\/product"}],"replies":[{"embeddable":true,"href":"https:\/\/ortoger.pt\/index.php?rest_route=%2Fwp%2Fv2%2Fcomments&post=2236"}],"wp:featuredmedia":[{"embeddable":true,"href":"https:\/\/ortoger.pt\/index.php?rest_route=\/wp\/v2\/media\/2233"}],"wp:attachment":[{"href":"https:\/\/ortoger.pt\/index.php?rest_route=%2Fwp%2Fv2%2Fmedia&parent=2236"}],"wp:term":[{"taxonomy":"product_brand","embeddable":true,"href":"https:\/\/ortoger.pt\/index.php?rest_route=%2Fwp%2Fv2%2Fproduct_brand&post=2236"},{"taxonomy":"product_cat","embeddable":true,"href":"https:\/\/ortoger.pt\/index.php?rest_route=%2Fwp%2Fv2%2Fproduct_cat&post=2236"},{"taxonomy":"product_tag","embeddable":true,"href":"https:\/\/ortoger.pt\/index.php?rest_route=%2Fwp%2Fv2%2Fproduct_tag&post=2236"}],"curies":[{"name":"wp","href":"https:\/\/api.w.org\/{rel}","templated":true}]}}