{"id":2224,"date":"2024-10-17T14:40:02","date_gmt":"2024-10-17T14:40:02","guid":{"rendered":"https:\/\/ortoger.pt\/?post_type=product&#038;p=2224"},"modified":"2024-10-17T14:40:04","modified_gmt":"2024-10-17T14:40:04","slug":"cadeira-de-rodas-breezy-premium","status":"publish","type":"product","link":"https:\/\/ortoger.pt\/?product=cadeira-de-rodas-breezy-premium","title":{"rendered":"CADEIRA DE RODAS BREEZY PREMIUM"},"content":{"rendered":"<p class=\"NormalWeb \"><span class=\"s_2C3B84B0\">A Breezy Premium \u00e9 uma cadeira de rodas manual em a\u00e7o, resistente e funcional para utiliza\u00e7\u00e3o di\u00e1ria. Tecido de encosto e de assento em Nylon ligeiramente almofadado. Apoios de bra\u00e7os rebat\u00edveis para tr\u00e1s, para facilitar transfer\u00eancias ou aceder a uma mesa. Apoios de p\u00e9s rebat\u00edveis e amov\u00edveis, ajust\u00e1veis em altura.\u00a0<\/span><\/p>\n<p class=\"NormalWeb \"><span class=\"s_2C3B84B0\">A Breezy Premium \u00e9 uma cadeira de rodas manual robusta, dobr\u00e1vel para permitir a sua arruma\u00e7\u00e3o ou transporte na bagageira. Peso m\u00e1ximo do utilizador:125 kg. Peso total: desde 16,5 kg .<\/span><\/p>\n","protected":false},"excerpt":{"rendered":"<p>A Breezy Premium \u00e9 uma cadeira de rodas manual em a\u00e7o, resistente e funcional para utiliza\u00e7\u00e3o di\u00e1ria. Tecido de encosto e de assento em Nylon ligeiramente almofadado. Apoios de bra\u00e7os rebat\u00edveis para tr\u00e1s, para facilitar transfer\u00eancias ou aceder a uma mesa. Apoios de p\u00e9s rebat\u00edveis e amov\u00edveis, ajust\u00e1veis em altura.\u00a0 A Breezy Premium \u00e9 uma [&hellip;]<\/p>\n","protected":false},"featured_media":2225,"comment_status":"closed","ping_status":"closed","template":"","meta":{"_acf_changed":false,"jetpack_post_was_ever_published":false,"jetpack_publicize_message":"","jetpack_publicize_feature_enabled":true,"jetpack_social_post_already_shared":true,"jetpack_social_options":{"image_generator_settings":{"template":"highway","default_image_id":0,"font":"","enabled":false},"version":2}},"product_brand":[],"product_cat":[349],"product_tag":[372,368,789],"class_list":{"0":"post-2224","1":"product","2":"type-product","3":"status-publish","4":"has-post-thumbnail","6":"product_cat-cadeira-de-rodas-manual","7":"product_tag-aco","8":"product_tag-manual","9":"product_tag-rodas-extraiveis","11":"first","12":"instock","13":"shipping-taxable","14":"product-type-simple"},"acf":[],"jetpack_publicize_connections":[],"jetpack_sharing_enabled":true,"_links":{"self":[{"href":"https:\/\/ortoger.pt\/index.php?rest_route=\/wp\/v2\/product\/2224","targetHints":{"allow":["GET"]}}],"collection":[{"href":"https:\/\/ortoger.pt\/index.php?rest_route=\/wp\/v2\/product"}],"about":[{"href":"https:\/\/ortoger.pt\/index.php?rest_route=\/wp\/v2\/types\/product"}],"replies":[{"embeddable":true,"href":"https:\/\/ortoger.pt\/index.php?rest_route=%2Fwp%2Fv2%2Fcomments&post=2224"}],"wp:featuredmedia":[{"embeddable":true,"href":"https:\/\/ortoger.pt\/index.php?rest_route=\/wp\/v2\/media\/2225"}],"wp:attachment":[{"href":"https:\/\/ortoger.pt\/index.php?rest_route=%2Fwp%2Fv2%2Fmedia&parent=2224"}],"wp:term":[{"taxonomy":"product_brand","embeddable":true,"href":"https:\/\/ortoger.pt\/index.php?rest_route=%2Fwp%2Fv2%2Fproduct_brand&post=2224"},{"taxonomy":"product_cat","embeddable":true,"href":"https:\/\/ortoger.pt\/index.php?rest_route=%2Fwp%2Fv2%2Fproduct_cat&post=2224"},{"taxonomy":"product_tag","embeddable":true,"href":"https:\/\/ortoger.pt\/index.php?rest_route=%2Fwp%2Fv2%2Fproduct_tag&post=2224"}],"curies":[{"name":"wp","href":"https:\/\/api.w.org\/{rel}","templated":true}]}}