{"id":2016,"date":"2023-11-01T18:50:32","date_gmt":"2023-11-01T18:50:32","guid":{"rendered":"https:\/\/ortoger.pt\/?post_type=product&#038;p=2016"},"modified":"2023-11-01T18:50:32","modified_gmt":"2023-11-01T18:50:32","slug":"faixa-de-compressao-mamaria-rose-nude","status":"publish","type":"product","link":"https:\/\/ortoger.pt\/?product=faixa-de-compressao-mamaria-rose-nude","title":{"rendered":"Faixa de Compress\u00e3o Mam\u00e1ria Rose Nude"},"content":{"rendered":"<p>Esta faixa de compress\u00e3o v\u00eam para completar a fun\u00e7\u00e3o dos soutiens de compre\u00e7\u00e3o.<br \/>\nRecomendamos lavar \u00e0 m\u00e3o com \u00e1gua fria e detergente neutro para n\u00e3o perder a elasticidade , n\u00e3o usar lix\u00edvia;<br \/>\nN\u00e3o secar na m\u00e1quina; N\u00e3o passar a ferro; N\u00e3o limpar a seco; n\u00e3o expor ao sol.<\/p>\n<p>&nbsp;<\/p>\n","protected":false},"excerpt":{"rendered":"<p>Esta faixa de compress\u00e3o v\u00eam para completar a fun\u00e7\u00e3o dos soutiens de compre\u00e7\u00e3o. Recomendamos lavar \u00e0 m\u00e3o com \u00e1gua fria e detergente neutro para n\u00e3o perder a elasticidade , n\u00e3o usar lix\u00edvia; N\u00e3o secar na m\u00e1quina; N\u00e3o passar a ferro; N\u00e3o limpar a seco; n\u00e3o expor ao sol. &nbsp;<\/p>\n","protected":false},"featured_media":2018,"comment_status":"closed","ping_status":"closed","template":"","meta":{"_acf_changed":false,"jetpack_post_was_ever_published":false,"jetpack_publicize_message":"","jetpack_publicize_feature_enabled":true,"jetpack_social_post_already_shared":true,"jetpack_social_options":{"image_generator_settings":{"template":"highway","default_image_id":0,"font":"","enabled":false},"version":2}},"product_brand":[],"product_cat":[672],"product_tag":[260,689,688,252],"class_list":{"0":"post-2016","1":"product","2":"type-product","3":"status-publish","4":"has-post-thumbnail","6":"product_cat-mastectomia","7":"product_tag-compressao","8":"product_tag-faixa-mamaria","9":"product_tag-mulher","10":"product_tag-suporte","12":"first","13":"instock","14":"shipping-taxable","15":"product-type-simple"},"acf":[],"jetpack_publicize_connections":[],"jetpack_sharing_enabled":true,"_links":{"self":[{"href":"https:\/\/ortoger.pt\/index.php?rest_route=\/wp\/v2\/product\/2016","targetHints":{"allow":["GET"]}}],"collection":[{"href":"https:\/\/ortoger.pt\/index.php?rest_route=\/wp\/v2\/product"}],"about":[{"href":"https:\/\/ortoger.pt\/index.php?rest_route=\/wp\/v2\/types\/product"}],"replies":[{"embeddable":true,"href":"https:\/\/ortoger.pt\/index.php?rest_route=%2Fwp%2Fv2%2Fcomments&post=2016"}],"wp:featuredmedia":[{"embeddable":true,"href":"https:\/\/ortoger.pt\/index.php?rest_route=\/wp\/v2\/media\/2018"}],"wp:attachment":[{"href":"https:\/\/ortoger.pt\/index.php?rest_route=%2Fwp%2Fv2%2Fmedia&parent=2016"}],"wp:term":[{"taxonomy":"product_brand","embeddable":true,"href":"https:\/\/ortoger.pt\/index.php?rest_route=%2Fwp%2Fv2%2Fproduct_brand&post=2016"},{"taxonomy":"product_cat","embeddable":true,"href":"https:\/\/ortoger.pt\/index.php?rest_route=%2Fwp%2Fv2%2Fproduct_cat&post=2016"},{"taxonomy":"product_tag","embeddable":true,"href":"https:\/\/ortoger.pt\/index.php?rest_route=%2Fwp%2Fv2%2Fproduct_tag&post=2016"}],"curies":[{"name":"wp","href":"https:\/\/api.w.org\/{rel}","templated":true}]}}