{"id":2011,"date":"2023-11-01T18:31:34","date_gmt":"2023-11-01T18:31:34","guid":{"rendered":"https:\/\/ortoger.pt\/?post_type=product&#038;p=2011"},"modified":"2023-11-01T18:31:34","modified_gmt":"2023-11-01T18:31:34","slug":"soutien-isadora","status":"publish","type":"product","link":"https:\/\/ortoger.pt\/?product=soutien-isadora","title":{"rendered":"Soutien Isadora"},"content":{"rendered":"<p>Este modelo \u00e9 constitu\u00eddo por copas tripartidas ( 3 partes, corte em T) para um excelente suporte. decorado com bordados decorativos todos em transpar\u00eancia para um toque de eleg\u00e2ncia, as al\u00e7as ajust\u00e1veis \u200b\u200blargas e acolchoadas para maior conforto.\u00a0Bolsas bilaterais macias, mant\u00eam a sua pr\u00f3tese no lugar.<br \/>\nMaterial : 83% Poliamida, 17% Elastano<\/p>\n<p>Lavar \u00e0 m\u00e3o com \u00e1gua fria e detergente neutro .\u00a0 N\u00e3o usar lix\u00edvia .\u00a0 N\u00e3o secar na m\u00e1quina. N\u00e3o passar a ferro. N\u00e3o lavar a seco.<\/p>\n","protected":false},"excerpt":{"rendered":"<p>Este modelo \u00e9 constitu\u00eddo por copas tripartidas ( 3 partes, corte em T) para um excelente suporte. decorado com bordados decorativos todos em transpar\u00eancia para um toque de eleg\u00e2ncia, as al\u00e7as ajust\u00e1veis \u200b\u200blargas e acolchoadas para maior conforto.\u00a0Bolsas bilaterais macias, mant\u00eam a sua pr\u00f3tese no lugar. Material : 83% Poliamida, 17% Elastano Lavar \u00e0 m\u00e3o [&hellip;]<\/p>\n","protected":false},"featured_media":2013,"comment_status":"closed","ping_status":"closed","template":"","meta":{"_acf_changed":false,"jetpack_post_was_ever_published":false,"jetpack_publicize_message":"","jetpack_publicize_feature_enabled":true,"jetpack_social_post_already_shared":true,"jetpack_social_options":{"image_generator_settings":{"template":"highway","default_image_id":0,"font":"","enabled":false},"version":2}},"product_brand":[],"product_cat":[672],"product_tag":[95,681,688,684,685,252],"class_list":{"0":"post-2011","1":"product","2":"type-product","3":"status-publish","4":"has-post-thumbnail","6":"product_cat-mastectomia","7":"product_tag-conforto","8":"product_tag-mastectomia","9":"product_tag-mulher","10":"product_tag-proteses","11":"product_tag-soutien","12":"product_tag-suporte","14":"first","15":"instock","16":"shipping-taxable","17":"product-type-simple"},"acf":[],"jetpack_publicize_connections":[],"jetpack_sharing_enabled":true,"_links":{"self":[{"href":"https:\/\/ortoger.pt\/index.php?rest_route=\/wp\/v2\/product\/2011","targetHints":{"allow":["GET"]}}],"collection":[{"href":"https:\/\/ortoger.pt\/index.php?rest_route=\/wp\/v2\/product"}],"about":[{"href":"https:\/\/ortoger.pt\/index.php?rest_route=\/wp\/v2\/types\/product"}],"replies":[{"embeddable":true,"href":"https:\/\/ortoger.pt\/index.php?rest_route=%2Fwp%2Fv2%2Fcomments&post=2011"}],"wp:featuredmedia":[{"embeddable":true,"href":"https:\/\/ortoger.pt\/index.php?rest_route=\/wp\/v2\/media\/2013"}],"wp:attachment":[{"href":"https:\/\/ortoger.pt\/index.php?rest_route=%2Fwp%2Fv2%2Fmedia&parent=2011"}],"wp:term":[{"taxonomy":"product_brand","embeddable":true,"href":"https:\/\/ortoger.pt\/index.php?rest_route=%2Fwp%2Fv2%2Fproduct_brand&post=2011"},{"taxonomy":"product_cat","embeddable":true,"href":"https:\/\/ortoger.pt\/index.php?rest_route=%2Fwp%2Fv2%2Fproduct_cat&post=2011"},{"taxonomy":"product_tag","embeddable":true,"href":"https:\/\/ortoger.pt\/index.php?rest_route=%2Fwp%2Fv2%2Fproduct_tag&post=2011"}],"curies":[{"name":"wp","href":"https:\/\/api.w.org\/{rel}","templated":true}]}}