{"id":1979,"date":"2023-11-01T15:34:49","date_gmt":"2023-11-01T15:34:49","guid":{"rendered":"https:\/\/ortoger.pt\/?post_type=product&#038;p=1979"},"modified":"2024-03-03T18:57:28","modified_gmt":"2024-03-03T18:57:28","slug":"palmilha-ortopedica-de-memfoam","status":"publish","type":"product","link":"https:\/\/ortoger.pt\/?product=palmilha-ortopedica-de-memfoam","title":{"rendered":"Palmilha Ortop\u00e9dica de MEMORY FOAM"},"content":{"rendered":"<p>As palmilhas Memory Foam da Aetrex s\u00e3o projetadas para todos que estejam muitas horas em p\u00e9 e pretendam a preven\u00e7\u00e3o de les\u00f5es no dia a dia. Indicada para diab\u00e9ticos,\u00a0 pessoas com p\u00e9s muito sens\u00edveis, e ou com peso acima da m\u00e9dia. Fornecem o suporte e amortecimento ideais, para cada tipo de p\u00e9. Fazemos toda uma avalia\u00e7\u00e3o da sua pisada , para uma indica\u00e7\u00e3o diferente em cada situa\u00e7\u00e3o. Esta ort\u00f3tese apresenta o exclusivo suporte de arco Aetrex, para ajudar no alinhamento biomec\u00e2nico do corpo.<br \/>\nPalmilha Aetrex Memory Foam: L2300 \u2013 L2305 \u2013 L2320 \u2013 L2325<br \/>\nDispon\u00edveis no tamanho: 35.5 \/ 36.5 \/ 37.5 \/ 38.5 \/ 39.5 \/ 40.5 \/ 42 \/43 \/ 44.5 \/ 46 \/ 47<br \/>\nOs p\u00e9s s\u00e3o a base de tudo, se existe um desn\u00edvel toda a sua estrutura estar\u00e1 tamb\u00e9m afetada.<br \/>\nRecomendamos para maior conforto, a remo\u00e7\u00e3o da palmilha original evitando assim duas alturas no interior do seu cal\u00e7ado. A palmilha adequada ao seu tipo de p\u00e9, ir\u00e1 lhe dar um maior conforto e uma melhor distribui\u00e7\u00e3o dos pontos de press\u00e3o.<\/p>\n<p>As palmilhas s\u00e3o lav\u00e1veis \u00e0 m\u00e3o com detergente neutro e\/ou spray de limpeza neutro, para uma maior durabilidade. N\u00e3o recomendamos colocar na m\u00e1quina da roupa, n\u00e3o colocar ao sol, nem em fontes de calor.<\/p>\n","protected":false},"excerpt":{"rendered":"<p>As palmilhas Memory Foam da Aetrex s\u00e3o projetadas para todos que estejam muitas horas em p\u00e9 e pretendam a preven\u00e7\u00e3o de les\u00f5es no dia a dia. Indicada para diab\u00e9ticos,\u00a0 pessoas com p\u00e9s muito sens\u00edveis, e ou com peso acima da m\u00e9dia. Fornecem o suporte e amortecimento ideais, para cada tipo de p\u00e9. Fazemos toda uma [&hellip;]<\/p>\n","protected":false},"featured_media":1980,"comment_status":"closed","ping_status":"closed","template":"","meta":{"_acf_changed":false,"jetpack_post_was_ever_published":false,"jetpack_publicize_message":"","jetpack_publicize_feature_enabled":true,"jetpack_social_post_already_shared":true,"jetpack_social_options":{"image_generator_settings":{"template":"highway","default_image_id":0,"font":"","enabled":false},"version":2}},"product_brand":[],"product_cat":[575],"product_tag":[95,674,677,679,680,606,577,313,745,744],"class_list":{"0":"post-1979","1":"product","2":"type-product","3":"status-publish","4":"has-post-thumbnail","6":"product_cat-podologia","7":"product_tag-conforto","8":"product_tag-dor","9":"product_tag-palmilha","10":"product_tag-pe-cavo","11":"product_tag-pe-chato","12":"product_tag-pe-diabetico","13":"product_tag-pes","14":"product_tag-postura","15":"product_tag-pronador","16":"product_tag-supinador","18":"first","19":"instock","20":"shipping-taxable","21":"product-type-simple"},"acf":[],"jetpack_publicize_connections":[],"jetpack_sharing_enabled":true,"_links":{"self":[{"href":"https:\/\/ortoger.pt\/index.php?rest_route=\/wp\/v2\/product\/1979","targetHints":{"allow":["GET"]}}],"collection":[{"href":"https:\/\/ortoger.pt\/index.php?rest_route=\/wp\/v2\/product"}],"about":[{"href":"https:\/\/ortoger.pt\/index.php?rest_route=\/wp\/v2\/types\/product"}],"replies":[{"embeddable":true,"href":"https:\/\/ortoger.pt\/index.php?rest_route=%2Fwp%2Fv2%2Fcomments&post=1979"}],"wp:featuredmedia":[{"embeddable":true,"href":"https:\/\/ortoger.pt\/index.php?rest_route=\/wp\/v2\/media\/1980"}],"wp:attachment":[{"href":"https:\/\/ortoger.pt\/index.php?rest_route=%2Fwp%2Fv2%2Fmedia&parent=1979"}],"wp:term":[{"taxonomy":"product_brand","embeddable":true,"href":"https:\/\/ortoger.pt\/index.php?rest_route=%2Fwp%2Fv2%2Fproduct_brand&post=1979"},{"taxonomy":"product_cat","embeddable":true,"href":"https:\/\/ortoger.pt\/index.php?rest_route=%2Fwp%2Fv2%2Fproduct_cat&post=1979"},{"taxonomy":"product_tag","embeddable":true,"href":"https:\/\/ortoger.pt\/index.php?rest_route=%2Fwp%2Fv2%2Fproduct_tag&post=1979"}],"curies":[{"name":"wp","href":"https:\/\/api.w.org\/{rel}","templated":true}]}}