{"id":1899,"date":"2023-09-20T15:34:51","date_gmt":"2023-09-20T15:34:51","guid":{"rendered":"https:\/\/ortoger.pt\/?post_type=product&#038;p=1899"},"modified":"2025-02-08T15:08:10","modified_gmt":"2025-02-08T15:08:10","slug":"berlim-wg4af13","status":"publish","type":"product","link":"https:\/\/ortoger.pt\/?product=berlim-wg4af13","title":{"rendered":"BERLIM (WG4AF13)"},"content":{"rendered":"<p>CONFORTO<\/p>\n<p>O seu sistema de constru\u00e7\u00e3o garante uma grande flexibilidade desde o primeiro dia. A forma \u00e9 adequada aos seus p\u00e9s: tem uma base que lhes permite manterem uma posi\u00e7\u00e3o anatomicamente correta e espa\u00e7o suficiente para os dedos. A palmilha anat\u00f3mica amov\u00edvel.<\/p>\n<p>HIGIENE<\/p>\n<p>As socas Wash\u2019Go s\u00e3o lav\u00e1veis na m\u00e1quina de lavar.<\/p>\n<p>SEGURAN\u00c7A<\/p>\n<p>As socas s\u00e3o antiderrapantes, antiest\u00e1ticos, certificados e ostentam a marca\u00e7\u00e3o CE. Tamb\u00e9m com op\u00e7\u00e3o de presilha de seguran\u00e7a para melhor fixa\u00e7\u00e3o ao p\u00e9.<\/p>\n","protected":false},"excerpt":{"rendered":"<p>CONFORTO O seu sistema de constru\u00e7\u00e3o garante uma grande flexibilidade desde o primeiro dia. A forma \u00e9 adequada aos seus p\u00e9s: tem uma base que lhes permite manterem uma posi\u00e7\u00e3o anatomicamente correta e espa\u00e7o suficiente para os dedos. A palmilha anat\u00f3mica amov\u00edvel. HIGIENE As socas Wash\u2019Go s\u00e3o lav\u00e1veis na m\u00e1quina de lavar. SEGURAN\u00c7A As socas [&hellip;]<\/p>\n","protected":false},"featured_media":1900,"comment_status":"closed","ping_status":"closed","template":"","meta":{"_acf_changed":false,"jetpack_post_was_ever_published":false,"jetpack_publicize_message":"","jetpack_publicize_feature_enabled":true,"jetpack_social_post_already_shared":true,"jetpack_social_options":{"image_generator_settings":{"template":"highway","default_image_id":0,"font":"","enabled":false},"version":2}},"product_brand":[],"product_cat":[832],"product_tag":[620,388,369,639,640],"class_list":{"0":"post-1899","1":"product","2":"type-product","3":"status-publish","4":"has-post-thumbnail","6":"product_cat-washgo","7":"product_tag-calcado","8":"product_tag-confortavel","9":"product_tag-leve","10":"product_tag-pele","11":"product_tag-soca","13":"first","14":"instock","15":"shipping-taxable","16":"product-type-simple"},"acf":[],"jetpack_publicize_connections":[],"jetpack_sharing_enabled":true,"_links":{"self":[{"href":"https:\/\/ortoger.pt\/index.php?rest_route=\/wp\/v2\/product\/1899","targetHints":{"allow":["GET"]}}],"collection":[{"href":"https:\/\/ortoger.pt\/index.php?rest_route=\/wp\/v2\/product"}],"about":[{"href":"https:\/\/ortoger.pt\/index.php?rest_route=\/wp\/v2\/types\/product"}],"replies":[{"embeddable":true,"href":"https:\/\/ortoger.pt\/index.php?rest_route=%2Fwp%2Fv2%2Fcomments&post=1899"}],"wp:featuredmedia":[{"embeddable":true,"href":"https:\/\/ortoger.pt\/index.php?rest_route=\/wp\/v2\/media\/1900"}],"wp:attachment":[{"href":"https:\/\/ortoger.pt\/index.php?rest_route=%2Fwp%2Fv2%2Fmedia&parent=1899"}],"wp:term":[{"taxonomy":"product_brand","embeddable":true,"href":"https:\/\/ortoger.pt\/index.php?rest_route=%2Fwp%2Fv2%2Fproduct_brand&post=1899"},{"taxonomy":"product_cat","embeddable":true,"href":"https:\/\/ortoger.pt\/index.php?rest_route=%2Fwp%2Fv2%2Fproduct_cat&post=1899"},{"taxonomy":"product_tag","embeddable":true,"href":"https:\/\/ortoger.pt\/index.php?rest_route=%2Fwp%2Fv2%2Fproduct_tag&post=1899"}],"curies":[{"name":"wp","href":"https:\/\/api.w.org\/{rel}","templated":true}]}}