{"id":1891,"date":"2023-09-20T14:34:17","date_gmt":"2023-09-20T14:34:17","guid":{"rendered":"https:\/\/ortoger.pt\/?post_type=product&#038;p=1891"},"modified":"2025-02-08T15:07:27","modified_gmt":"2025-02-08T15:07:27","slug":"sapatilhas-de-trabalho-douradas-reblast-06","status":"publish","type":"product","link":"https:\/\/ortoger.pt\/?product=sapatilhas-de-trabalho-douradas-reblast-06","title":{"rendered":"Sapatilhas de Trabalho Douradas (REBLAST 06)"},"content":{"rendered":"<div class=\"rdc-product-description\">\n<div class=\"description  paragraph\">Um tom sofisticado afirma a tua singularidade e destaca o teu uniforme. As sapatilhas de trabalho douradas REBLAST evocam a frescura de um passeio em pleno local de trabalho, com o conforto que aprecias e a prote\u00e7\u00e3o que as tarefas te exigem. A tecnologia PROBREATH\u2122 oferece uma prote\u00e7\u00e3o funcional e inteligente, combinando uma mesh respir\u00e1vel na parte superior com a \u00e1rea lateral em fused printing que te protege de l\u00edquidos. Ideais para Catering, Beleza\/Cosm\u00e9tica, Geriatria, Fisioterapia e outros.<\/div>\n<\/div>\n<div class=\"rdc-product-keyfeatures\">\n<div class=\"keyfeatures \">\n<ul>\n<li>\n<p class=\"paragraph\">Ventilado: Regula a temperatura e a humidade do p\u00e9.<\/p>\n<\/li>\n<li>\n<p class=\"paragraph\">Super Leve: A tecnologia Feelite\u2122 produz cal\u00e7ado extraordinariamente leve, resistente e confort\u00e1vel.<\/p>\n<\/li>\n<li>\n<p class=\"paragraph\">Palmillha Amov\u00edvel: \u00c9 amov\u00edvel para permitir melhor limpeza.<\/p>\n<\/li>\n<li>\n<p class=\"paragraph\">Lav\u00e1vel 30\u00b0: O cal\u00e7ado pode ser lavado \u00e0 m\u00e1quina a 30\u00b0.<\/p>\n<\/li>\n<\/ul>\n<\/div>\n<\/div>\n","protected":false},"excerpt":{"rendered":"<p>Um tom sofisticado afirma a tua singularidade e destaca o teu uniforme. As sapatilhas de trabalho douradas REBLAST evocam a frescura de um passeio em pleno local de trabalho, com o conforto que aprecias e a prote\u00e7\u00e3o que as tarefas te exigem. A tecnologia PROBREATH\u2122 oferece uma prote\u00e7\u00e3o funcional e inteligente, combinando uma mesh respir\u00e1vel [&hellip;]<\/p>\n","protected":false},"featured_media":1892,"comment_status":"closed","ping_status":"closed","template":"","meta":{"_acf_changed":false,"jetpack_post_was_ever_published":false,"jetpack_publicize_message":"","jetpack_publicize_feature_enabled":true,"jetpack_social_post_already_shared":true,"jetpack_social_options":{"image_generator_settings":{"template":"highway","default_image_id":0,"font":"","enabled":false},"version":2}},"product_brand":[],"product_cat":[831],"product_tag":[620,95,369,638],"class_list":{"0":"post-1891","1":"product","2":"type-product","3":"status-publish","4":"has-post-thumbnail","6":"product_cat-wock","7":"product_tag-calcado","8":"product_tag-conforto","9":"product_tag-leve","10":"product_tag-profissionais","12":"first","13":"instock","14":"shipping-taxable","15":"product-type-simple"},"acf":[],"jetpack_publicize_connections":[],"jetpack_sharing_enabled":true,"_links":{"self":[{"href":"https:\/\/ortoger.pt\/index.php?rest_route=\/wp\/v2\/product\/1891","targetHints":{"allow":["GET"]}}],"collection":[{"href":"https:\/\/ortoger.pt\/index.php?rest_route=\/wp\/v2\/product"}],"about":[{"href":"https:\/\/ortoger.pt\/index.php?rest_route=\/wp\/v2\/types\/product"}],"replies":[{"embeddable":true,"href":"https:\/\/ortoger.pt\/index.php?rest_route=%2Fwp%2Fv2%2Fcomments&post=1891"}],"wp:featuredmedia":[{"embeddable":true,"href":"https:\/\/ortoger.pt\/index.php?rest_route=\/wp\/v2\/media\/1892"}],"wp:attachment":[{"href":"https:\/\/ortoger.pt\/index.php?rest_route=%2Fwp%2Fv2%2Fmedia&parent=1891"}],"wp:term":[{"taxonomy":"product_brand","embeddable":true,"href":"https:\/\/ortoger.pt\/index.php?rest_route=%2Fwp%2Fv2%2Fproduct_brand&post=1891"},{"taxonomy":"product_cat","embeddable":true,"href":"https:\/\/ortoger.pt\/index.php?rest_route=%2Fwp%2Fv2%2Fproduct_cat&post=1891"},{"taxonomy":"product_tag","embeddable":true,"href":"https:\/\/ortoger.pt\/index.php?rest_route=%2Fwp%2Fv2%2Fproduct_tag&post=1891"}],"curies":[{"name":"wp","href":"https:\/\/api.w.org\/{rel}","templated":true}]}}