{"id":1882,"date":"2023-09-20T12:14:42","date_gmt":"2023-09-20T12:14:42","guid":{"rendered":"https:\/\/ortoger.pt\/?post_type=product&#038;p=1882"},"modified":"2025-02-08T15:13:56","modified_gmt":"2025-02-08T15:13:56","slug":"sapatilhas-de-trabalho-pretas-breelite-02","status":"publish","type":"product","link":"https:\/\/ortoger.pt\/?product=sapatilhas-de-trabalho-pretas-breelite-02","title":{"rendered":"Sapatilhas de Trabalho Pretas (BREELITE 02)"},"content":{"rendered":"<div class=\"rdc-product-description\">\n<div class=\"description  paragraph\">As sapatilhas pretas BREELITE foram desenhadas para proporcionar o m\u00e1ximo conforto e respirabilidade, com toda seguran\u00e7a. S\u00e3o ideais para todas as pessoas com uma vida ativa e para profissionais que necessitam de um cal\u00e7ado leve.<\/div>\n<\/div>\n<div class=\"rdc-product-keyfeatures\">\n<div class=\"keyfeatures \">\n<ul>\n<li>\n<p class=\"paragraph\">Ventilado: Regula a temperatura e a humidade do p\u00e9.<\/p>\n<\/li>\n<li>\n<p class=\"paragraph\">Super Leve: A tecnologia Feelite\u2122 produz cal\u00e7ado extraordinariamente leve, resistente e confort\u00e1vel.<\/p>\n<\/li>\n<li>\n<p class=\"paragraph\">Antiderrapante: Antiderrapante: A sola foi desenhada para reduzir o risco de escorregamento.<\/p>\n<\/li>\n<\/ul>\n<\/div>\n<\/div>\n","protected":false},"excerpt":{"rendered":"<p>As sapatilhas pretas BREELITE foram desenhadas para proporcionar o m\u00e1ximo conforto e respirabilidade, com toda seguran\u00e7a. S\u00e3o ideais para todas as pessoas com uma vida ativa e para profissionais que necessitam de um cal\u00e7ado leve. Ventilado: Regula a temperatura e a humidade do p\u00e9. Super Leve: A tecnologia Feelite\u2122 produz cal\u00e7ado extraordinariamente leve, resistente e [&hellip;]<\/p>\n","protected":false},"featured_media":1883,"comment_status":"closed","ping_status":"closed","template":"","meta":{"_acf_changed":false,"jetpack_post_was_ever_published":false,"jetpack_publicize_message":"","jetpack_publicize_feature_enabled":true,"jetpack_social_post_already_shared":true,"jetpack_social_options":{"image_generator_settings":{"template":"highway","default_image_id":0,"font":"","enabled":false},"version":2}},"product_brand":[],"product_cat":[831],"product_tag":[620,388,94,369,637],"class_list":{"0":"post-1882","1":"product","2":"type-product","3":"status-publish","4":"has-post-thumbnail","6":"product_cat-wock","7":"product_tag-calcado","8":"product_tag-confortavel","9":"product_tag-descanso","10":"product_tag-leve","11":"product_tag-tenis","13":"first","14":"instock","15":"shipping-taxable","16":"product-type-simple"},"acf":[],"jetpack_publicize_connections":[],"jetpack_sharing_enabled":true,"_links":{"self":[{"href":"https:\/\/ortoger.pt\/index.php?rest_route=\/wp\/v2\/product\/1882","targetHints":{"allow":["GET"]}}],"collection":[{"href":"https:\/\/ortoger.pt\/index.php?rest_route=\/wp\/v2\/product"}],"about":[{"href":"https:\/\/ortoger.pt\/index.php?rest_route=\/wp\/v2\/types\/product"}],"replies":[{"embeddable":true,"href":"https:\/\/ortoger.pt\/index.php?rest_route=%2Fwp%2Fv2%2Fcomments&post=1882"}],"wp:featuredmedia":[{"embeddable":true,"href":"https:\/\/ortoger.pt\/index.php?rest_route=\/wp\/v2\/media\/1883"}],"wp:attachment":[{"href":"https:\/\/ortoger.pt\/index.php?rest_route=%2Fwp%2Fv2%2Fmedia&parent=1882"}],"wp:term":[{"taxonomy":"product_brand","embeddable":true,"href":"https:\/\/ortoger.pt\/index.php?rest_route=%2Fwp%2Fv2%2Fproduct_brand&post=1882"},{"taxonomy":"product_cat","embeddable":true,"href":"https:\/\/ortoger.pt\/index.php?rest_route=%2Fwp%2Fv2%2Fproduct_cat&post=1882"},{"taxonomy":"product_tag","embeddable":true,"href":"https:\/\/ortoger.pt\/index.php?rest_route=%2Fwp%2Fv2%2Fproduct_tag&post=1882"}],"curies":[{"name":"wp","href":"https:\/\/api.w.org\/{rel}","templated":true}]}}