{"id":1850,"date":"2023-09-20T10:36:28","date_gmt":"2023-09-20T10:36:28","guid":{"rendered":"https:\/\/ortoger.pt\/?post_type=product&#038;p=1850"},"modified":"2025-02-08T15:19:52","modified_gmt":"2025-02-08T15:19:52","slug":"sapatos-de-trabalho-verde-hospitalar-everlite-11","status":"publish","type":"product","link":"https:\/\/ortoger.pt\/?product=sapatos-de-trabalho-verde-hospitalar-everlite-11","title":{"rendered":"Sapatos de Trabalho Verde Hospitalar (EVERLITE 11)"},"content":{"rendered":"<div class=\"rdc-product-description\">\n<div class=\"description  paragraph\">Com os sapatos profissionais EVERLITE trabalhas leve, com agilidade e conforto todo o dia. A caracter\u00edstica antiest\u00e1tica garante a tua seguran\u00e7a e a prote\u00e7\u00e3o superior protege-te da entrada de l\u00edquidos. De f\u00e1cil lavagem, a nova cor verde hospitalar complementa o teu uniforme de trabalho. Ideal para atividades em que os profissionais passam muitas horas de p\u00e9: Hospitais &amp; Institui\u00e7\u00f5es de Sa\u00fade, Geri\u00e1tricas e de Fisioterapia, Limpeza, Ind\u00fastria Farmac\u00eautica. O sapato Everlite tem palmilha inclu\u00edda.<\/div>\n<\/div>\n<div class=\"rdc-product-keyfeatures\">\n<div class=\"keyfeatures \">\n<ul>\n<li>\n<p class=\"paragraph\">Super Leve: A tecnologia Feelite\u2122 produz cal\u00e7ado extraordinariamente leve, resistente e confort\u00e1vel.<\/p>\n<\/li>\n<li>\n<p class=\"paragraph\">Prote\u00e7\u00e3o Superior: Evita a entrada de l\u00edquidos dentro do cal\u00e7ado pela parte superior.<\/p>\n<\/li>\n<li>\n<p class=\"paragraph\">Antiest\u00e1tico: Promove a liberta\u00e7\u00e3o da energia eletroest\u00e1tica acumulada.<\/p>\n<\/li>\n<li>\n<p class=\"paragraph\">Ventilado: Regula a temperatura e a humidade do p\u00e9.<\/p>\n<\/li>\n<\/ul>\n<\/div>\n<\/div>\n","protected":false},"excerpt":{"rendered":"<p>Com os sapatos profissionais EVERLITE trabalhas leve, com agilidade e conforto todo o dia. A caracter\u00edstica antiest\u00e1tica garante a tua seguran\u00e7a e a prote\u00e7\u00e3o superior protege-te da entrada de l\u00edquidos. De f\u00e1cil lavagem, a nova cor verde hospitalar complementa o teu uniforme de trabalho. Ideal para atividades em que os profissionais passam muitas horas de [&hellip;]<\/p>\n","protected":false},"featured_media":1851,"comment_status":"closed","ping_status":"closed","template":"","meta":{"_acf_changed":false,"jetpack_post_was_ever_published":false,"jetpack_publicize_message":"","jetpack_publicize_feature_enabled":true,"jetpack_social_post_already_shared":true,"jetpack_social_options":{"image_generator_settings":{"template":"highway","default_image_id":0,"font":"","enabled":false},"version":2}},"product_brand":[],"product_cat":[831],"product_tag":[630,620,388,621],"class_list":{"0":"post-1850","1":"product","2":"type-product","3":"status-publish","4":"has-post-thumbnail","6":"product_cat-wock","7":"product_tag-630","8":"product_tag-calcado","9":"product_tag-confortavel","10":"product_tag-profissional","12":"first","13":"instock","14":"shipping-taxable","15":"product-type-simple"},"acf":[],"jetpack_publicize_connections":[],"jetpack_sharing_enabled":true,"_links":{"self":[{"href":"https:\/\/ortoger.pt\/index.php?rest_route=\/wp\/v2\/product\/1850","targetHints":{"allow":["GET"]}}],"collection":[{"href":"https:\/\/ortoger.pt\/index.php?rest_route=\/wp\/v2\/product"}],"about":[{"href":"https:\/\/ortoger.pt\/index.php?rest_route=\/wp\/v2\/types\/product"}],"replies":[{"embeddable":true,"href":"https:\/\/ortoger.pt\/index.php?rest_route=%2Fwp%2Fv2%2Fcomments&post=1850"}],"wp:featuredmedia":[{"embeddable":true,"href":"https:\/\/ortoger.pt\/index.php?rest_route=\/wp\/v2\/media\/1851"}],"wp:attachment":[{"href":"https:\/\/ortoger.pt\/index.php?rest_route=%2Fwp%2Fv2%2Fmedia&parent=1850"}],"wp:term":[{"taxonomy":"product_brand","embeddable":true,"href":"https:\/\/ortoger.pt\/index.php?rest_route=%2Fwp%2Fv2%2Fproduct_brand&post=1850"},{"taxonomy":"product_cat","embeddable":true,"href":"https:\/\/ortoger.pt\/index.php?rest_route=%2Fwp%2Fv2%2Fproduct_cat&post=1850"},{"taxonomy":"product_tag","embeddable":true,"href":"https:\/\/ortoger.pt\/index.php?rest_route=%2Fwp%2Fv2%2Fproduct_tag&post=1850"}],"curies":[{"name":"wp","href":"https:\/\/api.w.org\/{rel}","templated":true}]}}