{"id":1844,"date":"2023-09-20T10:30:52","date_gmt":"2023-09-20T10:30:52","guid":{"rendered":"https:\/\/ortoger.pt\/?post_type=product&#038;p=1844"},"modified":"2025-02-08T15:21:09","modified_gmt":"2025-02-08T15:21:09","slug":"sapatos-de-trabalho-cinza-quente-everlite-10","status":"publish","type":"product","link":"https:\/\/ortoger.pt\/?product=sapatos-de-trabalho-cinza-quente-everlite-10","title":{"rendered":"Sapatos de Trabalho Cinza Quente (EVERLITE 10)"},"content":{"rendered":"<div class=\"rdc-product-description\">\n<div class=\"description  paragraph\">Um dos modelos mais procurados pelos nossos profissionais pela sua versatilidade, o suave tom dourado traz uma nova personalidade ao design contempor\u00e2neo dos sapatos de trabalho EVERLITE com palmilha. Trabalha leve, com agilidade, e confort\u00e1vel ao longo de todo o dia. De f\u00e1cil lavagem e anti est\u00e1tico, \u00e9 ideal para atividades nas quais os profissionais passam muitas horas de p\u00e9: Hospitais &amp; Institui\u00e7\u00f5es de Sa\u00fade, Limpeza, Ind\u00fastria Farmac\u00eautica, Institui\u00e7\u00f5es Geri\u00e1tricas e de Fisioterapia.<\/div>\n<\/div>\n<div class=\"rdc-product-keyfeatures\">\n<div class=\"keyfeatures \">\n<ul>\n<li>\n<p class=\"paragraph\">Super Leve: A tecnologia Feelite\u2122 produz cal\u00e7ado extraordinariamente leve, resistente e confort\u00e1vel.<\/p>\n<\/li>\n<li>\n<p class=\"paragraph\">Prote\u00e7\u00e3o Superior: Evita a entrada de l\u00edquidos dentro do cal\u00e7ado pela parte superior.<\/p>\n<\/li>\n<li>\n<p class=\"paragraph\">Antiest\u00e1tico: Promove a liberta\u00e7\u00e3o da energia eletroest\u00e1tica acumulada.<\/p>\n<\/li>\n<li>\n<p class=\"paragraph\">Ventilado: Regula a temperatura e a humidade do p\u00e9.<\/p>\n<\/li>\n<\/ul>\n<\/div>\n<\/div>\n","protected":false},"excerpt":{"rendered":"<p>Um dos modelos mais procurados pelos nossos profissionais pela sua versatilidade, o suave tom dourado traz uma nova personalidade ao design contempor\u00e2neo dos sapatos de trabalho EVERLITE com palmilha. Trabalha leve, com agilidade, e confort\u00e1vel ao longo de todo o dia. De f\u00e1cil lavagem e anti est\u00e1tico, \u00e9 ideal para atividades nas quais os profissionais [&hellip;]<\/p>\n","protected":false},"featured_media":1845,"comment_status":"closed","ping_status":"closed","template":"","meta":{"_acf_changed":false,"jetpack_post_was_ever_published":false,"jetpack_publicize_message":"","jetpack_publicize_feature_enabled":true,"jetpack_social_post_already_shared":true,"jetpack_social_options":{"image_generator_settings":{"template":"highway","default_image_id":0,"font":"","enabled":false},"version":2}},"product_brand":[],"product_cat":[831],"product_tag":[627,620,388,621],"class_list":{"0":"post-1844","1":"product","2":"type-product","3":"status-publish","4":"has-post-thumbnail","6":"product_cat-wock","7":"product_tag-627","8":"product_tag-calcado","9":"product_tag-confortavel","10":"product_tag-profissional","12":"first","13":"instock","14":"shipping-taxable","15":"product-type-simple"},"acf":[],"jetpack_publicize_connections":[],"jetpack_sharing_enabled":true,"_links":{"self":[{"href":"https:\/\/ortoger.pt\/index.php?rest_route=\/wp\/v2\/product\/1844","targetHints":{"allow":["GET"]}}],"collection":[{"href":"https:\/\/ortoger.pt\/index.php?rest_route=\/wp\/v2\/product"}],"about":[{"href":"https:\/\/ortoger.pt\/index.php?rest_route=\/wp\/v2\/types\/product"}],"replies":[{"embeddable":true,"href":"https:\/\/ortoger.pt\/index.php?rest_route=%2Fwp%2Fv2%2Fcomments&post=1844"}],"wp:featuredmedia":[{"embeddable":true,"href":"https:\/\/ortoger.pt\/index.php?rest_route=\/wp\/v2\/media\/1845"}],"wp:attachment":[{"href":"https:\/\/ortoger.pt\/index.php?rest_route=%2Fwp%2Fv2%2Fmedia&parent=1844"}],"wp:term":[{"taxonomy":"product_brand","embeddable":true,"href":"https:\/\/ortoger.pt\/index.php?rest_route=%2Fwp%2Fv2%2Fproduct_brand&post=1844"},{"taxonomy":"product_cat","embeddable":true,"href":"https:\/\/ortoger.pt\/index.php?rest_route=%2Fwp%2Fv2%2Fproduct_cat&post=1844"},{"taxonomy":"product_tag","embeddable":true,"href":"https:\/\/ortoger.pt\/index.php?rest_route=%2Fwp%2Fv2%2Fproduct_tag&post=1844"}],"curies":[{"name":"wp","href":"https:\/\/api.w.org\/{rel}","templated":true}]}}