{"id":1816,"date":"2023-09-14T14:31:45","date_gmt":"2023-09-14T14:31:45","guid":{"rendered":"https:\/\/ortoger.pt\/?post_type=product&#038;p=1816"},"modified":"2023-09-14T14:31:46","modified_gmt":"2023-09-14T14:31:46","slug":"creme-pe-diabetico","status":"publish","type":"product","link":"https:\/\/ortoger.pt\/?product=creme-pe-diabetico","title":{"rendered":"Creme P\u00e9 Diab\u00e9tico"},"content":{"rendered":"<p>T\u00eam diabetes?<br \/>\nN\u00e3o sabe que creme utilizar nos seus p\u00e9s ?<br \/>\nAqui vou lhe dar o melhor exemplo.<br \/>\nEste creme \u00e9 indicado para p\u00e9s diab\u00e9ticos, mas qualquer pessoa o pode utilizar, mas ajuda ao p\u00e9 diab\u00e9tico a ficar mais saud\u00e1vel, trata e regenera os p\u00e9s extremamente secos e os calcanhares gretados.<br \/>\nAplique o creme duas vezes por dia, nos p\u00e9s limpos e secos.<br \/>\nN\u00e3o aplicar em feridas abertas nem entre os dedos em exagero .<br \/>\nN\u00e3o aplicar em crian\u00e7as com menor de 3 anos<\/p>\n<p>&nbsp;<\/p>\n","protected":false},"excerpt":{"rendered":"<p>T\u00eam diabetes? N\u00e3o sabe que creme utilizar nos seus p\u00e9s ? Aqui vou lhe dar o melhor exemplo. Este creme \u00e9 indicado para p\u00e9s diab\u00e9ticos, mas qualquer pessoa o pode utilizar, mas ajuda ao p\u00e9 diab\u00e9tico a ficar mais saud\u00e1vel, trata e regenera os p\u00e9s extremamente secos e os calcanhares gretados. Aplique o creme duas [&hellip;]<\/p>\n","protected":false},"featured_media":1817,"comment_status":"closed","ping_status":"closed","template":"","meta":{"_acf_changed":false,"jetpack_post_was_ever_published":false,"jetpack_publicize_message":"","jetpack_publicize_feature_enabled":true,"jetpack_social_post_already_shared":true,"jetpack_social_options":{"image_generator_settings":{"template":"highway","default_image_id":0,"font":"","enabled":false},"version":2}},"product_brand":[],"product_cat":[575],"product_tag":[485,595,607,606,577],"class_list":{"0":"post-1816","1":"product","2":"type-product","3":"status-publish","4":"has-post-thumbnail","6":"product_cat-podologia","7":"product_tag-creme","8":"product_tag-creme-hidratante","9":"product_tag-hidratante","10":"product_tag-pe-diabetico","11":"product_tag-pes","13":"first","14":"instock","15":"shipping-taxable","16":"product-type-simple"},"acf":[],"jetpack_publicize_connections":[],"jetpack_sharing_enabled":true,"_links":{"self":[{"href":"https:\/\/ortoger.pt\/index.php?rest_route=\/wp\/v2\/product\/1816","targetHints":{"allow":["GET"]}}],"collection":[{"href":"https:\/\/ortoger.pt\/index.php?rest_route=\/wp\/v2\/product"}],"about":[{"href":"https:\/\/ortoger.pt\/index.php?rest_route=\/wp\/v2\/types\/product"}],"replies":[{"embeddable":true,"href":"https:\/\/ortoger.pt\/index.php?rest_route=%2Fwp%2Fv2%2Fcomments&post=1816"}],"wp:featuredmedia":[{"embeddable":true,"href":"https:\/\/ortoger.pt\/index.php?rest_route=\/wp\/v2\/media\/1817"}],"wp:attachment":[{"href":"https:\/\/ortoger.pt\/index.php?rest_route=%2Fwp%2Fv2%2Fmedia&parent=1816"}],"wp:term":[{"taxonomy":"product_brand","embeddable":true,"href":"https:\/\/ortoger.pt\/index.php?rest_route=%2Fwp%2Fv2%2Fproduct_brand&post=1816"},{"taxonomy":"product_cat","embeddable":true,"href":"https:\/\/ortoger.pt\/index.php?rest_route=%2Fwp%2Fv2%2Fproduct_cat&post=1816"},{"taxonomy":"product_tag","embeddable":true,"href":"https:\/\/ortoger.pt\/index.php?rest_route=%2Fwp%2Fv2%2Fproduct_tag&post=1816"}],"curies":[{"name":"wp","href":"https:\/\/api.w.org\/{rel}","templated":true}]}}