{"id":1795,"date":"2023-09-14T13:03:53","date_gmt":"2023-09-14T13:03:53","guid":{"rendered":"https:\/\/ortoger.pt\/?post_type=product&#038;p=1795"},"modified":"2023-09-14T13:03:54","modified_gmt":"2023-09-14T13:03:54","slug":"protetor-de-hallux-valgus-em-gel-com-malha","status":"publish","type":"product","link":"https:\/\/ortoger.pt\/?product=protetor-de-hallux-valgus-em-gel-com-malha","title":{"rendered":"Protetor de Hallux Valgus em Gel com Malha"},"content":{"rendered":"<p style=\"font-weight: 400;\">O Protetor de Hallux Valgus em Gel pol\u00edmero\u00a0 com Malha, protege a proemin\u00eancia do Hallux Valgus (joanete) e alivia a press\u00e3o. Reduz a dor por diminuir a press\u00e3o e a fric\u00e7\u00e3o com o cal\u00e7ado. O seu desenho anat\u00f3mico e espessura fina, adapta-se facilmente ao p\u00e9. A malha ajuda manter o protetor no lugar correto.<\/p>\n<p style=\"font-weight: 400;\">\n<p style=\"font-weight: 400;\">Pode lavar a m\u00e3o com \u00e1gua e detergente neutro sem bicarbonato de s\u00f3dio para n\u00e3o danificar o gel nem a elasticidade da malha envolvente.<\/p>\n<p>&nbsp;<\/p>\n","protected":false},"excerpt":{"rendered":"<p>O Protetor de Hallux Valgus em Gel pol\u00edmero\u00a0 com Malha, protege a proemin\u00eancia do Hallux Valgus (joanete) e alivia a press\u00e3o. Reduz a dor por diminuir a press\u00e3o e a fric\u00e7\u00e3o com o cal\u00e7ado. O seu desenho anat\u00f3mico e espessura fina, adapta-se facilmente ao p\u00e9. A malha ajuda manter o protetor no lugar correto. Pode [&hellip;]<\/p>\n","protected":false},"featured_media":1796,"comment_status":"closed","ping_status":"closed","template":"","meta":{"_acf_changed":false,"jetpack_post_was_ever_published":false,"jetpack_publicize_message":"","jetpack_publicize_feature_enabled":true,"jetpack_social_post_already_shared":true,"jetpack_social_options":{"image_generator_settings":{"template":"highway","default_image_id":0,"font":"","enabled":false},"version":2}},"product_brand":[],"product_cat":[575],"product_tag":[591,578,287,593],"class_list":{"0":"post-1795","1":"product","2":"type-product","3":"status-publish","4":"has-post-thumbnail","6":"product_cat-podologia","7":"product_tag-hallux-valgus","8":"product_tag-joanete","9":"product_tag-pe","10":"product_tag-protecao-do-joanete","12":"first","13":"instock","14":"shipping-taxable","15":"product-type-simple"},"acf":[],"jetpack_publicize_connections":[],"jetpack_sharing_enabled":true,"_links":{"self":[{"href":"https:\/\/ortoger.pt\/index.php?rest_route=\/wp\/v2\/product\/1795","targetHints":{"allow":["GET"]}}],"collection":[{"href":"https:\/\/ortoger.pt\/index.php?rest_route=\/wp\/v2\/product"}],"about":[{"href":"https:\/\/ortoger.pt\/index.php?rest_route=\/wp\/v2\/types\/product"}],"replies":[{"embeddable":true,"href":"https:\/\/ortoger.pt\/index.php?rest_route=%2Fwp%2Fv2%2Fcomments&post=1795"}],"wp:featuredmedia":[{"embeddable":true,"href":"https:\/\/ortoger.pt\/index.php?rest_route=\/wp\/v2\/media\/1796"}],"wp:attachment":[{"href":"https:\/\/ortoger.pt\/index.php?rest_route=%2Fwp%2Fv2%2Fmedia&parent=1795"}],"wp:term":[{"taxonomy":"product_brand","embeddable":true,"href":"https:\/\/ortoger.pt\/index.php?rest_route=%2Fwp%2Fv2%2Fproduct_brand&post=1795"},{"taxonomy":"product_cat","embeddable":true,"href":"https:\/\/ortoger.pt\/index.php?rest_route=%2Fwp%2Fv2%2Fproduct_cat&post=1795"},{"taxonomy":"product_tag","embeddable":true,"href":"https:\/\/ortoger.pt\/index.php?rest_route=%2Fwp%2Fv2%2Fproduct_tag&post=1795"}],"curies":[{"name":"wp","href":"https:\/\/api.w.org\/{rel}","templated":true}]}}