{"id":1788,"date":"2023-09-14T11:34:22","date_gmt":"2023-09-14T11:34:22","guid":{"rendered":"https:\/\/ortoger.pt\/?post_type=product&#038;p=1788"},"modified":"2023-09-14T11:34:23","modified_gmt":"2023-09-14T11:34:23","slug":"banda-elastica-de-gel-polimero","status":"publish","type":"product","link":"https:\/\/ortoger.pt\/?product=banda-elastica-de-gel-polimero","title":{"rendered":"Banda el\u00e1stica de gel pol\u00edmero"},"content":{"rendered":"<p>Banda el\u00e1stica com almofada dos metargos , para alivio e conforto do antep\u00e9 e nas cabe\u00e7as metatarsais.\u00a0 Reduz a dor e a inflama\u00e7\u00e3o na zona.<br \/>\nPode ser lavada a m\u00e3o com detergente neutro que n\u00e3o contenha bicarbonato de s\u00f3dio para n\u00e3o danificar o gel nem a elasticidade da banda.<\/p>\n","protected":false},"excerpt":{"rendered":"<p>Banda el\u00e1stica com almofada dos metargos , para alivio e conforto do antep\u00e9 e nas cabe\u00e7as metatarsais.\u00a0 Reduz a dor e a inflama\u00e7\u00e3o na zona. Pode ser lavada a m\u00e3o com detergente neutro que n\u00e3o contenha bicarbonato de s\u00f3dio para n\u00e3o danificar o gel nem a elasticidade da banda.<\/p>\n","protected":false},"featured_media":1789,"comment_status":"closed","ping_status":"closed","template":"","meta":{"_acf_changed":false,"jetpack_post_was_ever_published":false,"jetpack_publicize_message":"","jetpack_publicize_feature_enabled":true,"jetpack_social_post_already_shared":true,"jetpack_social_options":{"image_generator_settings":{"template":"highway","default_image_id":0,"font":"","enabled":false},"version":2}},"product_brand":[],"product_cat":[575],"product_tag":[589,576,577],"class_list":{"0":"post-1788","1":"product","2":"type-product","3":"status-publish","4":"has-post-thumbnail","6":"product_cat-podologia","7":"product_tag-almofada-metatarsal","8":"product_tag-pedologia","9":"product_tag-pes","11":"first","12":"instock","13":"shipping-taxable","14":"product-type-simple"},"acf":[],"jetpack_publicize_connections":[],"jetpack_sharing_enabled":true,"_links":{"self":[{"href":"https:\/\/ortoger.pt\/index.php?rest_route=\/wp\/v2\/product\/1788","targetHints":{"allow":["GET"]}}],"collection":[{"href":"https:\/\/ortoger.pt\/index.php?rest_route=\/wp\/v2\/product"}],"about":[{"href":"https:\/\/ortoger.pt\/index.php?rest_route=\/wp\/v2\/types\/product"}],"replies":[{"embeddable":true,"href":"https:\/\/ortoger.pt\/index.php?rest_route=%2Fwp%2Fv2%2Fcomments&post=1788"}],"wp:featuredmedia":[{"embeddable":true,"href":"https:\/\/ortoger.pt\/index.php?rest_route=\/wp\/v2\/media\/1789"}],"wp:attachment":[{"href":"https:\/\/ortoger.pt\/index.php?rest_route=%2Fwp%2Fv2%2Fmedia&parent=1788"}],"wp:term":[{"taxonomy":"product_brand","embeddable":true,"href":"https:\/\/ortoger.pt\/index.php?rest_route=%2Fwp%2Fv2%2Fproduct_brand&post=1788"},{"taxonomy":"product_cat","embeddable":true,"href":"https:\/\/ortoger.pt\/index.php?rest_route=%2Fwp%2Fv2%2Fproduct_cat&post=1788"},{"taxonomy":"product_tag","embeddable":true,"href":"https:\/\/ortoger.pt\/index.php?rest_route=%2Fwp%2Fv2%2Fproduct_tag&post=1788"}],"curies":[{"name":"wp","href":"https:\/\/api.w.org\/{rel}","templated":true}]}}