{"id":1767,"date":"2023-09-14T10:19:35","date_gmt":"2023-09-14T10:19:35","guid":{"rendered":"https:\/\/ortoger.pt\/?post_type=product&#038;p=1767"},"modified":"2023-09-14T10:19:36","modified_gmt":"2023-09-14T10:19:36","slug":"calcanheira-em-silicone-plana-para-esporao-descarga-central","status":"publish","type":"product","link":"https:\/\/ortoger.pt\/?product=calcanheira-em-silicone-plana-para-esporao-descarga-central","title":{"rendered":"Calcanheira em Silicone Plana para Espor\u00e3o Descarga Central"},"content":{"rendered":"<p>Fabricadas em silicone viscoel\u00e1stico, amortece os pontos de carga tanto na posi\u00e7\u00e3o de marcha ou parado. Tem uma zona assim\u00e9trica de consist\u00eancia mais macia (Azul), que favorece a distribui\u00e7\u00e3o das cargas.<\/p>\n<p>&nbsp;<\/p>\n","protected":false},"excerpt":{"rendered":"<p>Fabricadas em silicone viscoel\u00e1stico, amortece os pontos de carga tanto na posi\u00e7\u00e3o de marcha ou parado. Tem uma zona assim\u00e9trica de consist\u00eancia mais macia (Azul), que favorece a distribui\u00e7\u00e3o das cargas. &nbsp;<\/p>\n","protected":false},"featured_media":1768,"comment_status":"closed","ping_status":"closed","template":"","meta":{"_acf_changed":false,"jetpack_post_was_ever_published":false,"jetpack_publicize_message":"","jetpack_publicize_feature_enabled":true,"jetpack_social_post_already_shared":true,"jetpack_social_options":{"image_generator_settings":{"template":"highway","default_image_id":0,"font":"","enabled":false},"version":2}},"product_brand":[],"product_cat":[575],"product_tag":[576,577],"class_list":{"0":"post-1767","1":"product","2":"type-product","3":"status-publish","4":"has-post-thumbnail","6":"product_cat-podologia","7":"product_tag-pedologia","8":"product_tag-pes","10":"first","11":"instock","12":"shipping-taxable","13":"product-type-simple"},"acf":[],"jetpack_publicize_connections":[],"jetpack_sharing_enabled":true,"_links":{"self":[{"href":"https:\/\/ortoger.pt\/index.php?rest_route=\/wp\/v2\/product\/1767","targetHints":{"allow":["GET"]}}],"collection":[{"href":"https:\/\/ortoger.pt\/index.php?rest_route=\/wp\/v2\/product"}],"about":[{"href":"https:\/\/ortoger.pt\/index.php?rest_route=\/wp\/v2\/types\/product"}],"replies":[{"embeddable":true,"href":"https:\/\/ortoger.pt\/index.php?rest_route=%2Fwp%2Fv2%2Fcomments&post=1767"}],"wp:featuredmedia":[{"embeddable":true,"href":"https:\/\/ortoger.pt\/index.php?rest_route=\/wp\/v2\/media\/1768"}],"wp:attachment":[{"href":"https:\/\/ortoger.pt\/index.php?rest_route=%2Fwp%2Fv2%2Fmedia&parent=1767"}],"wp:term":[{"taxonomy":"product_brand","embeddable":true,"href":"https:\/\/ortoger.pt\/index.php?rest_route=%2Fwp%2Fv2%2Fproduct_brand&post=1767"},{"taxonomy":"product_cat","embeddable":true,"href":"https:\/\/ortoger.pt\/index.php?rest_route=%2Fwp%2Fv2%2Fproduct_cat&post=1767"},{"taxonomy":"product_tag","embeddable":true,"href":"https:\/\/ortoger.pt\/index.php?rest_route=%2Fwp%2Fv2%2Fproduct_tag&post=1767"}],"curies":[{"name":"wp","href":"https:\/\/api.w.org\/{rel}","templated":true}]}}