{"id":1721,"date":"2023-09-07T17:56:05","date_gmt":"2023-09-07T17:56:05","guid":{"rendered":"https:\/\/ortoger.pt\/?post_type=product&#038;p=1721"},"modified":"2025-02-08T17:37:59","modified_gmt":"2025-02-08T17:37:59","slug":"posicionador-de-microbolas","status":"publish","type":"product","link":"https:\/\/ortoger.pt\/?product=posicionador-de-microbolas","title":{"rendered":"Posicionador de Microbolas"},"content":{"rendered":"<p>Almofada com forma de flutuador para posicionamento de membros, antebra\u00e7o, perna ou outro membro para a preven\u00e7\u00e3o de escaras. Almofada de posicionamento muito vers\u00e1til com enchimento de microesferas. Permite a coloca\u00e7\u00e3o em v\u00e1rias posi\u00e7\u00f5es.<\/p>\n","protected":false},"excerpt":{"rendered":"<p>Almofada com forma de flutuador para posicionamento de membros, antebra\u00e7o, perna ou outro membro para a preven\u00e7\u00e3o de escaras. Almofada de posicionamento muito vers\u00e1til com enchimento de microesferas. Permite a coloca\u00e7\u00e3o em v\u00e1rias posi\u00e7\u00f5es.<\/p>\n","protected":false},"featured_media":1722,"comment_status":"closed","ping_status":"closed","template":"","meta":{"_acf_changed":false,"jetpack_publicize_message":"","jetpack_publicize_feature_enabled":true,"jetpack_social_post_already_shared":true,"jetpack_social_options":{"image_generator_settings":{"template":"highway","default_image_id":0,"font":"","enabled":false},"version":2}},"product_brand":[],"product_cat":[780],"product_tag":[77,564,567],"class_list":{"0":"post-1721","1":"product","2":"type-product","3":"status-publish","4":"has-post-thumbnail","6":"product_cat-anti-escaras-e-posicionamento","7":"product_tag-almofada","8":"product_tag-almofada-de-posicionamento","9":"product_tag-almofada-multifuncoes","11":"first","12":"instock","13":"shipping-taxable","14":"product-type-simple"},"acf":[],"jetpack_publicize_connections":[],"jetpack_sharing_enabled":true,"_links":{"self":[{"href":"https:\/\/ortoger.pt\/index.php?rest_route=\/wp\/v2\/product\/1721","targetHints":{"allow":["GET"]}}],"collection":[{"href":"https:\/\/ortoger.pt\/index.php?rest_route=\/wp\/v2\/product"}],"about":[{"href":"https:\/\/ortoger.pt\/index.php?rest_route=\/wp\/v2\/types\/product"}],"replies":[{"embeddable":true,"href":"https:\/\/ortoger.pt\/index.php?rest_route=%2Fwp%2Fv2%2Fcomments&post=1721"}],"wp:featuredmedia":[{"embeddable":true,"href":"https:\/\/ortoger.pt\/index.php?rest_route=\/wp\/v2\/media\/1722"}],"wp:attachment":[{"href":"https:\/\/ortoger.pt\/index.php?rest_route=%2Fwp%2Fv2%2Fmedia&parent=1721"}],"wp:term":[{"taxonomy":"product_brand","embeddable":true,"href":"https:\/\/ortoger.pt\/index.php?rest_route=%2Fwp%2Fv2%2Fproduct_brand&post=1721"},{"taxonomy":"product_cat","embeddable":true,"href":"https:\/\/ortoger.pt\/index.php?rest_route=%2Fwp%2Fv2%2Fproduct_cat&post=1721"},{"taxonomy":"product_tag","embeddable":true,"href":"https:\/\/ortoger.pt\/index.php?rest_route=%2Fwp%2Fv2%2Fproduct_tag&post=1721"}],"curies":[{"name":"wp","href":"https:\/\/api.w.org\/{rel}","templated":true}]}}