{"id":1709,"date":"2023-09-07T16:53:15","date_gmt":"2023-09-07T16:53:15","guid":{"rendered":"https:\/\/ortoger.pt\/?post_type=product&#038;p=1709"},"modified":"2025-02-08T17:39:08","modified_gmt":"2025-02-08T17:39:08","slug":"almofada-cunha-20-40cm","status":"publish","type":"product","link":"https:\/\/ortoger.pt\/?product=almofada-cunha-20-40cm","title":{"rendered":"Almofada Cunha 20\/40CM"},"content":{"rendered":"<div id=\"page\">\n<div id=\"product-product\" class=\"container product-product\">\n<div class=\"row\">\n<div id=\"content\" class=\"col-sm-9\">\n<div class=\"row\">\n<div class=\"col-sm-12 product-tabs\">\n<div class=\"tab-content\">\n<div id=\"tab-description\" class=\"tab-pane active\">\n<p>A almofada triangular\u00a0 foi desenvolvida para servir v\u00e1rias necessidades, podendo fornecer apoio \u00e0 coluna e aos membros inferiores. O seu formato anat\u00f3mico permite suportar e elevar o tronco e a cabe\u00e7a, melhorando a postura do utilizador.<br \/>\n<strong>Fun\u00e7\u00e3o: <\/strong>Ao elevar a cabe\u00e7a, facilita a respira\u00e7\u00e3o e ajuda a abrir as vias respirat\u00f3rias, o que contribui para a redu\u00e7\u00e3o do ressonar e outros problemas respirat\u00f3rios. Ao apoiar o tronco, auxilia no processo de digest\u00e3o, ajudando no al\u00edvio de problemas digestivos como a azia e o refluxo g\u00e1strico, mantendo a coluna numa posi\u00e7\u00e3o confort\u00e1vel. Tamb\u00e9m pode ser utilizada para ler, comer ou relaxar na cama, eliminando a necessidade de sobrepor almofadas. A almofada triangular pode ainda ser usada para elevar as pernas, favorecendo o retorno venoso e auxiliando no al\u00edvio da sensa\u00e7\u00e3o de pernas pesadas e inchadas.<\/p>\n<p>&nbsp;<\/p>\n<\/div>\n<\/div>\n<\/div>\n<\/div>\n<\/div>\n<p>&nbsp;<\/p>\n<\/div>\n<\/div>\n<\/div>\n<footer>\n<div class=\"container\">\n<div class=\"footer-top\">\n<aside id=\"footer-top\" class=\"col-sm-12\">\n<div class=\"html-content\">\n<div class=\"box-content\">\n<div id=\"ttcmsfooterservice\">\n<div class=\"ttcmsfooterservice\">\n<div class=\"ttfooterservice\">\n<div class=\"trust-pay service-block-content col-sm-3 col-xs-3\"><\/div>\n<div class=\"easy-returns service-block-content col-sm-3 col-xs-3\">\n<div class=\"footer-service-img easy-returns-img\"><\/div>\n<div class=\"footer-service-desc\"><\/div>\n<\/div>\n<\/div>\n<\/div>\n<\/div>\n<\/div>\n<\/div>\n<\/aside>\n<\/div>\n<div class=\"footer-column footer-right-cms col-sm-3\">\n<aside id=\"footer-right\">\n<div class=\"html-content\">\n<div class=\"box-content\">\n<div class=\"contact-us\">\n<p>&nbsp;<\/p>\n<\/div>\n<\/div>\n<\/div>\n<\/aside>\n<\/div>\n<\/div>\n<\/footer>\n","protected":false},"excerpt":{"rendered":"<p>A almofada triangular\u00a0 foi desenvolvida para servir v\u00e1rias necessidades, podendo fornecer apoio \u00e0 coluna e aos membros inferiores. O seu formato anat\u00f3mico permite suportar e elevar o tronco e a cabe\u00e7a, melhorando a postura do utilizador. Fun\u00e7\u00e3o: Ao elevar a cabe\u00e7a, facilita a respira\u00e7\u00e3o e ajuda a abrir as vias respirat\u00f3rias, o que contribui para [&hellip;]<\/p>\n","protected":false},"featured_media":1710,"comment_status":"closed","ping_status":"closed","template":"","meta":{"_acf_changed":false,"jetpack_publicize_message":"","jetpack_publicize_feature_enabled":true,"jetpack_social_post_already_shared":true,"jetpack_social_options":{"image_generator_settings":{"template":"highway","default_image_id":0,"font":"","enabled":false},"version":2}},"product_brand":[],"product_cat":[780],"product_tag":[77,564,563],"class_list":{"0":"post-1709","1":"product","2":"type-product","3":"status-publish","4":"has-post-thumbnail","6":"product_cat-anti-escaras-e-posicionamento","7":"product_tag-almofada","8":"product_tag-almofada-de-posicionamento","9":"product_tag-cunha","11":"first","12":"instock","13":"shipping-taxable","14":"product-type-simple"},"acf":[],"jetpack_publicize_connections":[],"jetpack_sharing_enabled":true,"_links":{"self":[{"href":"https:\/\/ortoger.pt\/index.php?rest_route=\/wp\/v2\/product\/1709","targetHints":{"allow":["GET"]}}],"collection":[{"href":"https:\/\/ortoger.pt\/index.php?rest_route=\/wp\/v2\/product"}],"about":[{"href":"https:\/\/ortoger.pt\/index.php?rest_route=\/wp\/v2\/types\/product"}],"replies":[{"embeddable":true,"href":"https:\/\/ortoger.pt\/index.php?rest_route=%2Fwp%2Fv2%2Fcomments&post=1709"}],"wp:featuredmedia":[{"embeddable":true,"href":"https:\/\/ortoger.pt\/index.php?rest_route=\/wp\/v2\/media\/1710"}],"wp:attachment":[{"href":"https:\/\/ortoger.pt\/index.php?rest_route=%2Fwp%2Fv2%2Fmedia&parent=1709"}],"wp:term":[{"taxonomy":"product_brand","embeddable":true,"href":"https:\/\/ortoger.pt\/index.php?rest_route=%2Fwp%2Fv2%2Fproduct_brand&post=1709"},{"taxonomy":"product_cat","embeddable":true,"href":"https:\/\/ortoger.pt\/index.php?rest_route=%2Fwp%2Fv2%2Fproduct_cat&post=1709"},{"taxonomy":"product_tag","embeddable":true,"href":"https:\/\/ortoger.pt\/index.php?rest_route=%2Fwp%2Fv2%2Fproduct_tag&post=1709"}],"curies":[{"name":"wp","href":"https:\/\/api.w.org\/{rel}","templated":true}]}}