{"id":1699,"date":"2023-09-07T16:16:18","date_gmt":"2023-09-07T16:16:18","guid":{"rendered":"https:\/\/ortoger.pt\/?post_type=product&#038;p=1699"},"modified":"2025-02-08T17:54:41","modified_gmt":"2025-02-08T17:54:41","slug":"almofada-3-em-1","status":"publish","type":"product","link":"https:\/\/ortoger.pt\/?product=almofada-3-em-1","title":{"rendered":"Almofada 3 em 1"},"content":{"rendered":"<p>Esta almofada\u00a0 de fun\u00e7\u00f5es, t\u00eam almofada de pesco\u00e7o, rolo de pesco\u00e7o e almofada\u00a0 normal em um s\u00f3 artigo, \u00e9 leve e ideal para longas viagens.<br \/>\nUma almofada de micro esferas que garantem o ajuste perfeito da almofada ao formato de v\u00e1rias pessoas.<\/p>\n<p>&nbsp;<\/p>\n","protected":false},"excerpt":{"rendered":"<p>Esta almofada\u00a0 de fun\u00e7\u00f5es, t\u00eam almofada de pesco\u00e7o, rolo de pesco\u00e7o e almofada\u00a0 normal em um s\u00f3 artigo, \u00e9 leve e ideal para longas viagens. Uma almofada de micro esferas que garantem o ajuste perfeito da almofada ao formato de v\u00e1rias pessoas. &nbsp;<\/p>\n","protected":false},"featured_media":1700,"comment_status":"closed","ping_status":"closed","template":"","meta":{"_acf_changed":false,"jetpack_post_was_ever_published":false,"jetpack_publicize_message":"","jetpack_publicize_feature_enabled":true,"jetpack_social_post_already_shared":true,"jetpack_social_options":{"image_generator_settings":{"template":"highway","default_image_id":0,"font":"","enabled":false},"version":2}},"product_brand":[],"product_cat":[780],"product_tag":[77,482,398],"class_list":{"0":"post-1699","1":"product","2":"type-product","3":"status-publish","4":"has-post-thumbnail","6":"product_cat-anti-escaras-e-posicionamento","7":"product_tag-almofada","8":"product_tag-almofadas","9":"product_tag-posicionamento","11":"first","12":"instock","13":"shipping-taxable","14":"product-type-simple"},"acf":[],"jetpack_publicize_connections":[],"jetpack_sharing_enabled":true,"_links":{"self":[{"href":"https:\/\/ortoger.pt\/index.php?rest_route=\/wp\/v2\/product\/1699","targetHints":{"allow":["GET"]}}],"collection":[{"href":"https:\/\/ortoger.pt\/index.php?rest_route=\/wp\/v2\/product"}],"about":[{"href":"https:\/\/ortoger.pt\/index.php?rest_route=\/wp\/v2\/types\/product"}],"replies":[{"embeddable":true,"href":"https:\/\/ortoger.pt\/index.php?rest_route=%2Fwp%2Fv2%2Fcomments&post=1699"}],"wp:featuredmedia":[{"embeddable":true,"href":"https:\/\/ortoger.pt\/index.php?rest_route=\/wp\/v2\/media\/1700"}],"wp:attachment":[{"href":"https:\/\/ortoger.pt\/index.php?rest_route=%2Fwp%2Fv2%2Fmedia&parent=1699"}],"wp:term":[{"taxonomy":"product_brand","embeddable":true,"href":"https:\/\/ortoger.pt\/index.php?rest_route=%2Fwp%2Fv2%2Fproduct_brand&post=1699"},{"taxonomy":"product_cat","embeddable":true,"href":"https:\/\/ortoger.pt\/index.php?rest_route=%2Fwp%2Fv2%2Fproduct_cat&post=1699"},{"taxonomy":"product_tag","embeddable":true,"href":"https:\/\/ortoger.pt\/index.php?rest_route=%2Fwp%2Fv2%2Fproduct_tag&post=1699"}],"curies":[{"name":"wp","href":"https:\/\/api.w.org\/{rel}","templated":true}]}}