{"id":1696,"date":"2023-09-07T16:03:23","date_gmt":"2023-09-07T16:03:23","guid":{"rendered":"https:\/\/ortoger.pt\/?post_type=product&#038;p=1696"},"modified":"2025-02-08T17:54:54","modified_gmt":"2025-02-08T17:54:54","slug":"almofada-cervical-em-visco-formato-anatomico","status":"publish","type":"product","link":"https:\/\/ortoger.pt\/?product=almofada-cervical-em-visco-formato-anatomico","title":{"rendered":"Almofada Cervical em Visco formato anat\u00f3mico"},"content":{"rendered":"<p>A almofada, utiliza o calor do corpo para criar a sua impress\u00e3o morfol\u00f3gica. Alivia pontos de press\u00e3o e assegura uma posi\u00e7\u00e3o \u00f3tima e interativa nos seus movimentos noturnos.<\/p>\n","protected":false},"excerpt":{"rendered":"<p>A almofada, utiliza o calor do corpo para criar a sua impress\u00e3o morfol\u00f3gica. Alivia pontos de press\u00e3o e assegura uma posi\u00e7\u00e3o \u00f3tima e interativa nos seus movimentos noturnos.<\/p>\n","protected":false},"featured_media":1697,"comment_status":"closed","ping_status":"closed","template":"","meta":{"_acf_changed":false,"jetpack_publicize_message":"","jetpack_publicize_feature_enabled":true,"jetpack_social_post_already_shared":true,"jetpack_social_options":{"image_generator_settings":{"template":"highway","default_image_id":0,"font":"","enabled":false},"version":2}},"product_brand":[],"product_cat":[835],"product_tag":[77,557,558],"class_list":{"0":"post-1696","1":"product","2":"type-product","3":"status-publish","4":"has-post-thumbnail","6":"product_cat-almofadas-de-dormir","7":"product_tag-almofada","8":"product_tag-almofada-cervical","9":"product_tag-visco","11":"first","12":"instock","13":"shipping-taxable","14":"product-type-simple"},"acf":[],"jetpack_publicize_connections":[],"jetpack_sharing_enabled":true,"_links":{"self":[{"href":"https:\/\/ortoger.pt\/index.php?rest_route=\/wp\/v2\/product\/1696","targetHints":{"allow":["GET"]}}],"collection":[{"href":"https:\/\/ortoger.pt\/index.php?rest_route=\/wp\/v2\/product"}],"about":[{"href":"https:\/\/ortoger.pt\/index.php?rest_route=\/wp\/v2\/types\/product"}],"replies":[{"embeddable":true,"href":"https:\/\/ortoger.pt\/index.php?rest_route=%2Fwp%2Fv2%2Fcomments&post=1696"}],"wp:featuredmedia":[{"embeddable":true,"href":"https:\/\/ortoger.pt\/index.php?rest_route=\/wp\/v2\/media\/1697"}],"wp:attachment":[{"href":"https:\/\/ortoger.pt\/index.php?rest_route=%2Fwp%2Fv2%2Fmedia&parent=1696"}],"wp:term":[{"taxonomy":"product_brand","embeddable":true,"href":"https:\/\/ortoger.pt\/index.php?rest_route=%2Fwp%2Fv2%2Fproduct_brand&post=1696"},{"taxonomy":"product_cat","embeddable":true,"href":"https:\/\/ortoger.pt\/index.php?rest_route=%2Fwp%2Fv2%2Fproduct_cat&post=1696"},{"taxonomy":"product_tag","embeddable":true,"href":"https:\/\/ortoger.pt\/index.php?rest_route=%2Fwp%2Fv2%2Fproduct_tag&post=1696"}],"curies":[{"name":"wp","href":"https:\/\/api.w.org\/{rel}","templated":true}]}}