{"id":1690,"date":"2023-09-07T15:57:40","date_gmt":"2023-09-07T15:57:40","guid":{"rendered":"https:\/\/ortoger.pt\/?post_type=product&#038;p=1690"},"modified":"2025-02-08T17:55:15","modified_gmt":"2025-02-08T17:55:15","slug":"almofada-de-dormir-em-visco","status":"publish","type":"product","link":"https:\/\/ortoger.pt\/?product=almofada-de-dormir-em-visco","title":{"rendered":"Almofada de Dormir em Visco"},"content":{"rendered":"<p>A almofada\u00a0 utiliza o calor do corpo para criar a sua impress\u00e3o morfol\u00f3gica. Al\u00edvio de press\u00e3o da almofada garantem uma noite de sono tranquila e ajudam a aliviar problemas nas costas, pesco\u00e7o, circula\u00e7\u00e3o e dores nas articula\u00e7\u00f5es.<\/p>\n<p>&nbsp;<\/p>\n","protected":false},"excerpt":{"rendered":"<p>A almofada\u00a0 utiliza o calor do corpo para criar a sua impress\u00e3o morfol\u00f3gica. Al\u00edvio de press\u00e3o da almofada garantem uma noite de sono tranquila e ajudam a aliviar problemas nas costas, pesco\u00e7o, circula\u00e7\u00e3o e dores nas articula\u00e7\u00f5es. &nbsp;<\/p>\n","protected":false},"featured_media":1691,"comment_status":"closed","ping_status":"closed","template":"","meta":{"_acf_changed":false,"jetpack_publicize_message":"","jetpack_publicize_feature_enabled":true,"jetpack_social_post_already_shared":true,"jetpack_social_options":{"image_generator_settings":{"template":"highway","default_image_id":0,"font":"","enabled":false},"version":2}},"product_brand":[],"product_cat":[835],"product_tag":[459,557,482],"class_list":{"0":"post-1690","1":"product","2":"type-product","3":"status-publish","4":"has-post-thumbnail","6":"product_cat-almofadas-de-dormir","7":"product_tag-alivio-da-dor","8":"product_tag-almofada-cervical","9":"product_tag-almofadas","11":"first","12":"instock","13":"shipping-taxable","14":"product-type-simple"},"acf":[],"jetpack_publicize_connections":[],"jetpack_sharing_enabled":true,"_links":{"self":[{"href":"https:\/\/ortoger.pt\/index.php?rest_route=\/wp\/v2\/product\/1690","targetHints":{"allow":["GET"]}}],"collection":[{"href":"https:\/\/ortoger.pt\/index.php?rest_route=\/wp\/v2\/product"}],"about":[{"href":"https:\/\/ortoger.pt\/index.php?rest_route=\/wp\/v2\/types\/product"}],"replies":[{"embeddable":true,"href":"https:\/\/ortoger.pt\/index.php?rest_route=%2Fwp%2Fv2%2Fcomments&post=1690"}],"wp:featuredmedia":[{"embeddable":true,"href":"https:\/\/ortoger.pt\/index.php?rest_route=\/wp\/v2\/media\/1691"}],"wp:attachment":[{"href":"https:\/\/ortoger.pt\/index.php?rest_route=%2Fwp%2Fv2%2Fmedia&parent=1690"}],"wp:term":[{"taxonomy":"product_brand","embeddable":true,"href":"https:\/\/ortoger.pt\/index.php?rest_route=%2Fwp%2Fv2%2Fproduct_brand&post=1690"},{"taxonomy":"product_cat","embeddable":true,"href":"https:\/\/ortoger.pt\/index.php?rest_route=%2Fwp%2Fv2%2Fproduct_cat&post=1690"},{"taxonomy":"product_tag","embeddable":true,"href":"https:\/\/ortoger.pt\/index.php?rest_route=%2Fwp%2Fv2%2Fproduct_tag&post=1690"}],"curies":[{"name":"wp","href":"https:\/\/api.w.org\/{rel}","templated":true}]}}