{"id":1675,"date":"2023-09-07T14:50:16","date_gmt":"2023-09-07T14:50:16","guid":{"rendered":"https:\/\/ortoger.pt\/?post_type=product&#038;p=1675"},"modified":"2024-01-22T22:01:59","modified_gmt":"2024-01-22T22:01:59","slug":"calcanheiras-anti-escara-em-algodao","status":"publish","type":"product","link":"https:\/\/ortoger.pt\/?product=calcanheiras-anti-escara-em-algodao","title":{"rendered":"Calcanheiras anti escara em algod\u00e3o"},"content":{"rendered":"<p>Protege o calcanhar e previne escaras.<br \/>\n\u00c9 um protetor de calcanhar com velcros ajust\u00e1veis para conforto e prote\u00e7\u00e3o do utilizador. Enchimento almofadado.<br \/>\n\u00c9 em algod\u00e3o 100% no seu interior fibras silicatizadas.<br \/>\nRecomendamos a lavagem a m\u00e3o com detergente neutro,\u00a0 a n\u00e3o utiliza\u00e7\u00e3o de produtos abrasivos tais como a lixivia ; n\u00e3o recomendamos a limpeza a seco nem a utiliza\u00e7\u00e3o de escovas abrasivas.<\/p>\n<p>Evitar secar com exposi\u00e7\u00e3o direta a luz ou fostes de calor, n\u00e3o passar a ferro.<\/p>\n","protected":false},"excerpt":{"rendered":"<p>Protege o calcanhar e previne escaras. \u00c9 um protetor de calcanhar com velcros ajust\u00e1veis para conforto e prote\u00e7\u00e3o do utilizador. Enchimento almofadado. \u00c9 em algod\u00e3o 100% no seu interior fibras silicatizadas. Recomendamos a lavagem a m\u00e3o com detergente neutro,\u00a0 a n\u00e3o utiliza\u00e7\u00e3o de produtos abrasivos tais como a lixivia ; n\u00e3o recomendamos a limpeza a [&hellip;]<\/p>\n","protected":false},"featured_media":1677,"comment_status":"closed","ping_status":"closed","template":"","meta":{"_acf_changed":false,"jetpack_post_was_ever_published":false,"jetpack_publicize_message":"","jetpack_publicize_feature_enabled":true,"jetpack_social_post_already_shared":true,"jetpack_social_options":{"image_generator_settings":{"template":"highway","default_image_id":0,"font":"","enabled":false},"version":2}},"product_brand":[],"product_cat":[780,387],"product_tag":[652,85,550,781,552],"class_list":{"0":"post-1675","1":"product","2":"type-product","3":"status-publish","4":"has-post-thumbnail","6":"product_cat-anti-escaras-e-posicionamento","7":"product_cat-camas-e-colchoes","8":"product_tag-acamados","9":"product_tag-anti-escaras","10":"product_tag-calcanheiras","11":"product_tag-ferida","12":"product_tag-protecao-de-calcanhares","14":"first","15":"instock","16":"shipping-taxable","17":"product-type-simple"},"acf":[],"jetpack_publicize_connections":[],"jetpack_sharing_enabled":true,"_links":{"self":[{"href":"https:\/\/ortoger.pt\/index.php?rest_route=\/wp\/v2\/product\/1675","targetHints":{"allow":["GET"]}}],"collection":[{"href":"https:\/\/ortoger.pt\/index.php?rest_route=\/wp\/v2\/product"}],"about":[{"href":"https:\/\/ortoger.pt\/index.php?rest_route=\/wp\/v2\/types\/product"}],"replies":[{"embeddable":true,"href":"https:\/\/ortoger.pt\/index.php?rest_route=%2Fwp%2Fv2%2Fcomments&post=1675"}],"wp:featuredmedia":[{"embeddable":true,"href":"https:\/\/ortoger.pt\/index.php?rest_route=\/wp\/v2\/media\/1677"}],"wp:attachment":[{"href":"https:\/\/ortoger.pt\/index.php?rest_route=%2Fwp%2Fv2%2Fmedia&parent=1675"}],"wp:term":[{"taxonomy":"product_brand","embeddable":true,"href":"https:\/\/ortoger.pt\/index.php?rest_route=%2Fwp%2Fv2%2Fproduct_brand&post=1675"},{"taxonomy":"product_cat","embeddable":true,"href":"https:\/\/ortoger.pt\/index.php?rest_route=%2Fwp%2Fv2%2Fproduct_cat&post=1675"},{"taxonomy":"product_tag","embeddable":true,"href":"https:\/\/ortoger.pt\/index.php?rest_route=%2Fwp%2Fv2%2Fproduct_tag&post=1675"}],"curies":[{"name":"wp","href":"https:\/\/api.w.org\/{rel}","templated":true}]}}