{"id":1598,"date":"2023-09-02T17:34:53","date_gmt":"2023-09-02T17:34:53","guid":{"rendered":"https:\/\/ortoger.pt\/?post_type=product&#038;p=1598"},"modified":"2023-09-06T20:37:37","modified_gmt":"2023-09-06T20:37:37","slug":"ponteiras-para-bengalas-ou-canadianas","status":"publish","type":"product","link":"https:\/\/ortoger.pt\/?product=ponteiras-para-bengalas-ou-canadianas","title":{"rendered":"Ponteiras para bengalas ou canadianas"},"content":{"rendered":"<p>Para uma melhor seguran\u00e7a do utilizador de bengala ou canadiana recomendamos a substitui\u00e7\u00e3o das ponteiras sempre que necess\u00e1rio (que sinta escorregar, j\u00e1 tenham mudado de cor devido ao tempo de utiliza\u00e7\u00e3o, j\u00e1 tenham estalado)<br \/>\nExiste de todos os feitios tamanhos e formatos, sendo que s\u00e3o adapt\u00e1veis consoante o di\u00e2metro da canadiana ou bengala.<br \/>\nPode variar dos 17mm aos 28mm<\/p>\n","protected":false},"excerpt":{"rendered":"<p>Para uma melhor seguran\u00e7a do utilizador de bengala ou canadiana recomendamos a substitui\u00e7\u00e3o das ponteiras sempre que necess\u00e1rio (que sinta escorregar, j\u00e1 tenham mudado de cor devido ao tempo de utiliza\u00e7\u00e3o, j\u00e1 tenham estalado) Existe de todos os feitios tamanhos e formatos, sendo que s\u00e3o adapt\u00e1veis consoante o di\u00e2metro da canadiana ou bengala. Pode variar [&hellip;]<\/p>\n","protected":false},"featured_media":1599,"comment_status":"closed","ping_status":"closed","template":"","meta":{"_acf_changed":false,"jetpack_post_was_ever_published":false,"jetpack_publicize_message":"","jetpack_publicize_feature_enabled":true,"jetpack_social_post_already_shared":true,"jetpack_social_options":{"image_generator_settings":{"template":"highway","default_image_id":0,"font":"","enabled":false},"version":2}},"product_brand":[],"product_cat":[397],"product_tag":[522,404,236],"class_list":{"0":"post-1598","1":"product","2":"type-product","3":"status-publish","4":"has-post-thumbnail","6":"product_cat-canadianas-bengalas-tripes-e-ou-quadripes","7":"product_tag-bengala","8":"product_tag-canadiana","9":"product_tag-ponteiras","11":"first","12":"instock","13":"shipping-taxable","14":"product-type-simple"},"acf":[],"jetpack_publicize_connections":[],"jetpack_sharing_enabled":true,"_links":{"self":[{"href":"https:\/\/ortoger.pt\/index.php?rest_route=\/wp\/v2\/product\/1598","targetHints":{"allow":["GET"]}}],"collection":[{"href":"https:\/\/ortoger.pt\/index.php?rest_route=\/wp\/v2\/product"}],"about":[{"href":"https:\/\/ortoger.pt\/index.php?rest_route=\/wp\/v2\/types\/product"}],"replies":[{"embeddable":true,"href":"https:\/\/ortoger.pt\/index.php?rest_route=%2Fwp%2Fv2%2Fcomments&post=1598"}],"wp:featuredmedia":[{"embeddable":true,"href":"https:\/\/ortoger.pt\/index.php?rest_route=\/wp\/v2\/media\/1599"}],"wp:attachment":[{"href":"https:\/\/ortoger.pt\/index.php?rest_route=%2Fwp%2Fv2%2Fmedia&parent=1598"}],"wp:term":[{"taxonomy":"product_brand","embeddable":true,"href":"https:\/\/ortoger.pt\/index.php?rest_route=%2Fwp%2Fv2%2Fproduct_brand&post=1598"},{"taxonomy":"product_cat","embeddable":true,"href":"https:\/\/ortoger.pt\/index.php?rest_route=%2Fwp%2Fv2%2Fproduct_cat&post=1598"},{"taxonomy":"product_tag","embeddable":true,"href":"https:\/\/ortoger.pt\/index.php?rest_route=%2Fwp%2Fv2%2Fproduct_tag&post=1598"}],"curies":[{"name":"wp","href":"https:\/\/api.w.org\/{rel}","templated":true}]}}