{"id":1575,"date":"2023-09-01T15:21:16","date_gmt":"2023-09-01T15:21:16","guid":{"rendered":"https:\/\/ortoger.pt\/?post_type=product&#038;p=1575"},"modified":"2025-05-11T17:05:17","modified_gmt":"2025-05-11T17:05:17","slug":"calcador-de-meias-metalico","status":"publish","type":"product","link":"https:\/\/ortoger.pt\/?product=calcador-de-meias-metalico","title":{"rendered":"Cal\u00e7ador de Meias met\u00e1lico ( BUTLER)"},"content":{"rendered":"<p>O Butler \u00e9 uma cal\u00e7adeira para meias e mangas de compress\u00e3o medicinal. Alarga a malha de maneira a facilitar consideravelmente a entrada do p\u00e9, permite vestir sem esfor\u00e7o. .<\/p>\n<p>&nbsp;<\/p>\n","protected":false},"excerpt":{"rendered":"<p>O Butler \u00e9 uma cal\u00e7adeira para meias e mangas de compress\u00e3o medicinal. Alarga a malha de maneira a facilitar consideravelmente a entrada do p\u00e9, permite vestir sem esfor\u00e7o. . &nbsp;<\/p>\n","protected":false},"featured_media":2546,"comment_status":"closed","ping_status":"closed","template":"","meta":{"_acf_changed":false,"jetpack_post_was_ever_published":false,"jetpack_publicize_message":"","jetpack_publicize_feature_enabled":true,"jetpack_social_post_already_shared":true,"jetpack_social_options":{"image_generator_settings":{"template":"highway","default_image_id":0,"font":"","enabled":false},"version":2}},"product_brand":[],"product_cat":[494],"product_tag":[497,511,93],"class_list":{"0":"post-1575","1":"product","2":"type-product","3":"status-publish","4":"has-post-thumbnail","6":"product_cat-ajudas-tecnicas","7":"product_tag-ajuda","8":"product_tag-calcador-de-meias","9":"product_tag-meias","11":"first","12":"instock","13":"shipping-taxable","14":"product-type-simple"},"acf":[],"jetpack_publicize_connections":[],"jetpack_sharing_enabled":true,"_links":{"self":[{"href":"https:\/\/ortoger.pt\/index.php?rest_route=\/wp\/v2\/product\/1575","targetHints":{"allow":["GET"]}}],"collection":[{"href":"https:\/\/ortoger.pt\/index.php?rest_route=\/wp\/v2\/product"}],"about":[{"href":"https:\/\/ortoger.pt\/index.php?rest_route=\/wp\/v2\/types\/product"}],"replies":[{"embeddable":true,"href":"https:\/\/ortoger.pt\/index.php?rest_route=%2Fwp%2Fv2%2Fcomments&post=1575"}],"wp:featuredmedia":[{"embeddable":true,"href":"https:\/\/ortoger.pt\/index.php?rest_route=\/wp\/v2\/media\/2546"}],"wp:attachment":[{"href":"https:\/\/ortoger.pt\/index.php?rest_route=%2Fwp%2Fv2%2Fmedia&parent=1575"}],"wp:term":[{"taxonomy":"product_brand","embeddable":true,"href":"https:\/\/ortoger.pt\/index.php?rest_route=%2Fwp%2Fv2%2Fproduct_brand&post=1575"},{"taxonomy":"product_cat","embeddable":true,"href":"https:\/\/ortoger.pt\/index.php?rest_route=%2Fwp%2Fv2%2Fproduct_cat&post=1575"},{"taxonomy":"product_tag","embeddable":true,"href":"https:\/\/ortoger.pt\/index.php?rest_route=%2Fwp%2Fv2%2Fproduct_tag&post=1575"}],"curies":[{"name":"wp","href":"https:\/\/api.w.org\/{rel}","templated":true}]}}