{"id":1515,"date":"2023-08-29T14:08:09","date_gmt":"2023-08-29T14:08:09","guid":{"rendered":"https:\/\/ortoger.pt\/?post_type=product&#038;p=1515"},"modified":"2023-09-01T10:09:57","modified_gmt":"2023-09-01T10:09:57","slug":"almofada-termica-de-caroco-de-cereja","status":"publish","type":"product","link":"https:\/\/ortoger.pt\/?product=almofada-termica-de-caroco-de-cereja","title":{"rendered":"Almofada T\u00e9rmica de caro\u00e7o de cereja"},"content":{"rendered":"<p>Em uma substitui\u00e7\u00e3o as tradicionais sacos de \u00e1gua quente ou aos el\u00e9tricos ou mesmo os sacos de gelo mais tradicionais.<br \/>\nEste artigo t\u00eam o enchimento de caro\u00e7os de cereja, muito utlizados em reabilita\u00e7\u00e3o muscular.<\/p>\n<p>Quente: Ideal para relaxamento muscular, antes de uma massagem ou fisioterapia. Como rem\u00e9dio caseiro para as dores de costas, tens\u00e3o na nuca\/pesco\u00e7o, pris\u00e3o de ventre, perturba\u00e7\u00f5es menstruais.<\/p>\n<p>Frio: Tratamento de distens\u00f5es, contra\u00e7\u00f5es e inflama\u00e7\u00e3o de atrites, incha\u00e7o, dores de cabe\u00e7a, enxaquecas, problemas de circula\u00e7\u00e3o.<\/p>\n<p>Podendo ter v\u00e1rios tamanhos e formatos<\/p>\n","protected":false},"excerpt":{"rendered":"<p>Em uma substitui\u00e7\u00e3o as tradicionais sacos de \u00e1gua quente ou aos el\u00e9tricos ou mesmo os sacos de gelo mais tradicionais. Este artigo t\u00eam o enchimento de caro\u00e7os de cereja, muito utlizados em reabilita\u00e7\u00e3o muscular. Quente: Ideal para relaxamento muscular, antes de uma massagem ou fisioterapia. Como rem\u00e9dio caseiro para as dores de costas, tens\u00e3o na [&hellip;]<\/p>\n","protected":false},"featured_media":1516,"comment_status":"closed","ping_status":"closed","template":"","meta":{"_acf_changed":false,"jetpack_post_was_ever_published":false,"jetpack_publicize_message":"","jetpack_publicize_feature_enabled":true,"jetpack_social_post_already_shared":true,"jetpack_social_options":{"image_generator_settings":{"template":"highway","default_image_id":0,"font":"","enabled":false},"version":2}},"product_brand":[],"product_cat":[450],"product_tag":[459,481,474,483],"class_list":{"0":"post-1515","1":"product","2":"type-product","3":"status-publish","4":"has-post-thumbnail","6":"product_cat-reabilitacao","7":"product_tag-alivio-da-dor","8":"product_tag-frio","9":"product_tag-quente","10":"product_tag-quente-e-frio","12":"first","13":"instock","14":"shipping-taxable","15":"product-type-simple"},"acf":[],"jetpack_publicize_connections":[],"jetpack_sharing_enabled":true,"_links":{"self":[{"href":"https:\/\/ortoger.pt\/index.php?rest_route=\/wp\/v2\/product\/1515","targetHints":{"allow":["GET"]}}],"collection":[{"href":"https:\/\/ortoger.pt\/index.php?rest_route=\/wp\/v2\/product"}],"about":[{"href":"https:\/\/ortoger.pt\/index.php?rest_route=\/wp\/v2\/types\/product"}],"replies":[{"embeddable":true,"href":"https:\/\/ortoger.pt\/index.php?rest_route=%2Fwp%2Fv2%2Fcomments&post=1515"}],"wp:featuredmedia":[{"embeddable":true,"href":"https:\/\/ortoger.pt\/index.php?rest_route=\/wp\/v2\/media\/1516"}],"wp:attachment":[{"href":"https:\/\/ortoger.pt\/index.php?rest_route=%2Fwp%2Fv2%2Fmedia&parent=1515"}],"wp:term":[{"taxonomy":"product_brand","embeddable":true,"href":"https:\/\/ortoger.pt\/index.php?rest_route=%2Fwp%2Fv2%2Fproduct_brand&post=1515"},{"taxonomy":"product_cat","embeddable":true,"href":"https:\/\/ortoger.pt\/index.php?rest_route=%2Fwp%2Fv2%2Fproduct_cat&post=1515"},{"taxonomy":"product_tag","embeddable":true,"href":"https:\/\/ortoger.pt\/index.php?rest_route=%2Fwp%2Fv2%2Fproduct_tag&post=1515"}],"curies":[{"name":"wp","href":"https:\/\/api.w.org\/{rel}","templated":true}]}}