{"id":1497,"date":"2023-08-29T10:22:41","date_gmt":"2023-08-29T10:22:41","guid":{"rendered":"https:\/\/ortoger.pt\/?post_type=product&#038;p=1497"},"modified":"2023-08-29T10:22:41","modified_gmt":"2023-08-29T10:22:41","slug":"spray-de-gelo","status":"publish","type":"product","link":"https:\/\/ortoger.pt\/?product=spray-de-gelo","title":{"rendered":"Spray de Gelo"},"content":{"rendered":"<p>Este produto foi criado com finalidade de proporcionar frio instant\u00e2neo, muito eficaz no alivio da dor provocada na les\u00e3o, ele anestesia a zona por mec\u00e2nica do frio.<br \/>\nIndicado para pequenas pancadas, luxa\u00e7\u00f5es, entorses, cefaleias de tens\u00e3o.<br \/>\n<strong>Caracter\u00edsticas<\/strong>: Este produto \u00e9 bastante simples de utilizar, no entanto n\u00e3o deve ser aplicado em feridas abertas, em queimaduras.<br \/>\n<strong>Instru\u00e7\u00f5es de Utiliza\u00e7\u00e3o<\/strong>:<\/p>\n<p>1. Aplicar a uma dist\u00e2ncia m\u00ednima de 15-20 cm da pele e durante um tempo m\u00e1ximo de 3-4 segundo;<\/p>\n<p>2. Suspender a aplica\u00e7\u00e3o quando aparecer uma pelicula branca;<\/p>\n<p>3. Se necess\u00e1rio repetir a aplica\u00e7\u00e3o.<\/p>\n","protected":false},"excerpt":{"rendered":"<p>Este produto foi criado com finalidade de proporcionar frio instant\u00e2neo, muito eficaz no alivio da dor provocada na les\u00e3o, ele anestesia a zona por mec\u00e2nica do frio. Indicado para pequenas pancadas, luxa\u00e7\u00f5es, entorses, cefaleias de tens\u00e3o. Caracter\u00edsticas: Este produto \u00e9 bastante simples de utilizar, no entanto n\u00e3o deve ser aplicado em feridas abertas, em queimaduras. [&hellip;]<\/p>\n","protected":false},"featured_media":1498,"comment_status":"closed","ping_status":"closed","template":"","meta":{"_acf_changed":false,"jetpack_post_was_ever_published":false,"jetpack_publicize_message":"","jetpack_publicize_feature_enabled":true,"jetpack_social_post_already_shared":true,"jetpack_social_options":{"image_generator_settings":{"template":"highway","default_image_id":0,"font":"","enabled":false},"version":2}},"product_brand":[],"product_cat":[450],"product_tag":[459,476,453,475],"class_list":{"0":"post-1497","1":"product","2":"type-product","3":"status-publish","4":"has-post-thumbnail","6":"product_cat-reabilitacao","7":"product_tag-alivio-da-dor","8":"product_tag-dor-muscular","9":"product_tag-gelo","10":"product_tag-spray-frio","12":"first","13":"instock","14":"shipping-taxable","15":"product-type-simple"},"acf":[],"jetpack_publicize_connections":[],"jetpack_sharing_enabled":true,"_links":{"self":[{"href":"https:\/\/ortoger.pt\/index.php?rest_route=\/wp\/v2\/product\/1497","targetHints":{"allow":["GET"]}}],"collection":[{"href":"https:\/\/ortoger.pt\/index.php?rest_route=\/wp\/v2\/product"}],"about":[{"href":"https:\/\/ortoger.pt\/index.php?rest_route=\/wp\/v2\/types\/product"}],"replies":[{"embeddable":true,"href":"https:\/\/ortoger.pt\/index.php?rest_route=%2Fwp%2Fv2%2Fcomments&post=1497"}],"wp:featuredmedia":[{"embeddable":true,"href":"https:\/\/ortoger.pt\/index.php?rest_route=\/wp\/v2\/media\/1498"}],"wp:attachment":[{"href":"https:\/\/ortoger.pt\/index.php?rest_route=%2Fwp%2Fv2%2Fmedia&parent=1497"}],"wp:term":[{"taxonomy":"product_brand","embeddable":true,"href":"https:\/\/ortoger.pt\/index.php?rest_route=%2Fwp%2Fv2%2Fproduct_brand&post=1497"},{"taxonomy":"product_cat","embeddable":true,"href":"https:\/\/ortoger.pt\/index.php?rest_route=%2Fwp%2Fv2%2Fproduct_cat&post=1497"},{"taxonomy":"product_tag","embeddable":true,"href":"https:\/\/ortoger.pt\/index.php?rest_route=%2Fwp%2Fv2%2Fproduct_tag&post=1497"}],"curies":[{"name":"wp","href":"https:\/\/api.w.org\/{rel}","templated":true}]}}