{"id":1479,"date":"2023-08-28T19:11:47","date_gmt":"2023-08-28T19:11:47","guid":{"rendered":"https:\/\/ortoger.pt\/?post_type=product&#038;p=1479"},"modified":"2023-08-29T08:26:26","modified_gmt":"2023-08-29T08:26:26","slug":"pedaleira-para-recuperacao","status":"publish","type":"product","link":"https:\/\/ortoger.pt\/?product=pedaleira-para-recuperacao","title":{"rendered":"Pedaleira para recupera\u00e7\u00e3o"},"content":{"rendered":"<p>Uma pedaleira de recupera\u00e7\u00e3o de mobilidade tanto dos membros inferiores como superiores.<br \/>\nTanto d\u00e1 para ir exercitando as pernas em quanto assiste televis\u00e3o sentado numa cadeira como da para exercitar os bra\u00e7os com a pedaleira em cima de uma mesa em quanto conversa com o seu familiar.<br \/>\nPedaleira em alum\u00ednio desdobr\u00e1vel, com a vantagem de ser desdobr\u00e1vel e de f\u00e1cil arruma\u00e7\u00e3o.<br \/>\nP\u00e9 anti derrapante para uma maior efic\u00e1cia durante o exerc\u00edcio, adapt\u00e1vel em v\u00e1rias densidades.<\/p>\n","protected":false},"excerpt":{"rendered":"<p>Uma pedaleira de recupera\u00e7\u00e3o de mobilidade tanto dos membros inferiores como superiores. Tanto d\u00e1 para ir exercitando as pernas em quanto assiste televis\u00e3o sentado numa cadeira como da para exercitar os bra\u00e7os com a pedaleira em cima de uma mesa em quanto conversa com o seu familiar. Pedaleira em alum\u00ednio desdobr\u00e1vel, com a vantagem de [&hellip;]<\/p>\n","protected":false},"featured_media":1489,"comment_status":"closed","ping_status":"closed","template":"","meta":{"_acf_changed":false,"jetpack_post_was_ever_published":false,"jetpack_publicize_message":"","jetpack_publicize_feature_enabled":true,"jetpack_social_post_already_shared":true,"jetpack_social_options":{"image_generator_settings":{"template":"highway","default_image_id":0,"font":"","enabled":false},"version":2}},"product_brand":[],"product_cat":[450],"product_tag":[369,473,138],"class_list":{"0":"post-1479","1":"product","2":"type-product","3":"status-publish","4":"has-post-thumbnail","6":"product_cat-reabilitacao","7":"product_tag-leve","8":"product_tag-pedaleira","9":"product_tag-reabilitacao","11":"first","12":"instock","13":"shipping-taxable","14":"product-type-simple"},"acf":[],"jetpack_publicize_connections":[],"jetpack_sharing_enabled":true,"_links":{"self":[{"href":"https:\/\/ortoger.pt\/index.php?rest_route=\/wp\/v2\/product\/1479","targetHints":{"allow":["GET"]}}],"collection":[{"href":"https:\/\/ortoger.pt\/index.php?rest_route=\/wp\/v2\/product"}],"about":[{"href":"https:\/\/ortoger.pt\/index.php?rest_route=\/wp\/v2\/types\/product"}],"replies":[{"embeddable":true,"href":"https:\/\/ortoger.pt\/index.php?rest_route=%2Fwp%2Fv2%2Fcomments&post=1479"}],"wp:featuredmedia":[{"embeddable":true,"href":"https:\/\/ortoger.pt\/index.php?rest_route=\/wp\/v2\/media\/1489"}],"wp:attachment":[{"href":"https:\/\/ortoger.pt\/index.php?rest_route=%2Fwp%2Fv2%2Fmedia&parent=1479"}],"wp:term":[{"taxonomy":"product_brand","embeddable":true,"href":"https:\/\/ortoger.pt\/index.php?rest_route=%2Fwp%2Fv2%2Fproduct_brand&post=1479"},{"taxonomy":"product_cat","embeddable":true,"href":"https:\/\/ortoger.pt\/index.php?rest_route=%2Fwp%2Fv2%2Fproduct_cat&post=1479"},{"taxonomy":"product_tag","embeddable":true,"href":"https:\/\/ortoger.pt\/index.php?rest_route=%2Fwp%2Fv2%2Fproduct_tag&post=1479"}],"curies":[{"name":"wp","href":"https:\/\/api.w.org\/{rel}","templated":true}]}}