{"id":1455,"date":"2023-08-28T16:19:29","date_gmt":"2023-08-28T16:19:29","guid":{"rendered":"https:\/\/ortoger.pt\/?post_type=product&#038;p=1455"},"modified":"2023-08-28T16:19:29","modified_gmt":"2023-08-28T16:19:29","slug":"massa-terapeutica","status":"publish","type":"product","link":"https:\/\/ortoger.pt\/?product=massa-terapeutica","title":{"rendered":"Massa terap\u00eautica"},"content":{"rendered":"<h4>\u00c9 uma massa tipo plasticina com v\u00e1rias densidades (varia tamb\u00e9m as cores), \u00e9 uma terapia para os dedos e para a m\u00e3o. Recomendada para p\u00f3s cirurgias, ferimentos e doen\u00e7as reum\u00e1ticas. ajuda a manter ou a recuperar a mobilidade.<\/h4>\n<h4>Dispon\u00edvel em loja:<\/h4>\n<h4>&#8211; Amarela &#8211; soft<\/h4>\n<h4>&#8211; Vermelha &#8211; m\u00e9dio<\/h4>\n<h4>-Verde -Forte<\/h4>\n<h4>&#8211; Azul &#8211; extra forte<\/h4>\n","protected":false},"excerpt":{"rendered":"<p>\u00c9 uma massa tipo plasticina com v\u00e1rias densidades (varia tamb\u00e9m as cores), \u00e9 uma terapia para os dedos e para a m\u00e3o. Recomendada para p\u00f3s cirurgias, ferimentos e doen\u00e7as reum\u00e1ticas. ajuda a manter ou a recuperar a mobilidade. Dispon\u00edvel em loja: &#8211; Amarela &#8211; soft &#8211; Vermelha &#8211; m\u00e9dio -Verde -Forte &#8211; Azul &#8211; extra [&hellip;]<\/p>\n","protected":false},"featured_media":1456,"comment_status":"closed","ping_status":"closed","template":"","meta":{"_acf_changed":false,"jetpack_post_was_ever_published":false,"jetpack_publicize_message":"","jetpack_publicize_feature_enabled":true,"jetpack_social_post_already_shared":true,"jetpack_social_options":{"image_generator_settings":{"template":"highway","default_image_id":0,"font":"","enabled":false},"version":2}},"product_brand":[],"product_cat":[450],"product_tag":[467,466,465],"class_list":{"0":"post-1455","1":"product","2":"type-product","3":"status-publish","4":"has-post-thumbnail","6":"product_cat-reabilitacao","7":"product_tag-exercicio-de-mao","8":"product_tag-fisioterapia","9":"product_tag-massa-terapeutica","11":"first","12":"instock","13":"shipping-taxable","14":"product-type-simple"},"acf":[],"jetpack_publicize_connections":[],"jetpack_sharing_enabled":true,"_links":{"self":[{"href":"https:\/\/ortoger.pt\/index.php?rest_route=\/wp\/v2\/product\/1455","targetHints":{"allow":["GET"]}}],"collection":[{"href":"https:\/\/ortoger.pt\/index.php?rest_route=\/wp\/v2\/product"}],"about":[{"href":"https:\/\/ortoger.pt\/index.php?rest_route=\/wp\/v2\/types\/product"}],"replies":[{"embeddable":true,"href":"https:\/\/ortoger.pt\/index.php?rest_route=%2Fwp%2Fv2%2Fcomments&post=1455"}],"wp:featuredmedia":[{"embeddable":true,"href":"https:\/\/ortoger.pt\/index.php?rest_route=\/wp\/v2\/media\/1456"}],"wp:attachment":[{"href":"https:\/\/ortoger.pt\/index.php?rest_route=%2Fwp%2Fv2%2Fmedia&parent=1455"}],"wp:term":[{"taxonomy":"product_brand","embeddable":true,"href":"https:\/\/ortoger.pt\/index.php?rest_route=%2Fwp%2Fv2%2Fproduct_brand&post=1455"},{"taxonomy":"product_cat","embeddable":true,"href":"https:\/\/ortoger.pt\/index.php?rest_route=%2Fwp%2Fv2%2Fproduct_cat&post=1455"},{"taxonomy":"product_tag","embeddable":true,"href":"https:\/\/ortoger.pt\/index.php?rest_route=%2Fwp%2Fv2%2Fproduct_tag&post=1455"}],"curies":[{"name":"wp","href":"https:\/\/api.w.org\/{rel}","templated":true}]}}