{"id":1451,"date":"2023-08-28T15:39:02","date_gmt":"2023-08-28T15:39:02","guid":{"rendered":"https:\/\/ortoger.pt\/?post_type=product&#038;p=1451"},"modified":"2023-08-28T15:39:02","modified_gmt":"2023-08-28T15:39:02","slug":"bolas-de-reabilitacao-em-gel","status":"publish","type":"product","link":"https:\/\/ortoger.pt\/?product=bolas-de-reabilitacao-em-gel","title":{"rendered":"Bolas de reabilita\u00e7\u00e3o em gel"},"content":{"rendered":"<p>Este artigo \u00e9 indicado para a reabilita\u00e7\u00e3o dos movimentos da m\u00e3o, para exercitar a musculatura da m\u00e3o e antebra\u00e7o.<\/p>\n<p>Est\u00e3o dispon\u00edveis em 3 cores que variam as densidades ao apertar a bola em gel.<br \/>\nAzul &#8211; Suave \/ Verde -M\u00e9dio \/ Laranja &#8211; Forte<\/p>\n<p>&nbsp;<\/p>\n<p>&nbsp;<\/p>\n","protected":false},"excerpt":{"rendered":"<p>Este artigo \u00e9 indicado para a reabilita\u00e7\u00e3o dos movimentos da m\u00e3o, para exercitar a musculatura da m\u00e3o e antebra\u00e7o. Est\u00e3o dispon\u00edveis em 3 cores que variam as densidades ao apertar a bola em gel. Azul &#8211; Suave \/ Verde -M\u00e9dio \/ Laranja &#8211; Forte &nbsp; &nbsp;<\/p>\n","protected":false},"featured_media":1452,"comment_status":"closed","ping_status":"closed","template":"","meta":{"_acf_changed":false,"jetpack_post_was_ever_published":false,"jetpack_publicize_message":"","jetpack_publicize_feature_enabled":true,"jetpack_social_post_already_shared":true,"jetpack_social_options":{"image_generator_settings":{"template":"highway","default_image_id":0,"font":"","enabled":false},"version":2}},"product_brand":[],"product_cat":[450],"product_tag":[],"class_list":{"0":"post-1451","1":"product","2":"type-product","3":"status-publish","4":"has-post-thumbnail","6":"product_cat-reabilitacao","8":"first","9":"instock","10":"shipping-taxable","11":"product-type-simple"},"acf":[],"jetpack_publicize_connections":[],"jetpack_sharing_enabled":true,"_links":{"self":[{"href":"https:\/\/ortoger.pt\/index.php?rest_route=\/wp\/v2\/product\/1451","targetHints":{"allow":["GET"]}}],"collection":[{"href":"https:\/\/ortoger.pt\/index.php?rest_route=\/wp\/v2\/product"}],"about":[{"href":"https:\/\/ortoger.pt\/index.php?rest_route=\/wp\/v2\/types\/product"}],"replies":[{"embeddable":true,"href":"https:\/\/ortoger.pt\/index.php?rest_route=%2Fwp%2Fv2%2Fcomments&post=1451"}],"wp:featuredmedia":[{"embeddable":true,"href":"https:\/\/ortoger.pt\/index.php?rest_route=\/wp\/v2\/media\/1452"}],"wp:attachment":[{"href":"https:\/\/ortoger.pt\/index.php?rest_route=%2Fwp%2Fv2%2Fmedia&parent=1451"}],"wp:term":[{"taxonomy":"product_brand","embeddable":true,"href":"https:\/\/ortoger.pt\/index.php?rest_route=%2Fwp%2Fv2%2Fproduct_brand&post=1451"},{"taxonomy":"product_cat","embeddable":true,"href":"https:\/\/ortoger.pt\/index.php?rest_route=%2Fwp%2Fv2%2Fproduct_cat&post=1451"},{"taxonomy":"product_tag","embeddable":true,"href":"https:\/\/ortoger.pt\/index.php?rest_route=%2Fwp%2Fv2%2Fproduct_tag&post=1451"}],"curies":[{"name":"wp","href":"https:\/\/api.w.org\/{rel}","templated":true}]}}