{"id":1431,"date":"2023-08-28T12:11:00","date_gmt":"2023-08-28T12:11:00","guid":{"rendered":"https:\/\/ortoger.pt\/?post_type=product&#038;p=1431"},"modified":"2023-08-28T12:11:00","modified_gmt":"2023-08-28T12:11:00","slug":"t-e-n-s-digital","status":"publish","type":"product","link":"https:\/\/ortoger.pt\/?product=t-e-n-s-digital","title":{"rendered":"T.E.N.S digital"},"content":{"rendered":"<p>O T.E.N.S \u00e9 uma aparelho de fisioterapia que oferece 17 programas para selecionar, com d v\u00e1rias partes do corpo diferentes. \u00c9 uma estimula\u00e7\u00e3o el\u00e9trica nervosa transcut\u00e2nea, eficaz para o tratamento da dor, funciona passando sinais el\u00e9tricos absolutamente no interior do corpo\u00a0 a partir de el\u00e9trodos positivos e outros negativos. Oferecendo o al\u00edvio da dor.<\/p>\n<p>No interior da embalagem ir\u00e1 encontrar um manual com todas as diferentes possibilidades de tratamento paras as v\u00e1rias partes do corpo, e onde dever\u00e1 colocar os el\u00e9trodos (na pele seca e sem qualquer tipo de creme).<\/p>\n<p>O aparelho funciona a Pilhas\u00a0 AAA<\/p>\n<p>&nbsp;<\/p>\n<p>&nbsp;<\/p>\n<p>&nbsp;<\/p>\n<p>&nbsp;<\/p>\n<p>&nbsp;<\/p>\n<div class=\"col-md-6 col-12 mb-md-0 mb-3\">\n<p class=\"mb-2\">\n<p class=\"mb-2\">\n<\/div>\n<div class=\"col-md-6 col-12 mb-md-0 mb-3\">\n<figure data-layer-brand=\"MORETTI\"><figcaption class=\"mb-1\">&nbsp;<\/p>\n<\/figcaption><\/figure>\n<\/div>\n","protected":false},"excerpt":{"rendered":"<p>O T.E.N.S \u00e9 uma aparelho de fisioterapia que oferece 17 programas para selecionar, com d v\u00e1rias partes do corpo diferentes. \u00c9 uma estimula\u00e7\u00e3o el\u00e9trica nervosa transcut\u00e2nea, eficaz para o tratamento da dor, funciona passando sinais el\u00e9tricos absolutamente no interior do corpo\u00a0 a partir de el\u00e9trodos positivos e outros negativos. Oferecendo o al\u00edvio da dor. No [&hellip;]<\/p>\n","protected":false},"featured_media":1432,"comment_status":"closed","ping_status":"closed","template":"","meta":{"_acf_changed":false,"jetpack_post_was_ever_published":false,"jetpack_publicize_message":"","jetpack_publicize_feature_enabled":true,"jetpack_social_post_already_shared":true,"jetpack_social_options":{"image_generator_settings":{"template":"highway","default_image_id":0,"font":"","enabled":false},"version":2}},"product_brand":[],"product_cat":[450],"product_tag":[451,452],"class_list":{"0":"post-1431","1":"product","2":"type-product","3":"status-publish","4":"has-post-thumbnail","6":"product_cat-reabilitacao","7":"product_tag-aliviar-dor","8":"product_tag-tens","10":"first","11":"instock","12":"shipping-taxable","13":"product-type-simple"},"acf":[],"jetpack_publicize_connections":[],"jetpack_sharing_enabled":true,"_links":{"self":[{"href":"https:\/\/ortoger.pt\/index.php?rest_route=\/wp\/v2\/product\/1431","targetHints":{"allow":["GET"]}}],"collection":[{"href":"https:\/\/ortoger.pt\/index.php?rest_route=\/wp\/v2\/product"}],"about":[{"href":"https:\/\/ortoger.pt\/index.php?rest_route=\/wp\/v2\/types\/product"}],"replies":[{"embeddable":true,"href":"https:\/\/ortoger.pt\/index.php?rest_route=%2Fwp%2Fv2%2Fcomments&post=1431"}],"wp:featuredmedia":[{"embeddable":true,"href":"https:\/\/ortoger.pt\/index.php?rest_route=\/wp\/v2\/media\/1432"}],"wp:attachment":[{"href":"https:\/\/ortoger.pt\/index.php?rest_route=%2Fwp%2Fv2%2Fmedia&parent=1431"}],"wp:term":[{"taxonomy":"product_brand","embeddable":true,"href":"https:\/\/ortoger.pt\/index.php?rest_route=%2Fwp%2Fv2%2Fproduct_brand&post=1431"},{"taxonomy":"product_cat","embeddable":true,"href":"https:\/\/ortoger.pt\/index.php?rest_route=%2Fwp%2Fv2%2Fproduct_cat&post=1431"},{"taxonomy":"product_tag","embeddable":true,"href":"https:\/\/ortoger.pt\/index.php?rest_route=%2Fwp%2Fv2%2Fproduct_tag&post=1431"}],"curies":[{"name":"wp","href":"https:\/\/api.w.org\/{rel}","templated":true}]}}