{"id":1425,"date":"2023-08-28T10:18:19","date_gmt":"2023-08-28T10:18:19","guid":{"rendered":"https:\/\/ortoger.pt\/?post_type=product&#038;p=1425"},"modified":"2023-08-28T10:18:19","modified_gmt":"2023-08-28T10:18:19","slug":"termometro-digital-60-segundos","status":"publish","type":"product","link":"https:\/\/ortoger.pt\/?product=termometro-digital-60-segundos","title":{"rendered":"Term\u00f3metro digital 60 segundos"},"content":{"rendered":"<p>O term\u00f3metro digital premite\u00a0 obter uma leitura precisa da temperatura em segundos . \u00c9 seguro e f\u00e1cil de usar, de leitura f\u00e1cil. Ponta resist\u00eancia a \u00e1gua.<\/p>\n<p>Tipo de medi\u00e7\u00e3o: Oral \/ Axilar e\/ou Retal<\/p>\n<p>Tipo de bateria : Alcalina 1.5DC, com dura\u00e7\u00e3o de cerca de 200horas ; Memoriza a ultima medi\u00e7\u00e3o \u00baC<\/p>\n<p>Aconselha-se a guardar o aparelho em local seco.<\/p>\n<p>&nbsp;<\/p>\n","protected":false},"excerpt":{"rendered":"<p>O term\u00f3metro digital premite\u00a0 obter uma leitura precisa da temperatura em segundos . \u00c9 seguro e f\u00e1cil de usar, de leitura f\u00e1cil. Ponta resist\u00eancia a \u00e1gua. Tipo de medi\u00e7\u00e3o: Oral \/ Axilar e\/ou Retal Tipo de bateria : Alcalina 1.5DC, com dura\u00e7\u00e3o de cerca de 200horas ; Memoriza a ultima medi\u00e7\u00e3o \u00baC Aconselha-se a guardar [&hellip;]<\/p>\n","protected":false},"featured_media":1426,"comment_status":"closed","ping_status":"closed","template":"","meta":{"_acf_changed":false,"jetpack_post_was_ever_published":false,"jetpack_publicize_message":"","jetpack_publicize_feature_enabled":true,"jetpack_social_post_already_shared":true,"jetpack_social_options":{"image_generator_settings":{"template":"highway","default_image_id":0,"font":"","enabled":false},"version":2}},"product_brand":[],"product_cat":[422],"product_tag":[447,448],"class_list":{"0":"post-1425","1":"product","2":"type-product","3":"status-publish","4":"has-post-thumbnail","6":"product_cat-dispositivos-de-diagnostico","7":"product_tag-temperatura","8":"product_tag-termometro","10":"first","11":"instock","12":"shipping-taxable","13":"product-type-simple"},"acf":[],"jetpack_publicize_connections":[],"jetpack_sharing_enabled":true,"_links":{"self":[{"href":"https:\/\/ortoger.pt\/index.php?rest_route=\/wp\/v2\/product\/1425","targetHints":{"allow":["GET"]}}],"collection":[{"href":"https:\/\/ortoger.pt\/index.php?rest_route=\/wp\/v2\/product"}],"about":[{"href":"https:\/\/ortoger.pt\/index.php?rest_route=\/wp\/v2\/types\/product"}],"replies":[{"embeddable":true,"href":"https:\/\/ortoger.pt\/index.php?rest_route=%2Fwp%2Fv2%2Fcomments&post=1425"}],"wp:featuredmedia":[{"embeddable":true,"href":"https:\/\/ortoger.pt\/index.php?rest_route=\/wp\/v2\/media\/1426"}],"wp:attachment":[{"href":"https:\/\/ortoger.pt\/index.php?rest_route=%2Fwp%2Fv2%2Fmedia&parent=1425"}],"wp:term":[{"taxonomy":"product_brand","embeddable":true,"href":"https:\/\/ortoger.pt\/index.php?rest_route=%2Fwp%2Fv2%2Fproduct_brand&post=1425"},{"taxonomy":"product_cat","embeddable":true,"href":"https:\/\/ortoger.pt\/index.php?rest_route=%2Fwp%2Fv2%2Fproduct_cat&post=1425"},{"taxonomy":"product_tag","embeddable":true,"href":"https:\/\/ortoger.pt\/index.php?rest_route=%2Fwp%2Fv2%2Fproduct_tag&post=1425"}],"curies":[{"name":"wp","href":"https:\/\/api.w.org\/{rel}","templated":true}]}}