{"id":1423,"date":"2023-08-28T09:43:27","date_gmt":"2023-08-28T09:43:27","guid":{"rendered":"https:\/\/ortoger.pt\/?post_type=product&#038;p=1423"},"modified":"2023-08-28T09:43:27","modified_gmt":"2023-08-28T09:43:27","slug":"tensiometro-digital-de-braco","status":"publish","type":"product","link":"https:\/\/ortoger.pt\/?product=tensiometro-digital-de-braco","title":{"rendered":"Tens\u00edometro Digital de Bra\u00e7o"},"content":{"rendered":"<p>O tens\u00edometro digital de bra\u00e7o \u00e9 um medidor de tens\u00e3o arterial sist\u00f3lica( enquanto o cora\u00e7\u00e3o est\u00e1 se contrai e bombeia sangue em atividade) e diast\u00f3lica (enquanto se est\u00e1 em repouso).<br \/>\nO aparelho \u00e9 recomendado para a utiliza\u00e7\u00e3o em adultos e n\u00e3o em crian\u00e7as ou beb\u00e9s.<br \/>\nO aparelho ir\u00e1 registar a data \/ hora e a m\u00e1xima e m\u00ednima da sua tens\u00e3o arterial assim como o n\u00edvel de batimentos card\u00edacos por minutos, sempre que fizer a medi\u00e7\u00e3o. Demonstra um gr\u00e1fico lateral\u00a0 para descrever o estado a sua tens\u00e3o (\u00d3tima \/ Normal \/ M\u00e9dia &#8211; Alta \/ Hipertens\u00e3o ligeira \/ Hipertens\u00e3o moderada \/ Hipertens\u00e3o arterial grave )<br \/>\nTudo isto ira encontrar no manual de instru\u00e7\u00f5es em Portugu\u00eas.<br \/>\nA aplica\u00e7\u00e3o do aparelho deve ser feita no bra\u00e7o esquerdo com a bra\u00e7adeira na parte interna do bra\u00e7o (a zona onde fica o tubo ). De prefer\u00eancia sentado e no momento da medi\u00e7\u00e3o n\u00e3o existir comunica\u00e7\u00e3o. Para um melhor resultado.<\/p>\n","protected":false},"excerpt":{"rendered":"<p>O tens\u00edometro digital de bra\u00e7o \u00e9 um medidor de tens\u00e3o arterial sist\u00f3lica( enquanto o cora\u00e7\u00e3o est\u00e1 se contrai e bombeia sangue em atividade) e diast\u00f3lica (enquanto se est\u00e1 em repouso). O aparelho \u00e9 recomendado para a utiliza\u00e7\u00e3o em adultos e n\u00e3o em crian\u00e7as ou beb\u00e9s. O aparelho ir\u00e1 registar a data \/ hora e a [&hellip;]<\/p>\n","protected":false},"featured_media":1424,"comment_status":"closed","ping_status":"closed","template":"","meta":{"_acf_changed":false,"jetpack_post_was_ever_published":false,"jetpack_publicize_message":"","jetpack_publicize_feature_enabled":true,"jetpack_social_post_already_shared":true,"jetpack_social_options":{"image_generator_settings":{"template":"highway","default_image_id":0,"font":"","enabled":false},"version":2}},"product_brand":[],"product_cat":[422],"product_tag":[444,445,446],"class_list":{"0":"post-1423","1":"product","2":"type-product","3":"status-publish","4":"has-post-thumbnail","6":"product_cat-dispositivos-de-diagnostico","7":"product_tag-medidores-de-tensao","8":"product_tag-tensao-arterial-alta","9":"product_tag-tensiometro-digital","11":"first","12":"instock","13":"shipping-taxable","14":"product-type-simple"},"acf":[],"jetpack_publicize_connections":[],"jetpack_sharing_enabled":true,"_links":{"self":[{"href":"https:\/\/ortoger.pt\/index.php?rest_route=\/wp\/v2\/product\/1423","targetHints":{"allow":["GET"]}}],"collection":[{"href":"https:\/\/ortoger.pt\/index.php?rest_route=\/wp\/v2\/product"}],"about":[{"href":"https:\/\/ortoger.pt\/index.php?rest_route=\/wp\/v2\/types\/product"}],"replies":[{"embeddable":true,"href":"https:\/\/ortoger.pt\/index.php?rest_route=%2Fwp%2Fv2%2Fcomments&post=1423"}],"wp:featuredmedia":[{"embeddable":true,"href":"https:\/\/ortoger.pt\/index.php?rest_route=\/wp\/v2\/media\/1424"}],"wp:attachment":[{"href":"https:\/\/ortoger.pt\/index.php?rest_route=%2Fwp%2Fv2%2Fmedia&parent=1423"}],"wp:term":[{"taxonomy":"product_brand","embeddable":true,"href":"https:\/\/ortoger.pt\/index.php?rest_route=%2Fwp%2Fv2%2Fproduct_brand&post=1423"},{"taxonomy":"product_cat","embeddable":true,"href":"https:\/\/ortoger.pt\/index.php?rest_route=%2Fwp%2Fv2%2Fproduct_cat&post=1423"},{"taxonomy":"product_tag","embeddable":true,"href":"https:\/\/ortoger.pt\/index.php?rest_route=%2Fwp%2Fv2%2Fproduct_tag&post=1423"}],"curies":[{"name":"wp","href":"https:\/\/api.w.org\/{rel}","templated":true}]}}