{"id":1421,"date":"2023-08-28T09:22:17","date_gmt":"2023-08-28T09:22:17","guid":{"rendered":"https:\/\/ortoger.pt\/?post_type=product&#038;p=1421"},"modified":"2023-08-28T09:22:17","modified_gmt":"2023-08-28T09:22:17","slug":"oximetro-de-dedo","status":"publish","type":"product","link":"https:\/\/ortoger.pt\/?product=oximetro-de-dedo","title":{"rendered":"Ox\u00edmetro de Dedo"},"content":{"rendered":"<p>O Ox\u00edmetro de dedo \u00e9 utilizado para a medi\u00e7\u00e3o da satura\u00e7\u00e3o de oxig\u00e9nio no sangue, pela frequ\u00eancia card\u00edaca.<br \/>\n\u00c9 medido em percentagem (%).<\/p>\n<p>Utiliza\u00e7\u00e3o prevista para adultos ou crian\u00e7as.<\/p>\n","protected":false},"excerpt":{"rendered":"<p>O Ox\u00edmetro de dedo \u00e9 utilizado para a medi\u00e7\u00e3o da satura\u00e7\u00e3o de oxig\u00e9nio no sangue, pela frequ\u00eancia card\u00edaca. \u00c9 medido em percentagem (%). Utiliza\u00e7\u00e3o prevista para adultos ou crian\u00e7as.<\/p>\n","protected":false},"featured_media":1422,"comment_status":"closed","ping_status":"closed","template":"","meta":{"_acf_changed":false,"jetpack_post_was_ever_published":false,"jetpack_publicize_message":"","jetpack_publicize_feature_enabled":true,"jetpack_social_post_already_shared":true,"jetpack_social_options":{"image_generator_settings":{"template":"highway","default_image_id":0,"font":"","enabled":false},"version":2}},"product_brand":[],"product_cat":[422],"product_tag":[443,442],"class_list":{"0":"post-1421","1":"product","2":"type-product","3":"status-publish","4":"has-post-thumbnail","6":"product_cat-dispositivos-de-diagnostico","7":"product_tag-oxigenio-no-sangue","8":"product_tag-oximetro-de-dedo","10":"first","11":"instock","12":"shipping-taxable","13":"product-type-simple"},"acf":[],"jetpack_publicize_connections":[],"jetpack_sharing_enabled":true,"_links":{"self":[{"href":"https:\/\/ortoger.pt\/index.php?rest_route=\/wp\/v2\/product\/1421","targetHints":{"allow":["GET"]}}],"collection":[{"href":"https:\/\/ortoger.pt\/index.php?rest_route=\/wp\/v2\/product"}],"about":[{"href":"https:\/\/ortoger.pt\/index.php?rest_route=\/wp\/v2\/types\/product"}],"replies":[{"embeddable":true,"href":"https:\/\/ortoger.pt\/index.php?rest_route=%2Fwp%2Fv2%2Fcomments&post=1421"}],"wp:featuredmedia":[{"embeddable":true,"href":"https:\/\/ortoger.pt\/index.php?rest_route=\/wp\/v2\/media\/1422"}],"wp:attachment":[{"href":"https:\/\/ortoger.pt\/index.php?rest_route=%2Fwp%2Fv2%2Fmedia&parent=1421"}],"wp:term":[{"taxonomy":"product_brand","embeddable":true,"href":"https:\/\/ortoger.pt\/index.php?rest_route=%2Fwp%2Fv2%2Fproduct_brand&post=1421"},{"taxonomy":"product_cat","embeddable":true,"href":"https:\/\/ortoger.pt\/index.php?rest_route=%2Fwp%2Fv2%2Fproduct_cat&post=1421"},{"taxonomy":"product_tag","embeddable":true,"href":"https:\/\/ortoger.pt\/index.php?rest_route=%2Fwp%2Fv2%2Fproduct_tag&post=1421"}],"curies":[{"name":"wp","href":"https:\/\/api.w.org\/{rel}","templated":true}]}}