{"id":1418,"date":"2023-08-28T09:08:52","date_gmt":"2023-08-28T09:08:52","guid":{"rendered":"https:\/\/ortoger.pt\/?post_type=product&#038;p=1418"},"modified":"2023-08-28T09:09:52","modified_gmt":"2023-08-28T09:09:52","slug":"tensiometro-de-pulso","status":"publish","type":"product","link":"https:\/\/ortoger.pt\/?product=tensiometro-de-pulso","title":{"rendered":"Tensi\u00f3metro de pulso"},"content":{"rendered":"<p>O tensi\u00f3metro de pulso, \u00e9 um medidor de tens\u00f5es e de batimentos card\u00edacos.<br \/>\nDesenvolvido para a frequ\u00eancia Card\u00edaca de um adulto, n\u00e3o adequado para beb\u00e9s ou crian\u00e7a.<br \/>\nEste aparelho ir\u00e1 registar dia ap\u00f3s dia Data\/hora da sua press\u00e3o arterial a m\u00e1xima e a m\u00ednima assim como o seu batimento card\u00edaco no momento por minuto.<br \/>\nA coloca\u00e7\u00e3o do tensi\u00f3metro de pulso como o nome indica \u00e9 no pulso com o ecr\u00e3 virado para dentro (na zona do batimento card\u00edaco) como se de um rel\u00f3gio invertido de trata-se no bra\u00e7o esquerdo.<\/p>\n<p>No interior da caixa do aparelho t\u00eam um manual de instru\u00e7\u00f5es onde explica todas as funcionalidades do mesmo.<\/p>\n","protected":false},"excerpt":{"rendered":"<p>O tensi\u00f3metro de pulso, \u00e9 um medidor de tens\u00f5es e de batimentos card\u00edacos. Desenvolvido para a frequ\u00eancia Card\u00edaca de um adulto, n\u00e3o adequado para beb\u00e9s ou crian\u00e7a. Este aparelho ir\u00e1 registar dia ap\u00f3s dia Data\/hora da sua press\u00e3o arterial a m\u00e1xima e a m\u00ednima assim como o seu batimento card\u00edaco no momento por minuto. A [&hellip;]<\/p>\n","protected":false},"featured_media":1419,"comment_status":"closed","ping_status":"closed","template":"","meta":{"_acf_changed":false,"jetpack_post_was_ever_published":false,"jetpack_publicize_message":"","jetpack_publicize_feature_enabled":true,"jetpack_social_post_already_shared":true,"jetpack_social_options":{"image_generator_settings":{"template":"highway","default_image_id":0,"font":"","enabled":false},"version":2}},"product_brand":[],"product_cat":[422],"product_tag":[440,258,441],"class_list":{"0":"post-1418","1":"product","2":"type-product","3":"status-publish","4":"has-post-thumbnail","6":"product_cat-dispositivos-de-diagnostico","7":"product_tag-medidor-de-tensao","8":"product_tag-pulso","9":"product_tag-tensao-alta","11":"first","12":"instock","13":"shipping-taxable","14":"product-type-simple"},"acf":[],"jetpack_publicize_connections":[],"jetpack_sharing_enabled":true,"_links":{"self":[{"href":"https:\/\/ortoger.pt\/index.php?rest_route=\/wp\/v2\/product\/1418","targetHints":{"allow":["GET"]}}],"collection":[{"href":"https:\/\/ortoger.pt\/index.php?rest_route=\/wp\/v2\/product"}],"about":[{"href":"https:\/\/ortoger.pt\/index.php?rest_route=\/wp\/v2\/types\/product"}],"replies":[{"embeddable":true,"href":"https:\/\/ortoger.pt\/index.php?rest_route=%2Fwp%2Fv2%2Fcomments&post=1418"}],"wp:featuredmedia":[{"embeddable":true,"href":"https:\/\/ortoger.pt\/index.php?rest_route=\/wp\/v2\/media\/1419"}],"wp:attachment":[{"href":"https:\/\/ortoger.pt\/index.php?rest_route=%2Fwp%2Fv2%2Fmedia&parent=1418"}],"wp:term":[{"taxonomy":"product_brand","embeddable":true,"href":"https:\/\/ortoger.pt\/index.php?rest_route=%2Fwp%2Fv2%2Fproduct_brand&post=1418"},{"taxonomy":"product_cat","embeddable":true,"href":"https:\/\/ortoger.pt\/index.php?rest_route=%2Fwp%2Fv2%2Fproduct_cat&post=1418"},{"taxonomy":"product_tag","embeddable":true,"href":"https:\/\/ortoger.pt\/index.php?rest_route=%2Fwp%2Fv2%2Fproduct_tag&post=1418"}],"curies":[{"name":"wp","href":"https:\/\/api.w.org\/{rel}","templated":true}]}}