{"id":1370,"date":"2023-08-20T13:22:00","date_gmt":"2023-08-20T13:22:00","guid":{"rendered":"https:\/\/ortoger.pt\/?post_type=product&#038;p=1370"},"modified":"2023-08-20T13:22:01","modified_gmt":"2023-08-20T13:22:01","slug":"andarilho-fixo-dobravel","status":"publish","type":"product","link":"https:\/\/ortoger.pt\/?product=andarilho-fixo-dobravel","title":{"rendered":"Andarilho fixo dobr\u00e1vel"},"content":{"rendered":"<p>Feito em alum\u00ednio muito leve, f\u00e1cil de utilizar. Perfeito para um utilizador que tenha dificuldade em andar e precise de um apoio extra que seja est\u00e1vel e ofere\u00e7a seguran\u00e7a. \u00c9 tamb\u00e9m uma boa ajuda para se levantar e sentar do sof\u00e1 ou cama.<\/p>\n<p>Desdobr\u00e1vel para f\u00e1cil arruma\u00e7\u00e3o, muito robusto, regul\u00e1vel em altura.<\/p>\n","protected":false},"excerpt":{"rendered":"<p>Feito em alum\u00ednio muito leve, f\u00e1cil de utilizar. Perfeito para um utilizador que tenha dificuldade em andar e precise de um apoio extra que seja est\u00e1vel e ofere\u00e7a seguran\u00e7a. \u00c9 tamb\u00e9m uma boa ajuda para se levantar e sentar do sof\u00e1 ou cama. Desdobr\u00e1vel para f\u00e1cil arruma\u00e7\u00e3o, muito robusto, regul\u00e1vel em altura.<\/p>\n","protected":false},"featured_media":1371,"comment_status":"closed","ping_status":"closed","template":"","meta":{"_acf_changed":false,"jetpack_post_was_ever_published":false,"jetpack_publicize_message":"","jetpack_publicize_feature_enabled":true,"jetpack_social_post_already_shared":true,"jetpack_social_options":{"image_generator_settings":{"template":"highway","default_image_id":0,"font":"","enabled":false},"version":2}},"product_brand":[],"product_cat":[394],"product_tag":[221,115,367,403,396,369],"class_list":{"0":"post-1370","1":"product","2":"type-product","3":"status-publish","4":"has-post-thumbnail","6":"product_cat-andarilhos","7":"product_tag-aluminio","8":"product_tag-apoio","9":"product_tag-auxiliar-de-marcha","10":"product_tag-desdobravel","11":"product_tag-fixo","12":"product_tag-leve","14":"first","15":"instock","16":"shipping-taxable","17":"product-type-simple"},"acf":[],"jetpack_publicize_connections":[],"jetpack_sharing_enabled":true,"_links":{"self":[{"href":"https:\/\/ortoger.pt\/index.php?rest_route=\/wp\/v2\/product\/1370","targetHints":{"allow":["GET"]}}],"collection":[{"href":"https:\/\/ortoger.pt\/index.php?rest_route=\/wp\/v2\/product"}],"about":[{"href":"https:\/\/ortoger.pt\/index.php?rest_route=\/wp\/v2\/types\/product"}],"replies":[{"embeddable":true,"href":"https:\/\/ortoger.pt\/index.php?rest_route=%2Fwp%2Fv2%2Fcomments&post=1370"}],"wp:featuredmedia":[{"embeddable":true,"href":"https:\/\/ortoger.pt\/index.php?rest_route=\/wp\/v2\/media\/1371"}],"wp:attachment":[{"href":"https:\/\/ortoger.pt\/index.php?rest_route=%2Fwp%2Fv2%2Fmedia&parent=1370"}],"wp:term":[{"taxonomy":"product_brand","embeddable":true,"href":"https:\/\/ortoger.pt\/index.php?rest_route=%2Fwp%2Fv2%2Fproduct_brand&post=1370"},{"taxonomy":"product_cat","embeddable":true,"href":"https:\/\/ortoger.pt\/index.php?rest_route=%2Fwp%2Fv2%2Fproduct_cat&post=1370"},{"taxonomy":"product_tag","embeddable":true,"href":"https:\/\/ortoger.pt\/index.php?rest_route=%2Fwp%2Fv2%2Fproduct_tag&post=1370"}],"curies":[{"name":"wp","href":"https:\/\/api.w.org\/{rel}","templated":true}]}}