{"id":1353,"date":"2023-08-16T20:50:52","date_gmt":"2023-08-16T20:50:52","guid":{"rendered":"https:\/\/ortoger.pt\/?post_type=product&#038;p=1353"},"modified":"2023-08-16T20:50:52","modified_gmt":"2023-08-16T20:50:52","slug":"canadiana-punho-rigido","status":"publish","type":"product","link":"https:\/\/ortoger.pt\/?product=canadiana-punho-rigido","title":{"rendered":"Canadiana punho rigido"},"content":{"rendered":"<p>As canadianas s\u00e3o constitu\u00eddas por tubos em alum\u00ednio cor natural e aro e punho em termopl\u00e1stico.<br \/>\nElevada resist\u00eancia e baixo peso gra\u00e7as \u00e0 otimiza\u00e7\u00e3o dos elementos integrantes e \u00e0 qualidade do alum\u00ednio utilizado.<br \/>\n<strong>Especifica\u00e7\u00f5es t\u00e9cnicas:<\/strong><br \/>\nAltura m\u00ednima-m\u00e1xima: 90-115 cm<br \/>\nAltura do punho: 68-93 cm<br \/>\nAltura do punho ao aro: 22 cm<br \/>\nPeso m\u00e1ximo utilizador: 100 kg<br \/>\nPeso canadiana: 0,4 kg<\/p>\n","protected":false},"excerpt":{"rendered":"<p>As canadianas s\u00e3o constitu\u00eddas por tubos em alum\u00ednio cor natural e aro e punho em termopl\u00e1stico. Elevada resist\u00eancia e baixo peso gra\u00e7as \u00e0 otimiza\u00e7\u00e3o dos elementos integrantes e \u00e0 qualidade do alum\u00ednio utilizado. Especifica\u00e7\u00f5es t\u00e9cnicas: Altura m\u00ednima-m\u00e1xima: 90-115 cm Altura do punho: 68-93 cm Altura do punho ao aro: 22 cm Peso m\u00e1ximo utilizador: 100 [&hellip;]<\/p>\n","protected":false},"featured_media":1354,"comment_status":"closed","ping_status":"closed","template":"","meta":{"_acf_changed":false,"jetpack_post_was_ever_published":false,"jetpack_publicize_message":"","jetpack_publicize_feature_enabled":true,"jetpack_social_post_already_shared":true,"jetpack_social_options":{"image_generator_settings":{"template":"highway","default_image_id":0,"font":"","enabled":false},"version":2}},"product_brand":[],"product_cat":[229,397],"product_tag":[411,369],"class_list":{"0":"post-1353","1":"product","2":"type-product","3":"status-publish","4":"has-post-thumbnail","6":"product_cat-auxiliares-de-marcha","7":"product_cat-canadianas-bengalas-tripes-e-ou-quadripes","8":"product_tag-canadiana-simples","9":"product_tag-leve","11":"first","12":"instock","13":"shipping-taxable","14":"product-type-simple"},"acf":[],"jetpack_publicize_connections":[],"jetpack_sharing_enabled":true,"_links":{"self":[{"href":"https:\/\/ortoger.pt\/index.php?rest_route=\/wp\/v2\/product\/1353","targetHints":{"allow":["GET"]}}],"collection":[{"href":"https:\/\/ortoger.pt\/index.php?rest_route=\/wp\/v2\/product"}],"about":[{"href":"https:\/\/ortoger.pt\/index.php?rest_route=\/wp\/v2\/types\/product"}],"replies":[{"embeddable":true,"href":"https:\/\/ortoger.pt\/index.php?rest_route=%2Fwp%2Fv2%2Fcomments&post=1353"}],"wp:featuredmedia":[{"embeddable":true,"href":"https:\/\/ortoger.pt\/index.php?rest_route=\/wp\/v2\/media\/1354"}],"wp:attachment":[{"href":"https:\/\/ortoger.pt\/index.php?rest_route=%2Fwp%2Fv2%2Fmedia&parent=1353"}],"wp:term":[{"taxonomy":"product_brand","embeddable":true,"href":"https:\/\/ortoger.pt\/index.php?rest_route=%2Fwp%2Fv2%2Fproduct_brand&post=1353"},{"taxonomy":"product_cat","embeddable":true,"href":"https:\/\/ortoger.pt\/index.php?rest_route=%2Fwp%2Fv2%2Fproduct_cat&post=1353"},{"taxonomy":"product_tag","embeddable":true,"href":"https:\/\/ortoger.pt\/index.php?rest_route=%2Fwp%2Fv2%2Fproduct_tag&post=1353"}],"curies":[{"name":"wp","href":"https:\/\/api.w.org\/{rel}","templated":true}]}}