{"id":1318,"date":"2023-08-15T17:17:00","date_gmt":"2023-08-15T17:17:00","guid":{"rendered":"https:\/\/ortoger.pt\/?post_type=product&#038;p=1318"},"modified":"2023-08-16T11:35:55","modified_gmt":"2023-08-16T11:35:55","slug":"andarilho-fixo","status":"publish","type":"product","link":"https:\/\/ortoger.pt\/?product=andarilho-fixo","title":{"rendered":"Andarilho fixo"},"content":{"rendered":"<p><strong>Carater\u00edsticas t\u00e9cnicas:<\/strong><\/p>\n<ul>\n<li>Estrutura em alum\u00ednio.<\/li>\n<li>\u00a0Altura vari\u00e1vel: 75 a 85 cm.<\/li>\n<li>Peso: 1.5kg.<\/li>\n<li>Peso m\u00e1ximo do utilizador: 100 kg.<\/li>\n<\/ul>\n<p><strong>Dimens\u00f5es:<\/strong><\/p>\n<ul>\n<li>Largura total: 44cm<\/li>\n<li>Profundidade: 53cm<\/li>\n<li>Altura: 75-85cm<\/li>\n<\/ul>\n","protected":false},"excerpt":{"rendered":"<p>Carater\u00edsticas t\u00e9cnicas: Estrutura em alum\u00ednio. \u00a0Altura vari\u00e1vel: 75 a 85 cm. Peso: 1.5kg. Peso m\u00e1ximo do utilizador: 100 kg. Dimens\u00f5es: Largura total: 44cm Profundidade: 53cm Altura: 75-85cm<\/p>\n","protected":false},"featured_media":1319,"comment_status":"closed","ping_status":"closed","template":"","meta":{"_acf_changed":false,"jetpack_post_was_ever_published":false,"jetpack_publicize_message":"","jetpack_publicize_feature_enabled":true,"jetpack_social_post_already_shared":true,"jetpack_social_options":{"image_generator_settings":{"template":"highway","default_image_id":0,"font":"","enabled":false},"version":2}},"product_brand":[],"product_cat":[394,229],"product_tag":[221,395,396,369],"class_list":{"0":"post-1318","1":"product","2":"type-product","3":"status-publish","4":"has-post-thumbnail","6":"product_cat-andarilhos","7":"product_cat-auxiliares-de-marcha","8":"product_tag-aluminio","9":"product_tag-andarilho","10":"product_tag-fixo","11":"product_tag-leve","13":"first","14":"instock","15":"shipping-taxable","16":"product-type-simple"},"acf":[],"jetpack_publicize_connections":[],"jetpack_sharing_enabled":true,"_links":{"self":[{"href":"https:\/\/ortoger.pt\/index.php?rest_route=\/wp\/v2\/product\/1318","targetHints":{"allow":["GET"]}}],"collection":[{"href":"https:\/\/ortoger.pt\/index.php?rest_route=\/wp\/v2\/product"}],"about":[{"href":"https:\/\/ortoger.pt\/index.php?rest_route=\/wp\/v2\/types\/product"}],"replies":[{"embeddable":true,"href":"https:\/\/ortoger.pt\/index.php?rest_route=%2Fwp%2Fv2%2Fcomments&post=1318"}],"wp:featuredmedia":[{"embeddable":true,"href":"https:\/\/ortoger.pt\/index.php?rest_route=\/wp\/v2\/media\/1319"}],"wp:attachment":[{"href":"https:\/\/ortoger.pt\/index.php?rest_route=%2Fwp%2Fv2%2Fmedia&parent=1318"}],"wp:term":[{"taxonomy":"product_brand","embeddable":true,"href":"https:\/\/ortoger.pt\/index.php?rest_route=%2Fwp%2Fv2%2Fproduct_brand&post=1318"},{"taxonomy":"product_cat","embeddable":true,"href":"https:\/\/ortoger.pt\/index.php?rest_route=%2Fwp%2Fv2%2Fproduct_cat&post=1318"},{"taxonomy":"product_tag","embeddable":true,"href":"https:\/\/ortoger.pt\/index.php?rest_route=%2Fwp%2Fv2%2Fproduct_tag&post=1318"}],"curies":[{"name":"wp","href":"https:\/\/api.w.org\/{rel}","templated":true}]}}