{"id":1312,"date":"2023-08-15T15:47:01","date_gmt":"2023-08-15T15:47:01","guid":{"rendered":"https:\/\/ortoger.pt\/?post_type=product&#038;p=1312"},"modified":"2023-08-16T11:37:35","modified_gmt":"2023-08-16T11:37:35","slug":"colchao-em-espuma-hr-polyplot","status":"publish","type":"product","link":"https:\/\/ortoger.pt\/?product=colchao-em-espuma-hr-polyplot","title":{"rendered":"Colch\u00e3o em Espuma HR \u2013 Polyplot\u00ae"},"content":{"rendered":"<p>Colch\u00e3o em espuma apresenta uma performance e conforto da espuma de alta resili\u00eancia da SYST\u2019AM. Por ser moldada e apresentar elevada densidade (40 kg\/m<sup>3<\/sup>), assegura uma flexibilidade, conforto e toque suave duradouros.<\/p>\n<p><strong>Grande superf\u00edcie de parcelas<\/strong>: permite a maximiza\u00e7\u00e3o da superf\u00edcie de contacto entre o utilizador e o colch\u00e3o, reduzindo as press\u00f5es nas \u00e1reas de risco.<\/p>\n<p><strong>Independ\u00eancia e mobilidade das parcelas<\/strong>: reduzem significativamente os efeitos da fric\u00e7\u00e3o.<\/p>\n<p><strong>Canais de arejamento entre parcelas<\/strong>: contribui para a redu\u00e7\u00e3o dos efeitos de macera\u00e7\u00e3o atrav\u00e9s da melhoria da ventila\u00e7\u00e3o do colch\u00e3o.<\/p>\n","protected":false},"excerpt":{"rendered":"<p>Colch\u00e3o em espuma apresenta uma performance e conforto da espuma de alta resili\u00eancia da SYST\u2019AM. Por ser moldada e apresentar elevada densidade (40 kg\/m3), assegura uma flexibilidade, conforto e toque suave duradouros. Grande superf\u00edcie de parcelas: permite a maximiza\u00e7\u00e3o da superf\u00edcie de contacto entre o utilizador e o colch\u00e3o, reduzindo as press\u00f5es nas \u00e1reas de [&hellip;]<\/p>\n","protected":false},"featured_media":1313,"comment_status":"closed","ping_status":"closed","template":"","meta":{"_acf_changed":false,"jetpack_post_was_ever_published":false,"jetpack_publicize_message":"","jetpack_publicize_feature_enabled":true,"jetpack_social_post_already_shared":true,"jetpack_social_options":{"image_generator_settings":{"template":"highway","default_image_id":0,"font":"","enabled":false},"version":2}},"product_brand":[],"product_cat":[387],"product_tag":[389,388,88],"class_list":{"0":"post-1312","1":"product","2":"type-product","3":"status-publish","4":"has-post-thumbnail","6":"product_cat-camas-e-colchoes","7":"product_tag-colchao","8":"product_tag-confortavel","9":"product_tag-viscoelastico","11":"first","12":"instock","13":"shipping-taxable","14":"product-type-simple"},"acf":[],"jetpack_publicize_connections":[],"jetpack_sharing_enabled":true,"_links":{"self":[{"href":"https:\/\/ortoger.pt\/index.php?rest_route=\/wp\/v2\/product\/1312","targetHints":{"allow":["GET"]}}],"collection":[{"href":"https:\/\/ortoger.pt\/index.php?rest_route=\/wp\/v2\/product"}],"about":[{"href":"https:\/\/ortoger.pt\/index.php?rest_route=\/wp\/v2\/types\/product"}],"replies":[{"embeddable":true,"href":"https:\/\/ortoger.pt\/index.php?rest_route=%2Fwp%2Fv2%2Fcomments&post=1312"}],"wp:featuredmedia":[{"embeddable":true,"href":"https:\/\/ortoger.pt\/index.php?rest_route=\/wp\/v2\/media\/1313"}],"wp:attachment":[{"href":"https:\/\/ortoger.pt\/index.php?rest_route=%2Fwp%2Fv2%2Fmedia&parent=1312"}],"wp:term":[{"taxonomy":"product_brand","embeddable":true,"href":"https:\/\/ortoger.pt\/index.php?rest_route=%2Fwp%2Fv2%2Fproduct_brand&post=1312"},{"taxonomy":"product_cat","embeddable":true,"href":"https:\/\/ortoger.pt\/index.php?rest_route=%2Fwp%2Fv2%2Fproduct_cat&post=1312"},{"taxonomy":"product_tag","embeddable":true,"href":"https:\/\/ortoger.pt\/index.php?rest_route=%2Fwp%2Fv2%2Fproduct_tag&post=1312"}],"curies":[{"name":"wp","href":"https:\/\/api.w.org\/{rel}","templated":true}]}}